{"id":2441,"date":"2022-06-20T17:16:59","date_gmt":"2022-06-20T20:16:59","guid":{"rendered":"https:\/\/www.assetz.com.br\/pt\/?page_id=2441"},"modified":"2024-12-02T16:14:14","modified_gmt":"2024-12-02T19:14:14","slug":"ceo-on-finance","status":"publish","type":"page","link":"https:\/\/assetz.meest.com.br\/es\/conteudos\/ceo-on-finance\/","title":{"rendered":"CEO on Finance"},"content":{"rendered":"\n<p>Para comprender mejor la funci\u00f3n del CFO y el \u00e1rea de Finanzas dentro de las organizaciones, publicamos el &#8220;CEO on Finance&#8221;, editorial que consiste en conversaciones entre nuestros s\u00f3cios fundadores y un CEO invitado que comparte su trayectoria y aborda el papel y la importancia del \u00e1rea financiera en la compa\u00f1\u00eda.<\/p>\n","protected":false},"excerpt":{"rendered":"<p>Para comprender mejor la funci\u00f3n del CFO y el \u00e1rea de Finanzas dentro de las organizaciones, publicamos el &#8220;CEO on Finance&#8221;, editorial que consiste en conversaciones entre nuestros s\u00f3cios fundadores y un CEO invitado que comparte su trayectoria y aborda el papel y la importancia del \u00e1rea financiera en la compa\u00f1\u00eda.<\/p>\n","protected":false},"author":1,"featured_media":982,"parent":140,"menu_order":5,"comment_status":"closed","ping_status":"closed","template":"views\/template-lista-foto.blade.php","meta":{"footnotes":""},"class_list":["post-2441","page","type-page","status-publish","has-post-thumbnail","hentry"],"yoast_head":"<!-- This site is optimized with the Yoast SEO plugin v16.5 - https:\/\/yoast.com\/wordpress\/plugins\/seo\/ -->\n<title>CEO on Finance<\/title>\n<meta name=\"robots\" content=\"noindex, follow, max-snippet:-1, max-image-preview:large, max-video-preview:-1\" \/>\n<meta property=\"og:locale\" content=\"es_ES\" \/>\n<meta property=\"og:locale:alternate\" content=\"pt_BR\" \/>\n<meta property=\"og:locale:alternate\" content=\"en_US\" \/>\n<meta property=\"og:type\" content=\"article\" \/>\n<meta property=\"og:title\" content=\"CEO on Finance\" \/>\n<meta property=\"og:description\" content=\"Para comprender mejor la funci\u00f3n del CFO y el \u00e1rea de Finanzas dentro de las organizaciones, publicamos el &#8220;CEO on Finance&#8221;, editorial que consiste en conversaciones entre nuestros s\u00f3cios fundadores y un CEO invitado que comparte su trayectoria y aborda el papel y la importancia del \u00e1rea financiera en la compa\u00f1\u00eda.\" \/>\n<meta property=\"og:url\" content=\"https:\/\/assetz.meest.com.br\/es\/conteudos\/ceo-on-finance\/\" \/>\n<meta property=\"og:site_name\" content=\"Assetz\" \/>\n<meta property=\"article:modified_time\" content=\"2024-12-02T19:14:14+00:00\" \/>\n<meta property=\"og:image\" content=\"https:\/\/www.assetz.com.br\/app\/uploads\/2021\/06\/iStock-1208416222.jpg\" \/>\n\t<meta property=\"og:image:width\" content=\"2120\" \/>\n\t<meta property=\"og:image:height\" content=\"1414\" \/>\n<meta name=\"twitter:card\" content=\"summary_large_image\" \/>\n<meta name=\"twitter:label1\" content=\"Est. reading time\" \/>\n\t<meta name=\"twitter:data1\" content=\"1 minute\" \/>\n<script type=\"application\/ld+json\" class=\"yoast-schema-graph\">{\"@context\":\"https:\/\/schema.org\",\"@graph\":[{\"@type\":\"WebSite\",\"@id\":\"https:\/\/assetz.meest.com.br\/#website\",\"url\":\"https:\/\/assetz.meest.com.br\/\",\"name\":\"Assetz\",\"description\":\"Excelencia en Reclutamiento y Selecci\\u00f3n de Ejecutivos en Finanzas\",\"potentialAction\":[{\"@type\":\"SearchAction\",\"target\":\"https:\/\/assetz.meest.com.br\/?s={search_term_string}\",\"query-input\":\"required name=search_term_string\"}],\"inLanguage\":\"es-ES\"},{\"@type\":\"ImageObject\",\"@id\":\"https:\/\/assetz.meest.com.br\/es\/conteudos\/ceo-on-finance\/#primaryimage\",\"inLanguage\":\"es-ES\",\"url\":\"https:\/\/assetz.meest.com.br\/app\/uploads\/2021\/06\/iStock-1208416222.jpg\",\"contentUrl\":\"https:\/\/assetz.meest.com.br\/app\/uploads\/2021\/06\/iStock-1208416222.jpg\",\"width\":2120,\"height\":1414,\"caption\":\"[:pt]Reporter interviewing businessman seen on video camera display at office[:]\"},{\"@type\":\"WebPage\",\"@id\":\"https:\/\/assetz.meest.com.br\/es\/conteudos\/ceo-on-finance\/#webpage\",\"url\":\"https:\/\/assetz.meest.com.br\/es\/conteudos\/ceo-on-finance\/\",\"name\":\"[:pt]CEO on Finance[:] - Assetz\",\"isPartOf\":{\"@id\":\"https:\/\/assetz.meest.com.br\/#website\"},\"primaryImageOfPage\":{\"@id\":\"https:\/\/assetz.meest.com.br\/es\/conteudos\/ceo-on-finance\/#primaryimage\"},\"datePublished\":\"2022-06-20T20:16:59+00:00\",\"dateModified\":\"2024-12-02T19:14:14+00:00\",\"breadcrumb\":{\"@id\":\"https:\/\/assetz.meest.com.br\/es\/conteudos\/ceo-on-finance\/#breadcrumb\"},\"inLanguage\":\"es-ES\",\"potentialAction\":[{\"@type\":\"ReadAction\",\"target\":[\"https:\/\/assetz.meest.com.br\/es\/conteudos\/ceo-on-finance\/\"]}]},{\"@type\":\"BreadcrumbList\",\"@id\":\"https:\/\/assetz.meest.com.br\/es\/conteudos\/ceo-on-finance\/#breadcrumb\",\"itemListElement\":[{\"@type\":\"ListItem\",\"position\":1,\"name\":\"Home\",\"item\":\"https:\/\/assetz.meest.com.br\/pt\/\"},{\"@type\":\"ListItem\",\"position\":2,\"name\":\"Contenido\",\"item\":\"https:\/\/assetz.meest.com.br\/en\/conteudos\/\"},{\"@type\":\"ListItem\",\"position\":3,\"name\":\"CEO on Finance\"}]}]}<\/script>\n<!-- \/ Yoast SEO plugin. -->","_links":{"self":[{"href":"https:\/\/assetz.meest.com.br\/es\/wp-json\/wp\/v2\/pages\/2441","targetHints":{"allow":["GET"]}}],"collection":[{"href":"https:\/\/assetz.meest.com.br\/es\/wp-json\/wp\/v2\/pages"}],"about":[{"href":"https:\/\/assetz.meest.com.br\/es\/wp-json\/wp\/v2\/types\/page"}],"author":[{"embeddable":true,"href":"https:\/\/assetz.meest.com.br\/es\/wp-json\/wp\/v2\/users\/1"}],"replies":[{"embeddable":true,"href":"https:\/\/assetz.meest.com.br\/es\/wp-json\/wp\/v2\/comments?post=2441"}],"version-history":[{"count":15,"href":"https:\/\/assetz.meest.com.br\/es\/wp-json\/wp\/v2\/pages\/2441\/revisions"}],"predecessor-version":[{"id":4326,"href":"https:\/\/assetz.meest.com.br\/es\/wp-json\/wp\/v2\/pages\/2441\/revisions\/4326"}],"up":[{"embeddable":true,"href":"https:\/\/assetz.meest.com.br\/es\/wp-json\/wp\/v2\/pages\/140"}],"wp:featuredmedia":[{"embeddable":true,"href":"https:\/\/assetz.meest.com.br\/es\/wp-json\/wp\/v2\/media\/982"}],"wp:attachment":[{"href":"https:\/\/assetz.meest.com.br\/es\/wp-json\/wp\/v2\/media?parent=2441"}],"curies":[{"name":"wp","href":"https:\/\/api.w.org\/{rel}","templated":true}]}}