{"id":2538,"date":"2022-08-04T15:59:43","date_gmt":"2022-08-04T18:59:43","guid":{"rendered":"https:\/\/www.assetz.com.br\/pt\/?page_id=2538"},"modified":"2022-10-02T21:37:01","modified_gmt":"2022-10-03T00:37:01","slug":"ptprotecao-de-dadosendata-protectionesproteccion-de-datos","status":"publish","type":"page","link":"https:\/\/assetz.meest.com.br\/es\/institucional\/ptprotecao-de-dadosendata-protectionesproteccion-de-datos\/","title":{"rendered":"Protecci\u00f3n de Datos"},"content":{"rendered":"\n<h3 class=\"wp-block-heading\"><strong>\u00bfC\u00f3mo protege Assetz sus datos?<\/strong><\/h3>\n\n\n\n<p>Assetz es 100% compatible con Lei Org\u00e1nica de Protecci\u00f3n de Datos (LOPD) y sigue varias buenas pr\u00e1cticas de seguridad de la informaci\u00f3n para proteger sus datos.<\/p>\n\n\n\n<h3 class=\"wp-block-heading\"><strong>\u00bfQui\u00e9n es Assetz en el tratamiento de datos?<\/strong><\/h3>\n\n\n\n<p>Somos controladores de los datos personales que tenemos, o sea, informaci\u00f3n sobre las carreras de los Ejecutivos de Finanzas que acuden a nosotros. Somos controladores porque generalmente recopilamos datos directamente de los candidatos, gestionamos la comunicaci\u00f3n con ellos y determinamos qu\u00e9 informaci\u00f3n se recopila y c\u00f3mo se procesa.<\/p>\n\n\n\n<p>Con Assetz en el puesto de controlador, los candidatos encuentran una seguridad a\u00fan mayor, ya que pueden confiar en los altos est\u00e1ndares de seguridad de la informaci\u00f3n y en nuestra responsabilidad de procesamiento. Adem\u00e1s, nuestros clientes corporativos tambi\u00e9n se encuentran en una posici\u00f3n a\u00fan m\u00e1s segura, dado que las responsabilidades del procesamiento de datos personales son compartidas entre nosotros. La posici\u00f3n de Assetz como controlador de datos no elimina a nuestros clientes de su posici\u00f3n como controladores y los poderes que tienen sobre los datos que comparten con nosotros, si esta posici\u00f3n se les asigna por ley.<\/p>\n\n\n\n<h3 class=\"wp-block-heading\"><strong>Fundamentos de recolecci\u00f3n y procesamiento<\/strong><\/h3>\n\n\n\n<p>Para el tratamiento de datos personales, salvo situaciones espec\u00edficas que se\u00f1alamos en nuestra Pol\u00edtica de Privacidad, utilizamos la base legal del cumplimiento del contrato que tenemos con candidatos o con nuestros clientes corporativos. Es decir, utilizamos los datos \u00fanica y exclusivamente para ayudar a los candidatos a encontrar una vacante que se ajuste a su perfil. Los datos personales que recopilamos nunca se utilizan para otros fines, ni se comparten con terceros sin tener en cuenta esta base legal, como detallamos en nuestra pol\u00edtica.<\/p>\n\n\n\n<p>Comprometidos con su privacidad, Assetz no recibe bases de datos de terceros, ni comparte datos personales con ning\u00fan socio comercial, excepto si es estrictamente necesario para que usted participe en un proceso de selecci\u00f3n o situaci\u00f3n similar, y siempre en estricta conformidad con la cual est\u00e1 en nuestra Pol\u00edtica de Privacidad.<\/p>\n\n\n\n<p>Es posible que recopilemos informaci\u00f3n disponible p\u00fablicamente en la red social LinkedIn, pero en ese caso, solo la utilizaremos por su disponibilidad, es decir, su visibilidad para posibles empleadores. Adem\u00e1s, nunca buscaremos recopilar o almacenar datos confidenciales sobre usted.<\/p>\n\n\n\n<p>Assetz nunca procesar\u00e1 su informaci\u00f3n personal que no cumpla con las reglas mencionadas anteriormente. Por lo tanto, por ejemplo, no aceptamos curr\u00edculums enviados por terceros sin los mecanismos legales establecidos para garantizar que conoces y quieres que Assetz te ayude a encontrar una vacante.<\/p>\n\n\n\n<h3 class=\"wp-block-heading\"><strong>Tu seguridad y derechos<\/strong><\/h3>\n\n\n\n<p>Dentro de Assetz, todos los datos personales est\u00e1n protegidos con capas de seguridad tales como encriptaci\u00f3n en el almacenamiento y transmisi\u00f3n de datos, acceso por doble autenticaci\u00f3n, control de acceso utilizando el principio de &#8220;m\u00ednimo privilegio&#8221;, retenci\u00f3n de registros de acceso, entre otros.<\/p>\n\n\n\n<p>Usted podr\u00e1, en cualquier momento, ejercitar ante Assetz los derechos que le otorga la LOPD. Luego, envi\u00e1ndonos un correo electr\u00f3nico a la direcci\u00f3n que hemos se\u00f1alado anteriormente, puede solicitar que sus datos sean eliminados, corregidos o que le mostremos una copia de los mismos. La idea es asegurarle que conf\u00ede en nosotros con su informaci\u00f3n y darle siempre control total sobre lo que se hace con sus datos personales.<\/p>\n\n\n\n<h3 class=\"wp-block-heading\"><strong>\u00bfAssetz contrata operadores?<\/strong><\/h3>\n\n\n\n<p>En casos muy limitados, como se detalla en nuestra Pol\u00edtica de privacidad, s\u00ed. En resumen, y recordando que Assetz asume la responsabilidad de sus operadores, contratamos empresas vinculadas al almacenamiento de datos (Microsoft), comunicaci\u00f3n con candidatos (WhatsApp), y gesti\u00f3n de datos de candidaturas (ClockWork).<\/p>\n\n\n\n<p>Si desea obtener m\u00e1s informaci\u00f3n sobre c\u00f3mo se protege su informaci\u00f3n, lo invitamos a leer nuestra Pol\u00edtica de Privacidad <a href=\"https:\/\/www.assetz.com.br\/app\/uploads\/2022\/08\/Politica-de-Privacidade_Assetz.pdf\" target=\"_blank\" rel=\"noreferrer noopener\">descargando el material <\/a>o env\u00edenos un correo electr\u00f3nico a <a href=\"mailto:contato@assetz.com.br\">contato@assetz.com.br<\/a>.<\/p>\n","protected":false},"excerpt":{"rendered":"<p>\u00bfC\u00f3mo protege Assetz sus datos? Assetz es 100% compatible con Lei Org\u00e1nica de Protecci\u00f3n de Datos (LOPD) y sigue varias buenas pr\u00e1cticas de seguridad de la informaci\u00f3n para proteger sus datos. \u00bfQui\u00e9n es Assetz en el tratamiento de datos? Somos controladores de los datos personales que tenemos, o sea, informaci\u00f3n sobre las carreras de los &hellip; <a href=\"https:\/\/assetz.meest.com.br\/es\/institucional\/ptprotecao-de-dadosendata-protectionesproteccion-de-datos\/\">Continued<\/a><\/p>\n","protected":false},"author":1,"featured_media":1092,"parent":6,"menu_order":0,"comment_status":"closed","ping_status":"closed","template":"","meta":{"footnotes":""},"class_list":["post-2538","page","type-page","status-publish","has-post-thumbnail","hentry"],"yoast_head":"<!-- This site is optimized with the Yoast SEO plugin v16.5 - https:\/\/yoast.com\/wordpress\/plugins\/seo\/ -->\n<title>Protecci\u00f3n de Datos<\/title>\n<meta name=\"robots\" content=\"noindex, follow, max-snippet:-1, max-image-preview:large, max-video-preview:-1\" \/>\n<meta property=\"og:locale\" content=\"es_ES\" \/>\n<meta property=\"og:locale:alternate\" content=\"pt_BR\" \/>\n<meta property=\"og:locale:alternate\" content=\"en_US\" \/>\n<meta property=\"og:type\" content=\"article\" \/>\n<meta property=\"og:title\" content=\"Protecci\u00f3n de Datos\" \/>\n<meta property=\"og:description\" content=\"\u00bfC\u00f3mo protege Assetz sus datos? Assetz es 100% compatible con Lei Org\u00e1nica de Protecci\u00f3n de Datos (LOPD) y sigue varias buenas pr\u00e1cticas de seguridad de la informaci\u00f3n para proteger sus datos. \u00bfQui\u00e9n es Assetz en el tratamiento de datos? Somos controladores de los datos personales que tenemos, o sea, informaci\u00f3n sobre las carreras de los &hellip; Continued\" \/>\n<meta property=\"og:url\" content=\"https:\/\/assetz.meest.com.br\/es\/institucional\/ptprotecao-de-dadosendata-protectionesproteccion-de-datos\/\" \/>\n<meta property=\"og:site_name\" content=\"Assetz\" \/>\n<meta property=\"article:modified_time\" content=\"2022-10-03T00:37:01+00:00\" \/>\n<meta property=\"og:image\" content=\"https:\/\/www.assetz.com.br\/app\/uploads\/2021\/06\/iStock-1296539032.jpg\" \/>\n\t<meta property=\"og:image:width\" content=\"1454\" \/>\n\t<meta property=\"og:image:height\" content=\"818\" \/>\n<meta name=\"twitter:card\" content=\"summary_large_image\" \/>\n<meta name=\"twitter:label1\" content=\"Est. reading time\" \/>\n\t<meta name=\"twitter:data1\" content=\"3 minutes\" \/>\n<script type=\"application\/ld+json\" class=\"yoast-schema-graph\">{\"@context\":\"https:\/\/schema.org\",\"@graph\":[{\"@type\":\"WebSite\",\"@id\":\"https:\/\/assetz.meest.com.br\/#website\",\"url\":\"https:\/\/assetz.meest.com.br\/\",\"name\":\"Assetz\",\"description\":\"Excelencia en Reclutamiento y Selecci\\u00f3n de Ejecutivos en Finanzas\",\"potentialAction\":[{\"@type\":\"SearchAction\",\"target\":\"https:\/\/assetz.meest.com.br\/?s={search_term_string}\",\"query-input\":\"required name=search_term_string\"}],\"inLanguage\":\"es-ES\"},{\"@type\":\"ImageObject\",\"@id\":\"https:\/\/assetz.meest.com.br\/es\/institucional\/ptprotecao-de-dadosendata-protectionesproteccion-de-datos\/#primaryimage\",\"inLanguage\":\"es-ES\",\"url\":\"https:\/\/assetz.meest.com.br\/app\/uploads\/2021\/06\/iStock-1296539032.jpg\",\"contentUrl\":\"https:\/\/assetz.meest.com.br\/app\/uploads\/2021\/06\/iStock-1296539032.jpg\",\"width\":1454,\"height\":818,\"caption\":\"[:pt]Shot of a two confident business persons sitting on a desk in the office using laptop and digital tablet. African-american businesswoman using mobile phone during meeting in board room. Businessman and businesswoman in meeting discussing business strategy. Business coworkers working together in the office.[:]\"},{\"@type\":\"WebPage\",\"@id\":\"https:\/\/assetz.meest.com.br\/es\/institucional\/ptprotecao-de-dadosendata-protectionesproteccion-de-datos\/#webpage\",\"url\":\"https:\/\/assetz.meest.com.br\/es\/institucional\/ptprotecao-de-dadosendata-protectionesproteccion-de-datos\/\",\"name\":\"[:pt]Prote\\u00e7\\u00e3o de Dados[:en]Data Protection[:es]Protecci\\u00f3n de Datos[:] - Assetz\",\"isPartOf\":{\"@id\":\"https:\/\/assetz.meest.com.br\/#website\"},\"primaryImageOfPage\":{\"@id\":\"https:\/\/assetz.meest.com.br\/es\/institucional\/ptprotecao-de-dadosendata-protectionesproteccion-de-datos\/#primaryimage\"},\"datePublished\":\"2022-08-04T18:59:43+00:00\",\"dateModified\":\"2022-10-03T00:37:01+00:00\",\"breadcrumb\":{\"@id\":\"https:\/\/assetz.meest.com.br\/es\/institucional\/ptprotecao-de-dadosendata-protectionesproteccion-de-datos\/#breadcrumb\"},\"inLanguage\":\"es-ES\",\"potentialAction\":[{\"@type\":\"ReadAction\",\"target\":[\"https:\/\/assetz.meest.com.br\/es\/institucional\/ptprotecao-de-dadosendata-protectionesproteccion-de-datos\/\"]}]},{\"@type\":\"BreadcrumbList\",\"@id\":\"https:\/\/assetz.meest.com.br\/es\/institucional\/ptprotecao-de-dadosendata-protectionesproteccion-de-datos\/#breadcrumb\",\"itemListElement\":[{\"@type\":\"ListItem\",\"position\":1,\"name\":\"Home\",\"item\":\"https:\/\/assetz.meest.com.br\/pt\/\"},{\"@type\":\"ListItem\",\"position\":2,\"name\":\"Institucional\",\"item\":\"https:\/\/assetz.meest.com.br\/es\/institucional\/\"},{\"@type\":\"ListItem\",\"position\":3,\"name\":\"Prote\\u00e7\\u00e3o de Dados\"}]}]}<\/script>\n<!-- \/ Yoast SEO plugin. -->","_links":{"self":[{"href":"https:\/\/assetz.meest.com.br\/es\/wp-json\/wp\/v2\/pages\/2538","targetHints":{"allow":["GET"]}}],"collection":[{"href":"https:\/\/assetz.meest.com.br\/es\/wp-json\/wp\/v2\/pages"}],"about":[{"href":"https:\/\/assetz.meest.com.br\/es\/wp-json\/wp\/v2\/types\/page"}],"author":[{"embeddable":true,"href":"https:\/\/assetz.meest.com.br\/es\/wp-json\/wp\/v2\/users\/1"}],"replies":[{"embeddable":true,"href":"https:\/\/assetz.meest.com.br\/es\/wp-json\/wp\/v2\/comments?post=2538"}],"version-history":[{"count":36,"href":"https:\/\/assetz.meest.com.br\/es\/wp-json\/wp\/v2\/pages\/2538\/revisions"}],"predecessor-version":[{"id":2726,"href":"https:\/\/assetz.meest.com.br\/es\/wp-json\/wp\/v2\/pages\/2538\/revisions\/2726"}],"up":[{"embeddable":true,"href":"https:\/\/assetz.meest.com.br\/es\/wp-json\/wp\/v2\/pages\/6"}],"wp:featuredmedia":[{"embeddable":true,"href":"https:\/\/assetz.meest.com.br\/es\/wp-json\/wp\/v2\/media\/1092"}],"wp:attachment":[{"href":"https:\/\/assetz.meest.com.br\/es\/wp-json\/wp\/v2\/media?parent=2538"}],"curies":[{"name":"wp","href":"https:\/\/api.w.org\/{rel}","templated":true}]}}