{"id":359,"date":"2021-05-25T18:21:30","date_gmt":"2021-05-25T21:21:30","guid":{"rendered":"https:\/\/assetz.meest.com.br\/pt\/?page_id=359"},"modified":"2024-12-02T16:10:10","modified_gmt":"2024-12-02T19:10:10","slug":"artigos","status":"publish","type":"page","link":"https:\/\/assetz.meest.com.br\/es\/conteudos\/artigos\/","title":{"rendered":"Art\u00edculos"},"content":{"rendered":"\n<p>Con el fin de proporcionar contenidos de calidad para los profesionales de las Finanzas, peri\u00f3dicamente publicamos, con la contribuci\u00f3n de ejecutivos destacados en el mercado brasile\u00f1o, art\u00edculos que abordan temas de gran relevancia para el desarrollo de carrera en el \u00e1rea financiera.<\/p>\n","protected":false},"excerpt":{"rendered":"<p>Con el fin de proporcionar contenidos de calidad para los profesionales de las Finanzas, peri\u00f3dicamente publicamos, con la contribuci\u00f3n de ejecutivos destacados en el mercado brasile\u00f1o, art\u00edculos que abordan temas de gran relevancia para el desarrollo de carrera en el \u00e1rea financiera.<\/p>\n","protected":false},"author":1,"featured_media":362,"parent":140,"menu_order":2,"comment_status":"closed","ping_status":"closed","template":"views\/template-lista-simples.blade.php","meta":{"footnotes":""},"class_list":["post-359","page","type-page","status-publish","has-post-thumbnail","hentry"],"yoast_head":"<!-- This site is optimized with the Yoast SEO plugin v16.5 - https:\/\/yoast.com\/wordpress\/plugins\/seo\/ -->\n<title>Art\u00edculos<\/title>\n<meta name=\"robots\" content=\"noindex, follow, max-snippet:-1, max-image-preview:large, max-video-preview:-1\" \/>\n<meta property=\"og:locale\" content=\"es_ES\" \/>\n<meta property=\"og:locale:alternate\" content=\"pt_BR\" \/>\n<meta property=\"og:locale:alternate\" content=\"en_US\" \/>\n<meta property=\"og:type\" content=\"article\" \/>\n<meta property=\"og:title\" content=\"Art\u00edculos\" \/>\n<meta property=\"og:description\" content=\"Con el fin de proporcionar contenidos de calidad para los profesionales de las Finanzas, peri\u00f3dicamente publicamos, con la contribuci\u00f3n de ejecutivos destacados en el mercado brasile\u00f1o, art\u00edculos que abordan temas de gran relevancia para el desarrollo de carrera en el \u00e1rea financiera.\" \/>\n<meta property=\"og:url\" content=\"https:\/\/assetz.meest.com.br\/es\/conteudos\/artigos\/\" \/>\n<meta property=\"og:site_name\" content=\"Assetz\" \/>\n<meta property=\"article:modified_time\" content=\"2024-12-02T19:10:10+00:00\" \/>\n<meta property=\"og:image\" content=\"https:\/\/www.assetz.com.br\/app\/uploads\/2021\/05\/assetz-conteudos-artigos__.png\" \/>\n\t<meta property=\"og:image:width\" content=\"1920\" \/>\n\t<meta property=\"og:image:height\" content=\"1375\" \/>\n<meta name=\"twitter:card\" content=\"summary_large_image\" \/>\n<meta name=\"twitter:label1\" content=\"Est. reading time\" \/>\n\t<meta name=\"twitter:data1\" content=\"1 minute\" \/>\n<script type=\"application\/ld+json\" class=\"yoast-schema-graph\">{\"@context\":\"https:\/\/schema.org\",\"@graph\":[{\"@type\":\"WebSite\",\"@id\":\"https:\/\/assetz.meest.com.br\/#website\",\"url\":\"https:\/\/assetz.meest.com.br\/\",\"name\":\"Assetz\",\"description\":\"Excelencia en Reclutamiento y Selecci\\u00f3n de Ejecutivos en Finanzas\",\"potentialAction\":[{\"@type\":\"SearchAction\",\"target\":\"https:\/\/assetz.meest.com.br\/?s={search_term_string}\",\"query-input\":\"required name=search_term_string\"}],\"inLanguage\":\"es-ES\"},{\"@type\":\"ImageObject\",\"@id\":\"https:\/\/assetz.meest.com.br\/es\/conteudos\/artigos\/#primaryimage\",\"inLanguage\":\"es-ES\",\"url\":\"https:\/\/assetz.meest.com.br\/app\/uploads\/2021\/05\/assetz-conteudos-artigos__.png\",\"contentUrl\":\"https:\/\/assetz.meest.com.br\/app\/uploads\/2021\/05\/assetz-conteudos-artigos__.png\",\"width\":1920,\"height\":1375},{\"@type\":\"WebPage\",\"@id\":\"https:\/\/assetz.meest.com.br\/es\/conteudos\/artigos\/#webpage\",\"url\":\"https:\/\/assetz.meest.com.br\/es\/conteudos\/artigos\/\",\"name\":\"[:pt]Artigos[:en]Articles[:es]Art\\u00edculos[:] - Assetz\",\"isPartOf\":{\"@id\":\"https:\/\/assetz.meest.com.br\/#website\"},\"primaryImageOfPage\":{\"@id\":\"https:\/\/assetz.meest.com.br\/es\/conteudos\/artigos\/#primaryimage\"},\"datePublished\":\"2021-05-25T21:21:30+00:00\",\"dateModified\":\"2024-12-02T19:10:10+00:00\",\"breadcrumb\":{\"@id\":\"https:\/\/assetz.meest.com.br\/es\/conteudos\/artigos\/#breadcrumb\"},\"inLanguage\":\"es-ES\",\"potentialAction\":[{\"@type\":\"ReadAction\",\"target\":[\"https:\/\/assetz.meest.com.br\/es\/conteudos\/artigos\/\"]}]},{\"@type\":\"BreadcrumbList\",\"@id\":\"https:\/\/assetz.meest.com.br\/es\/conteudos\/artigos\/#breadcrumb\",\"itemListElement\":[{\"@type\":\"ListItem\",\"position\":1,\"name\":\"Home\",\"item\":\"https:\/\/assetz.meest.com.br\/pt\/\"},{\"@type\":\"ListItem\",\"position\":2,\"name\":\"Contenido\",\"item\":\"https:\/\/assetz.meest.com.br\/en\/conteudos\/\"},{\"@type\":\"ListItem\",\"position\":3,\"name\":\"Art\\u00edculos\"}]}]}<\/script>\n<!-- \/ Yoast SEO plugin. -->","_links":{"self":[{"href":"https:\/\/assetz.meest.com.br\/es\/wp-json\/wp\/v2\/pages\/359","targetHints":{"allow":["GET"]}}],"collection":[{"href":"https:\/\/assetz.meest.com.br\/es\/wp-json\/wp\/v2\/pages"}],"about":[{"href":"https:\/\/assetz.meest.com.br\/es\/wp-json\/wp\/v2\/types\/page"}],"author":[{"embeddable":true,"href":"https:\/\/assetz.meest.com.br\/es\/wp-json\/wp\/v2\/users\/1"}],"replies":[{"embeddable":true,"href":"https:\/\/assetz.meest.com.br\/es\/wp-json\/wp\/v2\/comments?post=359"}],"version-history":[{"count":23,"href":"https:\/\/assetz.meest.com.br\/es\/wp-json\/wp\/v2\/pages\/359\/revisions"}],"predecessor-version":[{"id":4323,"href":"https:\/\/assetz.meest.com.br\/es\/wp-json\/wp\/v2\/pages\/359\/revisions\/4323"}],"up":[{"embeddable":true,"href":"https:\/\/assetz.meest.com.br\/es\/wp-json\/wp\/v2\/pages\/140"}],"wp:featuredmedia":[{"embeddable":true,"href":"https:\/\/assetz.meest.com.br\/es\/wp-json\/wp\/v2\/media\/362"}],"wp:attachment":[{"href":"https:\/\/assetz.meest.com.br\/es\/wp-json\/wp\/v2\/media?parent=359"}],"curies":[{"name":"wp","href":"https:\/\/api.w.org\/{rel}","templated":true}]}}