{"id":364,"date":"2021-05-25T18:28:28","date_gmt":"2021-05-25T21:28:28","guid":{"rendered":"https:\/\/assetz.meest.com.br\/pt\/?page_id=364"},"modified":"2024-12-02T16:17:27","modified_gmt":"2024-12-02T19:17:27","slug":"pesquisas","status":"publish","type":"page","link":"https:\/\/assetz.meest.com.br\/es\/conteudos\/pesquisas\/","title":{"rendered":"Investigaciones | El Perfil del CFO en Brazil"},"content":{"rendered":"\n<p>En la investigaci\u00f3n \u201cEl perfil del CFO en Brasil\u201d, que realizamos en colaboraci\u00f3n con Insper, mapeamos las trayectorias profesionales, los conocimientos t\u00e9cnicos y las habilidades de comportamiento, adem\u00e1s de la visi\u00f3n de futuro y de los motivadores de carrera, de CFOs de grandes empresas del mercado brasile\u00f1o.<\/p>\n","protected":false},"excerpt":{"rendered":"<p>En la investigaci\u00f3n \u201cEl perfil del CFO en Brasil\u201d, que realizamos en colaboraci\u00f3n con Insper, mapeamos las trayectorias profesionales, los conocimientos t\u00e9cnicos y las habilidades de comportamiento, adem\u00e1s de la visi\u00f3n de futuro y de los motivadores de carrera, de CFOs de grandes empresas del mercado brasile\u00f1o.<\/p>\n","protected":false},"author":1,"featured_media":368,"parent":140,"menu_order":9,"comment_status":"closed","ping_status":"closed","template":"views\/template-lista-foto.blade.php","meta":{"footnotes":""},"class_list":["post-364","page","type-page","status-publish","has-post-thumbnail","hentry"],"yoast_head":"<!-- This site is optimized with the Yoast SEO plugin v16.5 - https:\/\/yoast.com\/wordpress\/plugins\/seo\/ -->\n<title>Investigaciones | El Perfil del CFO en Brazil<\/title>\n<meta name=\"robots\" content=\"noindex, follow, max-snippet:-1, max-image-preview:large, max-video-preview:-1\" \/>\n<meta property=\"og:locale\" content=\"es_ES\" \/>\n<meta property=\"og:locale:alternate\" content=\"pt_BR\" \/>\n<meta property=\"og:locale:alternate\" content=\"en_US\" \/>\n<meta property=\"og:type\" content=\"article\" \/>\n<meta property=\"og:title\" content=\"Investigaciones | El Perfil del CFO en Brazil\" \/>\n<meta property=\"og:description\" content=\"En la investigaci\u00f3n \u201cEl perfil del CFO en Brasil\u201d, que realizamos en colaboraci\u00f3n con Insper, mapeamos las trayectorias profesionales, los conocimientos t\u00e9cnicos y las habilidades de comportamiento, adem\u00e1s de la visi\u00f3n de futuro y de los motivadores de carrera, de CFOs de grandes empresas del mercado brasile\u00f1o.\" \/>\n<meta property=\"og:url\" content=\"https:\/\/assetz.meest.com.br\/es\/conteudos\/pesquisas\/\" \/>\n<meta property=\"og:site_name\" content=\"Assetz\" \/>\n<meta property=\"article:modified_time\" content=\"2024-12-02T19:17:27+00:00\" \/>\n<meta property=\"og:image\" content=\"https:\/\/www.assetz.com.br\/app\/uploads\/2021\/05\/assetz-conteudos-pesquisas.png\" \/>\n\t<meta property=\"og:image:width\" content=\"1905\" \/>\n\t<meta property=\"og:image:height\" content=\"1364\" \/>\n<meta name=\"twitter:card\" content=\"summary_large_image\" \/>\n<meta name=\"twitter:label1\" content=\"Est. reading time\" \/>\n\t<meta name=\"twitter:data1\" content=\"1 minute\" \/>\n<script type=\"application\/ld+json\" class=\"yoast-schema-graph\">{\"@context\":\"https:\/\/schema.org\",\"@graph\":[{\"@type\":\"WebSite\",\"@id\":\"https:\/\/assetz.meest.com.br\/#website\",\"url\":\"https:\/\/assetz.meest.com.br\/\",\"name\":\"Assetz\",\"description\":\"Excelencia en Reclutamiento y Selecci\\u00f3n de Ejecutivos en Finanzas\",\"potentialAction\":[{\"@type\":\"SearchAction\",\"target\":\"https:\/\/assetz.meest.com.br\/?s={search_term_string}\",\"query-input\":\"required name=search_term_string\"}],\"inLanguage\":\"es-ES\"},{\"@type\":\"ImageObject\",\"@id\":\"https:\/\/assetz.meest.com.br\/es\/conteudos\/pesquisas\/#primaryimage\",\"inLanguage\":\"es-ES\",\"url\":\"https:\/\/assetz.meest.com.br\/app\/uploads\/2021\/05\/assetz-conteudos-pesquisas.png\",\"contentUrl\":\"https:\/\/assetz.meest.com.br\/app\/uploads\/2021\/05\/assetz-conteudos-pesquisas.png\",\"width\":1905,\"height\":1364},{\"@type\":\"WebPage\",\"@id\":\"https:\/\/assetz.meest.com.br\/es\/conteudos\/pesquisas\/#webpage\",\"url\":\"https:\/\/assetz.meest.com.br\/es\/conteudos\/pesquisas\/\",\"name\":\"[:pt]Pesquisa | O Perfil do CFO no Brasil[:en]Surveys | The CFO\\u2019s Profile in Brazil[:es]Investigaciones | El Perfil del CFO en Brazil[:] - Assetz\",\"isPartOf\":{\"@id\":\"https:\/\/assetz.meest.com.br\/#website\"},\"primaryImageOfPage\":{\"@id\":\"https:\/\/assetz.meest.com.br\/es\/conteudos\/pesquisas\/#primaryimage\"},\"datePublished\":\"2021-05-25T21:28:28+00:00\",\"dateModified\":\"2024-12-02T19:17:27+00:00\",\"breadcrumb\":{\"@id\":\"https:\/\/assetz.meest.com.br\/es\/conteudos\/pesquisas\/#breadcrumb\"},\"inLanguage\":\"es-ES\",\"potentialAction\":[{\"@type\":\"ReadAction\",\"target\":[\"https:\/\/assetz.meest.com.br\/es\/conteudos\/pesquisas\/\"]}]},{\"@type\":\"BreadcrumbList\",\"@id\":\"https:\/\/assetz.meest.com.br\/es\/conteudos\/pesquisas\/#breadcrumb\",\"itemListElement\":[{\"@type\":\"ListItem\",\"position\":1,\"name\":\"Home\",\"item\":\"https:\/\/assetz.meest.com.br\/pt\/\"},{\"@type\":\"ListItem\",\"position\":2,\"name\":\"Contenido\",\"item\":\"https:\/\/assetz.meest.com.br\/en\/conteudos\/\"},{\"@type\":\"ListItem\",\"position\":3,\"name\":\"Investigaciones | El Perfil del CFO en Brazil\"}]}]}<\/script>\n<!-- \/ Yoast SEO plugin. -->","_links":{"self":[{"href":"https:\/\/assetz.meest.com.br\/es\/wp-json\/wp\/v2\/pages\/364","targetHints":{"allow":["GET"]}}],"collection":[{"href":"https:\/\/assetz.meest.com.br\/es\/wp-json\/wp\/v2\/pages"}],"about":[{"href":"https:\/\/assetz.meest.com.br\/es\/wp-json\/wp\/v2\/types\/page"}],"author":[{"embeddable":true,"href":"https:\/\/assetz.meest.com.br\/es\/wp-json\/wp\/v2\/users\/1"}],"replies":[{"embeddable":true,"href":"https:\/\/assetz.meest.com.br\/es\/wp-json\/wp\/v2\/comments?post=364"}],"version-history":[{"count":29,"href":"https:\/\/assetz.meest.com.br\/es\/wp-json\/wp\/v2\/pages\/364\/revisions"}],"predecessor-version":[{"id":4329,"href":"https:\/\/assetz.meest.com.br\/es\/wp-json\/wp\/v2\/pages\/364\/revisions\/4329"}],"up":[{"embeddable":true,"href":"https:\/\/assetz.meest.com.br\/es\/wp-json\/wp\/v2\/pages\/140"}],"wp:featuredmedia":[{"embeddable":true,"href":"https:\/\/assetz.meest.com.br\/es\/wp-json\/wp\/v2\/media\/368"}],"wp:attachment":[{"href":"https:\/\/assetz.meest.com.br\/es\/wp-json\/wp\/v2\/media?parent=364"}],"curies":[{"name":"wp","href":"https:\/\/api.w.org\/{rel}","templated":true}]}}