{"id":3715,"date":"2024-06-24T14:38:20","date_gmt":"2024-06-24T17:38:20","guid":{"rendered":"https:\/\/www.assetz.com.br\/pt\/?page_id=3715"},"modified":"2024-07-01T14:53:33","modified_gmt":"2024-07-01T17:53:33","slug":"assetz-movimenta","status":"publish","type":"page","link":"https:\/\/assetz.meest.com.br\/es\/servicos\/assetz-movimenta\/","title":{"rendered":"Principales Recolocaciones"},"content":{"rendered":"\n<p>En este espacio, damos visibilidad a las principales recolocaciones del mercado cuyos procesos de selecci\u00f3n fueron conducidos por nosotros.<\/p>\n\n\n\n<p>A trav\u00e9s de la serie de entrevistas &#8220;Assetz Movimenta&#8221;, protagonizadas por los profesionales que reclutamos, tenemos la oportunidad de presentar al mercado los puntos de vista de quienes se est\u00e1n destacando en la comunidad financiera y galgando nuevos pasos en posiciones de direcci\u00f3n, direcci\u00f3n ejecutiva y vicepresidencia.<\/p>\n","protected":false},"excerpt":{"rendered":"<p>En este espacio, damos visibilidad a las principales recolocaciones del mercado cuyos procesos de selecci\u00f3n fueron conducidos por nosotros. A trav\u00e9s de la serie de entrevistas &#8220;Assetz Movimenta&#8221;, protagonizadas por los profesionales que reclutamos, tenemos la oportunidad de presentar al mercado los puntos de vista de quienes se est\u00e1n destacando en la comunidad financiera y &hellip; <a href=\"https:\/\/assetz.meest.com.br\/es\/servicos\/assetz-movimenta\/\">Continued<\/a><\/p>\n","protected":false},"author":1,"featured_media":3739,"parent":144,"menu_order":0,"comment_status":"closed","ping_status":"closed","template":"views\/template-lista-foto.blade.php","meta":{"footnotes":""},"class_list":["post-3715","page","type-page","status-publish","has-post-thumbnail","hentry"],"yoast_head":"<!-- This site is optimized with the Yoast SEO plugin v16.5 - https:\/\/yoast.com\/wordpress\/plugins\/seo\/ -->\n<title>Principales Recolocaciones<\/title>\n<meta name=\"robots\" content=\"noindex, follow, max-snippet:-1, max-image-preview:large, max-video-preview:-1\" \/>\n<meta property=\"og:locale\" content=\"es_ES\" \/>\n<meta property=\"og:locale:alternate\" content=\"pt_BR\" \/>\n<meta property=\"og:locale:alternate\" content=\"en_US\" \/>\n<meta property=\"og:type\" content=\"article\" \/>\n<meta property=\"og:title\" content=\"Principales Recolocaciones\" \/>\n<meta property=\"og:description\" content=\"En este espacio, damos visibilidad a las principales recolocaciones del mercado cuyos procesos de selecci\u00f3n fueron conducidos por nosotros. A trav\u00e9s de la serie de entrevistas &#8220;Assetz Movimenta&#8221;, protagonizadas por los profesionales que reclutamos, tenemos la oportunidad de presentar al mercado los puntos de vista de quienes se est\u00e1n destacando en la comunidad financiera y &hellip; Continued\" \/>\n<meta property=\"og:url\" content=\"https:\/\/assetz.meest.com.br\/es\/servicos\/assetz-movimenta\/\" \/>\n<meta property=\"og:site_name\" content=\"Assetz\" \/>\n<meta property=\"article:modified_time\" content=\"2024-07-01T17:53:33+00:00\" \/>\n<meta property=\"og:image\" content=\"https:\/\/www.assetz.com.br\/app\/uploads\/2024\/06\/ASSETZ-MOVIMENTA_c_2-1.png\" \/>\n\t<meta property=\"og:image:width\" content=\"1920\" \/>\n\t<meta property=\"og:image:height\" content=\"721\" \/>\n<meta name=\"twitter:card\" content=\"summary_large_image\" \/>\n<meta name=\"twitter:label1\" content=\"Est. reading time\" \/>\n\t<meta name=\"twitter:data1\" content=\"1 minute\" \/>\n<script type=\"application\/ld+json\" class=\"yoast-schema-graph\">{\"@context\":\"https:\/\/schema.org\",\"@graph\":[{\"@type\":\"WebSite\",\"@id\":\"https:\/\/assetz.meest.com.br\/#website\",\"url\":\"https:\/\/assetz.meest.com.br\/\",\"name\":\"Assetz\",\"description\":\"Excelencia en Reclutamiento y Selecci\\u00f3n de Ejecutivos en Finanzas\",\"potentialAction\":[{\"@type\":\"SearchAction\",\"target\":\"https:\/\/assetz.meest.com.br\/?s={search_term_string}\",\"query-input\":\"required name=search_term_string\"}],\"inLanguage\":\"es-ES\"},{\"@type\":\"ImageObject\",\"@id\":\"https:\/\/assetz.meest.com.br\/es\/servicos\/assetz-movimenta\/#primaryimage\",\"inLanguage\":\"es-ES\",\"url\":\"https:\/\/assetz.meest.com.br\/app\/uploads\/2024\/06\/ASSETZ-MOVIMENTA_c_2-1.png\",\"contentUrl\":\"https:\/\/assetz.meest.com.br\/app\/uploads\/2024\/06\/ASSETZ-MOVIMENTA_c_2-1.png\",\"width\":1920,\"height\":721},{\"@type\":\"WebPage\",\"@id\":\"https:\/\/assetz.meest.com.br\/es\/servicos\/assetz-movimenta\/#webpage\",\"url\":\"https:\/\/assetz.meest.com.br\/es\/servicos\/assetz-movimenta\/\",\"name\":\"[:pt]Principais Movimenta\\u00e7\\u00f5es[:en]Main Placements[:es]Principales Recolocaciones[:] - Assetz\",\"isPartOf\":{\"@id\":\"https:\/\/assetz.meest.com.br\/#website\"},\"primaryImageOfPage\":{\"@id\":\"https:\/\/assetz.meest.com.br\/es\/servicos\/assetz-movimenta\/#primaryimage\"},\"datePublished\":\"2024-06-24T17:38:20+00:00\",\"dateModified\":\"2024-07-01T17:53:33+00:00\",\"breadcrumb\":{\"@id\":\"https:\/\/assetz.meest.com.br\/es\/servicos\/assetz-movimenta\/#breadcrumb\"},\"inLanguage\":\"es-ES\",\"potentialAction\":[{\"@type\":\"ReadAction\",\"target\":[\"https:\/\/assetz.meest.com.br\/es\/servicos\/assetz-movimenta\/\"]}]},{\"@type\":\"BreadcrumbList\",\"@id\":\"https:\/\/assetz.meest.com.br\/es\/servicos\/assetz-movimenta\/#breadcrumb\",\"itemListElement\":[{\"@type\":\"ListItem\",\"position\":1,\"name\":\"Home\",\"item\":\"https:\/\/assetz.meest.com.br\/pt\/\"},{\"@type\":\"ListItem\",\"position\":2,\"name\":\"Services\",\"item\":\"https:\/\/assetz.meest.com.br\/es\/servicos\/\"},{\"@type\":\"ListItem\",\"position\":3,\"name\":\"Principales Recolocaciones\"}]}]}<\/script>\n<!-- \/ Yoast SEO plugin. -->","_links":{"self":[{"href":"https:\/\/assetz.meest.com.br\/es\/wp-json\/wp\/v2\/pages\/3715","targetHints":{"allow":["GET"]}}],"collection":[{"href":"https:\/\/assetz.meest.com.br\/es\/wp-json\/wp\/v2\/pages"}],"about":[{"href":"https:\/\/assetz.meest.com.br\/es\/wp-json\/wp\/v2\/types\/page"}],"author":[{"embeddable":true,"href":"https:\/\/assetz.meest.com.br\/es\/wp-json\/wp\/v2\/users\/1"}],"replies":[{"embeddable":true,"href":"https:\/\/assetz.meest.com.br\/es\/wp-json\/wp\/v2\/comments?post=3715"}],"version-history":[{"count":28,"href":"https:\/\/assetz.meest.com.br\/es\/wp-json\/wp\/v2\/pages\/3715\/revisions"}],"predecessor-version":[{"id":3783,"href":"https:\/\/assetz.meest.com.br\/es\/wp-json\/wp\/v2\/pages\/3715\/revisions\/3783"}],"up":[{"embeddable":true,"href":"https:\/\/assetz.meest.com.br\/es\/wp-json\/wp\/v2\/pages\/144"}],"wp:featuredmedia":[{"embeddable":true,"href":"https:\/\/assetz.meest.com.br\/es\/wp-json\/wp\/v2\/media\/3739"}],"wp:attachment":[{"href":"https:\/\/assetz.meest.com.br\/es\/wp-json\/wp\/v2\/media?parent=3715"}],"curies":[{"name":"wp","href":"https:\/\/api.w.org\/{rel}","templated":true}]}}