{"id":383,"date":"2021-05-25T18:37:10","date_gmt":"2021-05-25T21:37:10","guid":{"rendered":"https:\/\/assetz.meest.com.br\/pt\/?page_id=383"},"modified":"2024-12-02T16:19:55","modified_gmt":"2024-12-02T19:19:55","slug":"videos","status":"publish","type":"page","link":"https:\/\/assetz.meest.com.br\/es\/conteudos\/videos\/","title":{"rendered":"Videos"},"content":{"rendered":"\n<p>Con el fin de acercar a\u00fan m\u00e1s a los profesionales de Finanzas a los contenidos que publicamos y a los principales acontecimientos del a\u00f1o, lanzamos videos corporativos, spin-offs de nuestras editoriales y los destaques de nuestras publicaciones.<\/p>\n","protected":false},"excerpt":{"rendered":"<p>Con el fin de acercar a\u00fan m\u00e1s a los profesionales de Finanzas a los contenidos que publicamos y a los principales acontecimientos del a\u00f1o, lanzamos videos corporativos, spin-offs de nuestras editoriales y los destaques de nuestras publicaciones.<\/p>\n","protected":false},"author":1,"featured_media":370,"parent":140,"menu_order":12,"comment_status":"closed","ping_status":"closed","template":"views\/template-lista-video.blade.php","meta":{"footnotes":""},"class_list":["post-383","page","type-page","status-publish","has-post-thumbnail","hentry"],"yoast_head":"<!-- This site is optimized with the Yoast SEO plugin v16.5 - https:\/\/yoast.com\/wordpress\/plugins\/seo\/ -->\n<title>Videos<\/title>\n<meta name=\"robots\" content=\"noindex, follow, max-snippet:-1, max-image-preview:large, max-video-preview:-1\" \/>\n<meta property=\"og:locale\" content=\"es_ES\" \/>\n<meta property=\"og:locale:alternate\" content=\"pt_BR\" \/>\n<meta property=\"og:locale:alternate\" content=\"en_US\" \/>\n<meta property=\"og:type\" content=\"article\" \/>\n<meta property=\"og:title\" content=\"Videos\" \/>\n<meta property=\"og:description\" content=\"Con el fin de acercar a\u00fan m\u00e1s a los profesionales de Finanzas a los contenidos que publicamos y a los principales acontecimientos del a\u00f1o, lanzamos videos corporativos, spin-offs de nuestras editoriales y los destaques de nuestras publicaciones.\" \/>\n<meta property=\"og:url\" content=\"https:\/\/assetz.meest.com.br\/es\/conteudos\/videos\/\" \/>\n<meta property=\"og:site_name\" content=\"Assetz\" \/>\n<meta property=\"article:modified_time\" content=\"2024-12-02T19:19:55+00:00\" \/>\n<meta property=\"og:image\" content=\"https:\/\/www.assetz.com.br\/app\/uploads\/2021\/05\/assetz-conteudos-videos.png\" \/>\n\t<meta property=\"og:image:width\" content=\"1905\" \/>\n\t<meta property=\"og:image:height\" content=\"1366\" \/>\n<meta name=\"twitter:card\" content=\"summary_large_image\" \/>\n<meta name=\"twitter:label1\" content=\"Est. reading time\" \/>\n\t<meta name=\"twitter:data1\" content=\"1 minute\" \/>\n<script type=\"application\/ld+json\" class=\"yoast-schema-graph\">{\"@context\":\"https:\/\/schema.org\",\"@graph\":[{\"@type\":\"WebSite\",\"@id\":\"https:\/\/assetz.meest.com.br\/#website\",\"url\":\"https:\/\/assetz.meest.com.br\/\",\"name\":\"Assetz\",\"description\":\"Excelencia en Reclutamiento y Selecci\\u00f3n de Ejecutivos en Finanzas\",\"potentialAction\":[{\"@type\":\"SearchAction\",\"target\":\"https:\/\/assetz.meest.com.br\/?s={search_term_string}\",\"query-input\":\"required name=search_term_string\"}],\"inLanguage\":\"es-ES\"},{\"@type\":\"ImageObject\",\"@id\":\"https:\/\/assetz.meest.com.br\/es\/conteudos\/videos\/#primaryimage\",\"inLanguage\":\"es-ES\",\"url\":\"https:\/\/assetz.meest.com.br\/app\/uploads\/2021\/05\/assetz-conteudos-videos.png\",\"contentUrl\":\"https:\/\/assetz.meest.com.br\/app\/uploads\/2021\/05\/assetz-conteudos-videos.png\",\"width\":1905,\"height\":1366},{\"@type\":\"WebPage\",\"@id\":\"https:\/\/assetz.meest.com.br\/es\/conteudos\/videos\/#webpage\",\"url\":\"https:\/\/assetz.meest.com.br\/es\/conteudos\/videos\/\",\"name\":\"[:pt]V\\u00eddeos[:en]Videos[:es]Videos[:] - Assetz\",\"isPartOf\":{\"@id\":\"https:\/\/assetz.meest.com.br\/#website\"},\"primaryImageOfPage\":{\"@id\":\"https:\/\/assetz.meest.com.br\/es\/conteudos\/videos\/#primaryimage\"},\"datePublished\":\"2021-05-25T21:37:10+00:00\",\"dateModified\":\"2024-12-02T19:19:55+00:00\",\"breadcrumb\":{\"@id\":\"https:\/\/assetz.meest.com.br\/es\/conteudos\/videos\/#breadcrumb\"},\"inLanguage\":\"es-ES\",\"potentialAction\":[{\"@type\":\"ReadAction\",\"target\":[\"https:\/\/assetz.meest.com.br\/es\/conteudos\/videos\/\"]}]},{\"@type\":\"BreadcrumbList\",\"@id\":\"https:\/\/assetz.meest.com.br\/es\/conteudos\/videos\/#breadcrumb\",\"itemListElement\":[{\"@type\":\"ListItem\",\"position\":1,\"name\":\"Home\",\"item\":\"https:\/\/assetz.meest.com.br\/pt\/\"},{\"@type\":\"ListItem\",\"position\":2,\"name\":\"Contenido\",\"item\":\"https:\/\/assetz.meest.com.br\/en\/conteudos\/\"},{\"@type\":\"ListItem\",\"position\":3,\"name\":\"Videos\"}]}]}<\/script>\n<!-- \/ Yoast SEO plugin. -->","_links":{"self":[{"href":"https:\/\/assetz.meest.com.br\/es\/wp-json\/wp\/v2\/pages\/383","targetHints":{"allow":["GET"]}}],"collection":[{"href":"https:\/\/assetz.meest.com.br\/es\/wp-json\/wp\/v2\/pages"}],"about":[{"href":"https:\/\/assetz.meest.com.br\/es\/wp-json\/wp\/v2\/types\/page"}],"author":[{"embeddable":true,"href":"https:\/\/assetz.meest.com.br\/es\/wp-json\/wp\/v2\/users\/1"}],"replies":[{"embeddable":true,"href":"https:\/\/assetz.meest.com.br\/es\/wp-json\/wp\/v2\/comments?post=383"}],"version-history":[{"count":18,"href":"https:\/\/assetz.meest.com.br\/es\/wp-json\/wp\/v2\/pages\/383\/revisions"}],"predecessor-version":[{"id":4333,"href":"https:\/\/assetz.meest.com.br\/es\/wp-json\/wp\/v2\/pages\/383\/revisions\/4333"}],"up":[{"embeddable":true,"href":"https:\/\/assetz.meest.com.br\/es\/wp-json\/wp\/v2\/pages\/140"}],"wp:featuredmedia":[{"embeddable":true,"href":"https:\/\/assetz.meest.com.br\/es\/wp-json\/wp\/v2\/media\/370"}],"wp:attachment":[{"href":"https:\/\/assetz.meest.com.br\/es\/wp-json\/wp\/v2\/media?parent=383"}],"curies":[{"name":"wp","href":"https:\/\/api.w.org\/{rel}","templated":true}]}}