{"id":386,"date":"2021-05-25T18:39:06","date_gmt":"2021-05-25T21:39:06","guid":{"rendered":"https:\/\/assetz.meest.com.br\/pt\/?page_id=386"},"modified":"2024-12-02T16:10:51","modified_gmt":"2024-12-02T19:10:51","slug":"assetz-na-midia","status":"publish","type":"page","link":"https:\/\/assetz.meest.com.br\/es\/conteudos\/assetz-na-midia\/","title":{"rendered":"Assetz en los Medios"},"content":{"rendered":"\n<p>Como resultado de un trabajo serio y diligente, constantemente participamos en art\u00edculos y publicaciones sobre carreras en el \u00e1rea de Finanzas de los principales veh\u00edculos de comunicaci\u00f3n de Brasil, adem\u00e1s de ser invitados a eventos y conferencias en las m\u00e1s respetadas empresas e instituciones educativas del pa\u00eds.<\/p>\n","protected":false},"excerpt":{"rendered":"<p>Como resultado de un trabajo serio y diligente, constantemente participamos en art\u00edculos y publicaciones sobre carreras en el \u00e1rea de Finanzas de los principales veh\u00edculos de comunicaci\u00f3n de Brasil, adem\u00e1s de ser invitados a eventos y conferencias en las m\u00e1s respetadas empresas e instituciones educativas del pa\u00eds.<\/p>\n","protected":false},"author":1,"featured_media":367,"parent":140,"menu_order":3,"comment_status":"closed","ping_status":"closed","template":"views\/template-lista-press.blade.php","meta":{"footnotes":""},"class_list":["post-386","page","type-page","status-publish","has-post-thumbnail","hentry"],"yoast_head":"<!-- This site is optimized with the Yoast SEO plugin v16.5 - https:\/\/yoast.com\/wordpress\/plugins\/seo\/ -->\n<title>Assetz en los Medios<\/title>\n<meta name=\"robots\" content=\"noindex, follow, max-snippet:-1, max-image-preview:large, max-video-preview:-1\" \/>\n<meta property=\"og:locale\" content=\"es_ES\" \/>\n<meta property=\"og:locale:alternate\" content=\"pt_BR\" \/>\n<meta property=\"og:locale:alternate\" content=\"en_US\" \/>\n<meta property=\"og:type\" content=\"article\" \/>\n<meta property=\"og:title\" content=\"Assetz en los Medios\" \/>\n<meta property=\"og:description\" content=\"Como resultado de un trabajo serio y diligente, constantemente participamos en art\u00edculos y publicaciones sobre carreras en el \u00e1rea de Finanzas de los principales veh\u00edculos de comunicaci\u00f3n de Brasil, adem\u00e1s de ser invitados a eventos y conferencias en las m\u00e1s respetadas empresas e instituciones educativas del pa\u00eds.\" \/>\n<meta property=\"og:url\" content=\"https:\/\/assetz.meest.com.br\/es\/conteudos\/assetz-na-midia\/\" \/>\n<meta property=\"og:site_name\" content=\"Assetz\" \/>\n<meta property=\"article:modified_time\" content=\"2024-12-02T19:10:51+00:00\" \/>\n<meta property=\"og:image\" content=\"https:\/\/www.assetz.com.br\/app\/uploads\/2021\/05\/assetz-conteudos-na-midia.png\" \/>\n\t<meta property=\"og:image:width\" content=\"1905\" \/>\n\t<meta property=\"og:image:height\" content=\"1364\" \/>\n<meta name=\"twitter:card\" content=\"summary_large_image\" \/>\n<meta name=\"twitter:label1\" content=\"Est. reading time\" \/>\n\t<meta name=\"twitter:data1\" content=\"1 minute\" \/>\n<script type=\"application\/ld+json\" class=\"yoast-schema-graph\">{\"@context\":\"https:\/\/schema.org\",\"@graph\":[{\"@type\":\"WebSite\",\"@id\":\"https:\/\/assetz.meest.com.br\/#website\",\"url\":\"https:\/\/assetz.meest.com.br\/\",\"name\":\"Assetz\",\"description\":\"Excelencia en Reclutamiento y Selecci\\u00f3n de Ejecutivos en Finanzas\",\"potentialAction\":[{\"@type\":\"SearchAction\",\"target\":\"https:\/\/assetz.meest.com.br\/?s={search_term_string}\",\"query-input\":\"required name=search_term_string\"}],\"inLanguage\":\"es-ES\"},{\"@type\":\"ImageObject\",\"@id\":\"https:\/\/assetz.meest.com.br\/es\/conteudos\/assetz-na-midia\/#primaryimage\",\"inLanguage\":\"es-ES\",\"url\":\"https:\/\/assetz.meest.com.br\/app\/uploads\/2021\/05\/assetz-conteudos-na-midia.png\",\"contentUrl\":\"https:\/\/assetz.meest.com.br\/app\/uploads\/2021\/05\/assetz-conteudos-na-midia.png\",\"width\":1905,\"height\":1364},{\"@type\":\"WebPage\",\"@id\":\"https:\/\/assetz.meest.com.br\/es\/conteudos\/assetz-na-midia\/#webpage\",\"url\":\"https:\/\/assetz.meest.com.br\/es\/conteudos\/assetz-na-midia\/\",\"name\":\"[:pt]Assetz na M\\u00eddia e Mercado[:en]Assetz in the Media[:es]Assetz en los Medios[:] - Assetz\",\"isPartOf\":{\"@id\":\"https:\/\/assetz.meest.com.br\/#website\"},\"primaryImageOfPage\":{\"@id\":\"https:\/\/assetz.meest.com.br\/es\/conteudos\/assetz-na-midia\/#primaryimage\"},\"datePublished\":\"2021-05-25T21:39:06+00:00\",\"dateModified\":\"2024-12-02T19:10:51+00:00\",\"breadcrumb\":{\"@id\":\"https:\/\/assetz.meest.com.br\/es\/conteudos\/assetz-na-midia\/#breadcrumb\"},\"inLanguage\":\"es-ES\",\"potentialAction\":[{\"@type\":\"ReadAction\",\"target\":[\"https:\/\/assetz.meest.com.br\/es\/conteudos\/assetz-na-midia\/\"]}]},{\"@type\":\"BreadcrumbList\",\"@id\":\"https:\/\/assetz.meest.com.br\/es\/conteudos\/assetz-na-midia\/#breadcrumb\",\"itemListElement\":[{\"@type\":\"ListItem\",\"position\":1,\"name\":\"Home\",\"item\":\"https:\/\/assetz.meest.com.br\/pt\/\"},{\"@type\":\"ListItem\",\"position\":2,\"name\":\"Contenido\",\"item\":\"https:\/\/assetz.meest.com.br\/en\/conteudos\/\"},{\"@type\":\"ListItem\",\"position\":3,\"name\":\"Assetz en los Medios\"}]}]}<\/script>\n<!-- \/ Yoast SEO plugin. -->","_links":{"self":[{"href":"https:\/\/assetz.meest.com.br\/es\/wp-json\/wp\/v2\/pages\/386","targetHints":{"allow":["GET"]}}],"collection":[{"href":"https:\/\/assetz.meest.com.br\/es\/wp-json\/wp\/v2\/pages"}],"about":[{"href":"https:\/\/assetz.meest.com.br\/es\/wp-json\/wp\/v2\/types\/page"}],"author":[{"embeddable":true,"href":"https:\/\/assetz.meest.com.br\/es\/wp-json\/wp\/v2\/users\/1"}],"replies":[{"embeddable":true,"href":"https:\/\/assetz.meest.com.br\/es\/wp-json\/wp\/v2\/comments?post=386"}],"version-history":[{"count":24,"href":"https:\/\/assetz.meest.com.br\/es\/wp-json\/wp\/v2\/pages\/386\/revisions"}],"predecessor-version":[{"id":4324,"href":"https:\/\/assetz.meest.com.br\/es\/wp-json\/wp\/v2\/pages\/386\/revisions\/4324"}],"up":[{"embeddable":true,"href":"https:\/\/assetz.meest.com.br\/es\/wp-json\/wp\/v2\/pages\/140"}],"wp:featuredmedia":[{"embeddable":true,"href":"https:\/\/assetz.meest.com.br\/es\/wp-json\/wp\/v2\/media\/367"}],"wp:attachment":[{"href":"https:\/\/assetz.meest.com.br\/es\/wp-json\/wp\/v2\/media?parent=386"}],"curies":[{"name":"wp","href":"https:\/\/api.w.org\/{rel}","templated":true}]}}