{"id":460,"date":"2021-05-28T16:56:07","date_gmt":"2021-05-28T19:56:07","guid":{"rendered":"https:\/\/assetz.meest.com.br\/pt\/?page_id=460"},"modified":"2024-10-10T11:36:35","modified_gmt":"2024-10-10T14:36:35","slug":"mentoria-de-carreira","status":"publish","type":"page","link":"https:\/\/assetz.meest.com.br\/es\/eventos\/mentoria-de-carreira\/","title":{"rendered":"Mentor\u00eda de Carrera"},"content":{"rendered":"\n<p>El Programa de Mentor\u00eda de Carrera es una iniciativa de Assetz que se enfoca en apoyar al profesional de Finanzas en el desarrollo de su carrera a trav\u00e9s de la democratizaci\u00f3n del conocimiento y del intercambio de experiencias. En reuniones presenciales, el mentor (un Ejecutivo en Finanzas con reconocida trayectoria de \u00e9xito) comenta c\u00f3mo logr\u00f3 el \u00e9xito frente a los principales desaf\u00edos que enfrent\u00f3, cuenta casos no exitosos, habla sobre las habilidades t\u00e9cnicas y de comportamiento que deben ser desarrolladas y brinda consejos para construir un plan de acci\u00f3n a corto, mediano y largo plazo, adem\u00e1s de responder preguntas de los participantes.<\/p>\n\n\n\n<p>Este Programa est\u00e1 dirigido a una peque\u00f1a audiencia de profesionales en Finanzas con el objetivo de mantener las premisas de un di\u00e1logo abierto, un ambiente \u00edntimo y niveles similares de antig\u00fcedad entre los participantes.&nbsp;<\/p>\n","protected":false},"excerpt":{"rendered":"<p>El Programa de Mentor\u00eda de Carrera es una iniciativa de Assetz que se enfoca en apoyar al profesional de Finanzas en el desarrollo de su carrera a trav\u00e9s de la democratizaci\u00f3n del conocimiento y del intercambio de experiencias. En reuniones presenciales, el mentor (un Ejecutivo en Finanzas con reconocida trayectoria de \u00e9xito) comenta c\u00f3mo logr\u00f3 &hellip; <a href=\"https:\/\/assetz.meest.com.br\/es\/eventos\/mentoria-de-carreira\/\">Continued<\/a><\/p>\n","protected":false},"author":1,"featured_media":1098,"parent":138,"menu_order":2,"comment_status":"closed","ping_status":"closed","template":"views\/template-lista-eventos.blade.php","meta":{"footnotes":""},"class_list":["post-460","page","type-page","status-publish","has-post-thumbnail","hentry"],"yoast_head":"<!-- This site is optimized with the Yoast SEO plugin v16.5 - https:\/\/yoast.com\/wordpress\/plugins\/seo\/ -->\n<title>Mentor\u00eda de Carrera<\/title>\n<meta name=\"robots\" content=\"noindex, follow, max-snippet:-1, max-image-preview:large, max-video-preview:-1\" \/>\n<meta property=\"og:locale\" content=\"es_ES\" \/>\n<meta property=\"og:locale:alternate\" content=\"pt_BR\" \/>\n<meta property=\"og:locale:alternate\" content=\"en_US\" \/>\n<meta property=\"og:type\" content=\"article\" \/>\n<meta property=\"og:title\" content=\"Mentor\u00eda de Carrera\" \/>\n<meta property=\"og:description\" content=\"El Programa de Mentor\u00eda de Carrera es una iniciativa de Assetz que se enfoca en apoyar al profesional de Finanzas en el desarrollo de su carrera a trav\u00e9s de la democratizaci\u00f3n del conocimiento y del intercambio de experiencias. En reuniones presenciales, el mentor (un Ejecutivo en Finanzas con reconocida trayectoria de \u00e9xito) comenta c\u00f3mo logr\u00f3 &hellip; Continued\" \/>\n<meta property=\"og:url\" content=\"https:\/\/assetz.meest.com.br\/es\/eventos\/mentoria-de-carreira\/\" \/>\n<meta property=\"og:site_name\" content=\"Assetz\" \/>\n<meta property=\"article:modified_time\" content=\"2024-10-10T14:36:35+00:00\" \/>\n<meta property=\"og:image\" content=\"https:\/\/www.assetz.com.br\/app\/uploads\/2021\/06\/iStock-1162524696.jpg\" \/>\n\t<meta property=\"og:image:width\" content=\"1623\" \/>\n\t<meta property=\"og:image:height\" content=\"913\" \/>\n<meta name=\"twitter:card\" content=\"summary_large_image\" \/>\n<meta name=\"twitter:label1\" content=\"Est. reading time\" \/>\n\t<meta name=\"twitter:data1\" content=\"1 minute\" \/>\n<script type=\"application\/ld+json\" class=\"yoast-schema-graph\">{\"@context\":\"https:\/\/schema.org\",\"@graph\":[{\"@type\":\"WebSite\",\"@id\":\"https:\/\/assetz.meest.com.br\/#website\",\"url\":\"https:\/\/assetz.meest.com.br\/\",\"name\":\"Assetz\",\"description\":\"Excelencia en Reclutamiento y Selecci\\u00f3n de Ejecutivos en Finanzas\",\"potentialAction\":[{\"@type\":\"SearchAction\",\"target\":\"https:\/\/assetz.meest.com.br\/?s={search_term_string}\",\"query-input\":\"required name=search_term_string\"}],\"inLanguage\":\"es-ES\"},{\"@type\":\"ImageObject\",\"@id\":\"https:\/\/assetz.meest.com.br\/pt\/eventos\/mentoria-de-carreira\/#primaryimage\",\"inLanguage\":\"es-ES\",\"url\":\"https:\/\/assetz.meest.com.br\/app\/uploads\/2021\/06\/iStock-1162524696.jpg\",\"contentUrl\":\"https:\/\/assetz.meest.com.br\/app\/uploads\/2021\/06\/iStock-1162524696.jpg\",\"width\":1623,\"height\":913,\"caption\":\"[:pt]Back view of large group of business people attending a training class in a board room.[:]\"},{\"@type\":\"WebPage\",\"@id\":\"https:\/\/assetz.meest.com.br\/pt\/eventos\/mentoria-de-carreira\/#webpage\",\"url\":\"https:\/\/assetz.meest.com.br\/pt\/eventos\/mentoria-de-carreira\/\",\"name\":\"[:pt]Mentoria de Carreira[:en]Career Mentoring[:es]Mentor\\u00eda de Carrera[:] - Assetz\",\"isPartOf\":{\"@id\":\"https:\/\/assetz.meest.com.br\/#website\"},\"primaryImageOfPage\":{\"@id\":\"https:\/\/assetz.meest.com.br\/pt\/eventos\/mentoria-de-carreira\/#primaryimage\"},\"datePublished\":\"2021-05-28T19:56:07+00:00\",\"dateModified\":\"2024-10-10T14:36:35+00:00\",\"breadcrumb\":{\"@id\":\"https:\/\/assetz.meest.com.br\/pt\/eventos\/mentoria-de-carreira\/#breadcrumb\"},\"inLanguage\":\"es-ES\",\"potentialAction\":[{\"@type\":\"ReadAction\",\"target\":[\"https:\/\/assetz.meest.com.br\/pt\/eventos\/mentoria-de-carreira\/\"]}]},{\"@type\":\"BreadcrumbList\",\"@id\":\"https:\/\/assetz.meest.com.br\/pt\/eventos\/mentoria-de-carreira\/#breadcrumb\",\"itemListElement\":[{\"@type\":\"ListItem\",\"position\":1,\"name\":\"Home\",\"item\":\"https:\/\/assetz.meest.com.br\/pt\/\"},{\"@type\":\"ListItem\",\"position\":2,\"name\":\"Eventos\",\"item\":\"https:\/\/assetz.meest.com.br\/pt\/eventos\/\"},{\"@type\":\"ListItem\",\"position\":3,\"name\":\"Mentoria de Carreira\"}]}]}<\/script>\n<!-- \/ Yoast SEO plugin. -->","_links":{"self":[{"href":"https:\/\/assetz.meest.com.br\/es\/wp-json\/wp\/v2\/pages\/460","targetHints":{"allow":["GET"]}}],"collection":[{"href":"https:\/\/assetz.meest.com.br\/es\/wp-json\/wp\/v2\/pages"}],"about":[{"href":"https:\/\/assetz.meest.com.br\/es\/wp-json\/wp\/v2\/types\/page"}],"author":[{"embeddable":true,"href":"https:\/\/assetz.meest.com.br\/es\/wp-json\/wp\/v2\/users\/1"}],"replies":[{"embeddable":true,"href":"https:\/\/assetz.meest.com.br\/es\/wp-json\/wp\/v2\/comments?post=460"}],"version-history":[{"count":20,"href":"https:\/\/assetz.meest.com.br\/es\/wp-json\/wp\/v2\/pages\/460\/revisions"}],"predecessor-version":[{"id":1692,"href":"https:\/\/assetz.meest.com.br\/es\/wp-json\/wp\/v2\/pages\/460\/revisions\/1692"}],"up":[{"embeddable":true,"href":"https:\/\/assetz.meest.com.br\/es\/wp-json\/wp\/v2\/pages\/138"}],"wp:featuredmedia":[{"embeddable":true,"href":"https:\/\/assetz.meest.com.br\/es\/wp-json\/wp\/v2\/media\/1098"}],"wp:attachment":[{"href":"https:\/\/assetz.meest.com.br\/es\/wp-json\/wp\/v2\/media?parent=460"}],"curies":[{"name":"wp","href":"https:\/\/api.w.org\/{rel}","templated":true}]}}