{"id":469,"date":"2021-05-28T17:02:12","date_gmt":"2021-05-28T20:02:12","guid":{"rendered":"https:\/\/assetz.meest.com.br\/pt\/?page_id=469"},"modified":"2021-07-07T17:17:22","modified_gmt":"2021-07-07T20:17:22","slug":"assetz-talks","status":"publish","type":"page","link":"https:\/\/assetz.meest.com.br\/es\/eventos\/assetz-talks\/","title":{"rendered":"Assetz Talks"},"content":{"rendered":"\n<p>Assetz Talks es un evento en el que nuestros socios fundadores, junto a grandes Ejecutivos en Finanzas invitados, abordan los temas m\u00e1s relevantes del mercado de captaci\u00f3n y selecci\u00f3n de profesionales en Finanzas, y en el que brindan consejos para el desarrollo profesional y la participaci\u00f3n en procesos de selecci\u00f3n. Adem\u00e1s del contenido presentado, tambi\u00e9n se proporciona un espacio para mantener y ampliar la red de relaciones entre los miembros de la comunidad financiera.&nbsp;<\/p>\n\n\n\n<p>Este evento est\u00e1 dirigido a todos los profesionales en Finanzas y es completamente gratuito.&nbsp;<\/p>\n","protected":false},"excerpt":{"rendered":"<p>Assetz Talks es un evento en el que nuestros socios fundadores, junto a grandes Ejecutivos en Finanzas invitados, abordan los temas m\u00e1s relevantes del mercado de captaci\u00f3n y selecci\u00f3n de profesionales en Finanzas, y en el que brindan consejos para el desarrollo profesional y la participaci\u00f3n en procesos de selecci\u00f3n. Adem\u00e1s del contenido presentado, tambi\u00e9n &hellip; <a href=\"https:\/\/assetz.meest.com.br\/es\/eventos\/assetz-talks\/\">Continued<\/a><\/p>\n","protected":false},"author":1,"featured_media":1099,"parent":138,"menu_order":0,"comment_status":"closed","ping_status":"closed","template":"views\/template-lista-eventos.blade.php","meta":{"footnotes":""},"class_list":["post-469","page","type-page","status-publish","has-post-thumbnail","hentry"],"yoast_head":"<!-- This site is optimized with the Yoast SEO plugin v16.5 - https:\/\/yoast.com\/wordpress\/plugins\/seo\/ -->\n<title>Assetz Talks<\/title>\n<meta name=\"robots\" content=\"noindex, follow, max-snippet:-1, max-image-preview:large, max-video-preview:-1\" \/>\n<meta property=\"og:locale\" content=\"es_ES\" \/>\n<meta property=\"og:locale:alternate\" content=\"pt_BR\" \/>\n<meta property=\"og:locale:alternate\" content=\"en_US\" \/>\n<meta property=\"og:type\" content=\"article\" \/>\n<meta property=\"og:title\" content=\"Assetz Talks\" \/>\n<meta property=\"og:description\" content=\"Assetz Talks es un evento en el que nuestros socios fundadores, junto a grandes Ejecutivos en Finanzas invitados, abordan los temas m\u00e1s relevantes del mercado de captaci\u00f3n y selecci\u00f3n de profesionales en Finanzas, y en el que brindan consejos para el desarrollo profesional y la participaci\u00f3n en procesos de selecci\u00f3n. Adem\u00e1s del contenido presentado, tambi\u00e9n &hellip; Continued\" \/>\n<meta property=\"og:url\" content=\"https:\/\/assetz.meest.com.br\/es\/eventos\/assetz-talks\/\" \/>\n<meta property=\"og:site_name\" content=\"Assetz\" \/>\n<meta property=\"article:modified_time\" content=\"2021-07-07T20:17:22+00:00\" \/>\n<meta property=\"og:image\" content=\"https:\/\/www.assetz.com.br\/app\/uploads\/2021\/06\/iStock-530337293.jpg\" \/>\n\t<meta property=\"og:image:width\" content=\"1454\" \/>\n\t<meta property=\"og:image:height\" content=\"818\" \/>\n<meta name=\"twitter:card\" content=\"summary_large_image\" \/>\n<meta name=\"twitter:label1\" content=\"Est. reading time\" \/>\n\t<meta name=\"twitter:data1\" content=\"1 minute\" \/>\n<script type=\"application\/ld+json\" class=\"yoast-schema-graph\">{\"@context\":\"https:\/\/schema.org\",\"@graph\":[{\"@type\":\"WebSite\",\"@id\":\"https:\/\/assetz.meest.com.br\/#website\",\"url\":\"https:\/\/assetz.meest.com.br\/\",\"name\":\"Assetz\",\"description\":\"Excelencia en Reclutamiento y Selecci\\u00f3n de Ejecutivos en Finanzas\",\"potentialAction\":[{\"@type\":\"SearchAction\",\"target\":\"https:\/\/assetz.meest.com.br\/?s={search_term_string}\",\"query-input\":\"required name=search_term_string\"}],\"inLanguage\":\"es-ES\"},{\"@type\":\"ImageObject\",\"@id\":\"https:\/\/assetz.meest.com.br\/es\/eventos\/assetz-talks\/#primaryimage\",\"inLanguage\":\"es-ES\",\"url\":\"https:\/\/assetz.meest.com.br\/app\/uploads\/2021\/06\/iStock-530337293.jpg\",\"contentUrl\":\"https:\/\/assetz.meest.com.br\/app\/uploads\/2021\/06\/iStock-530337293.jpg\",\"width\":1454,\"height\":818,\"caption\":\"[:pt]Speaker at Business Conference and Presentation. Audience at the conference hall. Business and Entrepreneurship.[:]\"},{\"@type\":\"WebPage\",\"@id\":\"https:\/\/assetz.meest.com.br\/es\/eventos\/assetz-talks\/#webpage\",\"url\":\"https:\/\/assetz.meest.com.br\/es\/eventos\/assetz-talks\/\",\"name\":\"[:pt]Assetz Talks[:] - Assetz\",\"isPartOf\":{\"@id\":\"https:\/\/assetz.meest.com.br\/#website\"},\"primaryImageOfPage\":{\"@id\":\"https:\/\/assetz.meest.com.br\/es\/eventos\/assetz-talks\/#primaryimage\"},\"datePublished\":\"2021-05-28T20:02:12+00:00\",\"dateModified\":\"2021-07-07T20:17:22+00:00\",\"breadcrumb\":{\"@id\":\"https:\/\/assetz.meest.com.br\/es\/eventos\/assetz-talks\/#breadcrumb\"},\"inLanguage\":\"es-ES\",\"potentialAction\":[{\"@type\":\"ReadAction\",\"target\":[\"https:\/\/assetz.meest.com.br\/es\/eventos\/assetz-talks\/\"]}]},{\"@type\":\"BreadcrumbList\",\"@id\":\"https:\/\/assetz.meest.com.br\/es\/eventos\/assetz-talks\/#breadcrumb\",\"itemListElement\":[{\"@type\":\"ListItem\",\"position\":1,\"name\":\"Home\",\"item\":\"https:\/\/assetz.meest.com.br\/pt\/\"},{\"@type\":\"ListItem\",\"position\":2,\"name\":\"Eventos\",\"item\":\"https:\/\/assetz.meest.com.br\/pt\/eventos\/\"},{\"@type\":\"ListItem\",\"position\":3,\"name\":\"Assetz Talks\"}]}]}<\/script>\n<!-- \/ Yoast SEO plugin. -->","_links":{"self":[{"href":"https:\/\/assetz.meest.com.br\/es\/wp-json\/wp\/v2\/pages\/469","targetHints":{"allow":["GET"]}}],"collection":[{"href":"https:\/\/assetz.meest.com.br\/es\/wp-json\/wp\/v2\/pages"}],"about":[{"href":"https:\/\/assetz.meest.com.br\/es\/wp-json\/wp\/v2\/types\/page"}],"author":[{"embeddable":true,"href":"https:\/\/assetz.meest.com.br\/es\/wp-json\/wp\/v2\/users\/1"}],"replies":[{"embeddable":true,"href":"https:\/\/assetz.meest.com.br\/es\/wp-json\/wp\/v2\/comments?post=469"}],"version-history":[{"count":21,"href":"https:\/\/assetz.meest.com.br\/es\/wp-json\/wp\/v2\/pages\/469\/revisions"}],"predecessor-version":[{"id":1660,"href":"https:\/\/assetz.meest.com.br\/es\/wp-json\/wp\/v2\/pages\/469\/revisions\/1660"}],"up":[{"embeddable":true,"href":"https:\/\/assetz.meest.com.br\/es\/wp-json\/wp\/v2\/pages\/138"}],"wp:featuredmedia":[{"embeddable":true,"href":"https:\/\/assetz.meest.com.br\/es\/wp-json\/wp\/v2\/media\/1099"}],"wp:attachment":[{"href":"https:\/\/assetz.meest.com.br\/es\/wp-json\/wp\/v2\/media?parent=469"}],"curies":[{"name":"wp","href":"https:\/\/api.w.org\/{rel}","templated":true}]}}