{"id":477,"date":"2021-05-28T17:05:46","date_gmt":"2021-05-28T20:05:46","guid":{"rendered":"https:\/\/assetz.meest.com.br\/pt\/?page_id=477"},"modified":"2024-10-10T11:36:56","modified_gmt":"2024-10-10T14:36:56","slug":"webinars","status":"publish","type":"page","link":"https:\/\/assetz.meest.com.br\/es\/eventos\/webinars\/","title":{"rendered":"Webinars"},"content":{"rendered":"\n<p>Con el fin de compartir contenido relevante y de calidad con profesionales del \u00e1rea financiera y en vista de la diversidad geogr\u00e1fica, peri\u00f3dicamente promovemos <em>webinars<\/em> para discutir temas relacionados con la carrera en Finanzas. A estos eventos virtuales asisten grandes Ejecutivos invitados por Assetz, lo cual propicia una discusi\u00f3n m\u00e1s rica y diversa.<\/p>\n\n\n\n<p>Los <em>webinars <\/em>de Assetz est\u00e1n destinados a todos los profesionales del \u00e1rea financiera y son completamente gratuitos.<\/p>\n","protected":false},"excerpt":{"rendered":"<p>Con el fin de compartir contenido relevante y de calidad con profesionales del \u00e1rea financiera y en vista de la diversidad geogr\u00e1fica, peri\u00f3dicamente promovemos webinars para discutir temas relacionados con la carrera en Finanzas. A estos eventos virtuales asisten grandes Ejecutivos invitados por Assetz, lo cual propicia una discusi\u00f3n m\u00e1s rica y diversa. Los webinars &hellip; <a href=\"https:\/\/assetz.meest.com.br\/es\/eventos\/webinars\/\">Continued<\/a><\/p>\n","protected":false},"author":1,"featured_media":1101,"parent":138,"menu_order":3,"comment_status":"closed","ping_status":"closed","template":"views\/template-lista-eventos.blade.php","meta":{"footnotes":""},"class_list":["post-477","page","type-page","status-publish","has-post-thumbnail","hentry"],"yoast_head":"<!-- This site is optimized with the Yoast SEO plugin v16.5 - https:\/\/yoast.com\/wordpress\/plugins\/seo\/ -->\n<title>Webinars<\/title>\n<meta name=\"robots\" content=\"noindex, follow, max-snippet:-1, max-image-preview:large, max-video-preview:-1\" \/>\n<meta property=\"og:locale\" content=\"es_ES\" \/>\n<meta property=\"og:locale:alternate\" content=\"pt_BR\" \/>\n<meta property=\"og:locale:alternate\" content=\"en_US\" \/>\n<meta property=\"og:type\" content=\"article\" \/>\n<meta property=\"og:title\" content=\"Webinars\" \/>\n<meta property=\"og:description\" content=\"Con el fin de compartir contenido relevante y de calidad con profesionales del \u00e1rea financiera y en vista de la diversidad geogr\u00e1fica, peri\u00f3dicamente promovemos webinars para discutir temas relacionados con la carrera en Finanzas. A estos eventos virtuales asisten grandes Ejecutivos invitados por Assetz, lo cual propicia una discusi\u00f3n m\u00e1s rica y diversa. Los webinars &hellip; Continued\" \/>\n<meta property=\"og:url\" content=\"https:\/\/assetz.meest.com.br\/es\/eventos\/webinars\/\" \/>\n<meta property=\"og:site_name\" content=\"Assetz\" \/>\n<meta property=\"article:modified_time\" content=\"2024-10-10T14:36:56+00:00\" \/>\n<meta property=\"og:image\" content=\"https:\/\/www.assetz.com.br\/app\/uploads\/2021\/06\/iStock-1221656384.jpg\" \/>\n\t<meta property=\"og:image:width\" content=\"2120\" \/>\n\t<meta property=\"og:image:height\" content=\"1193\" \/>\n<meta name=\"twitter:card\" content=\"summary_large_image\" \/>\n<meta name=\"twitter:label1\" content=\"Est. reading time\" \/>\n\t<meta name=\"twitter:data1\" content=\"1 minute\" \/>\n<script type=\"application\/ld+json\" class=\"yoast-schema-graph\">{\"@context\":\"https:\/\/schema.org\",\"@graph\":[{\"@type\":\"WebSite\",\"@id\":\"https:\/\/assetz.meest.com.br\/#website\",\"url\":\"https:\/\/assetz.meest.com.br\/\",\"name\":\"Assetz\",\"description\":\"Excelencia en Reclutamiento y Selecci\\u00f3n de Ejecutivos en Finanzas\",\"potentialAction\":[{\"@type\":\"SearchAction\",\"target\":\"https:\/\/assetz.meest.com.br\/?s={search_term_string}\",\"query-input\":\"required name=search_term_string\"}],\"inLanguage\":\"es-ES\"},{\"@type\":\"ImageObject\",\"@id\":\"https:\/\/assetz.meest.com.br\/es\/eventos\/webinars\/#primaryimage\",\"inLanguage\":\"es-ES\",\"url\":\"https:\/\/assetz.meest.com.br\/app\/uploads\/2021\/06\/iStock-1221656384.jpg\",\"contentUrl\":\"https:\/\/assetz.meest.com.br\/app\/uploads\/2021\/06\/iStock-1221656384.jpg\",\"width\":2120,\"height\":1193,\"caption\":\"[:pt]Family and friends happy moments in video conference at home[:]\"},{\"@type\":\"WebPage\",\"@id\":\"https:\/\/assetz.meest.com.br\/es\/eventos\/webinars\/#webpage\",\"url\":\"https:\/\/assetz.meest.com.br\/es\/eventos\/webinars\/\",\"name\":\"[:pt]Webinars[:] - Assetz\",\"isPartOf\":{\"@id\":\"https:\/\/assetz.meest.com.br\/#website\"},\"primaryImageOfPage\":{\"@id\":\"https:\/\/assetz.meest.com.br\/es\/eventos\/webinars\/#primaryimage\"},\"datePublished\":\"2021-05-28T20:05:46+00:00\",\"dateModified\":\"2024-10-10T14:36:56+00:00\",\"breadcrumb\":{\"@id\":\"https:\/\/assetz.meest.com.br\/es\/eventos\/webinars\/#breadcrumb\"},\"inLanguage\":\"es-ES\",\"potentialAction\":[{\"@type\":\"ReadAction\",\"target\":[\"https:\/\/assetz.meest.com.br\/es\/eventos\/webinars\/\"]}]},{\"@type\":\"BreadcrumbList\",\"@id\":\"https:\/\/assetz.meest.com.br\/es\/eventos\/webinars\/#breadcrumb\",\"itemListElement\":[{\"@type\":\"ListItem\",\"position\":1,\"name\":\"Home\",\"item\":\"https:\/\/assetz.meest.com.br\/pt\/\"},{\"@type\":\"ListItem\",\"position\":2,\"name\":\"Eventos\",\"item\":\"https:\/\/assetz.meest.com.br\/pt\/eventos\/\"},{\"@type\":\"ListItem\",\"position\":3,\"name\":\"Webinars\"}]}]}<\/script>\n<!-- \/ Yoast SEO plugin. -->","_links":{"self":[{"href":"https:\/\/assetz.meest.com.br\/es\/wp-json\/wp\/v2\/pages\/477","targetHints":{"allow":["GET"]}}],"collection":[{"href":"https:\/\/assetz.meest.com.br\/es\/wp-json\/wp\/v2\/pages"}],"about":[{"href":"https:\/\/assetz.meest.com.br\/es\/wp-json\/wp\/v2\/types\/page"}],"author":[{"embeddable":true,"href":"https:\/\/assetz.meest.com.br\/es\/wp-json\/wp\/v2\/users\/1"}],"replies":[{"embeddable":true,"href":"https:\/\/assetz.meest.com.br\/es\/wp-json\/wp\/v2\/comments?post=477"}],"version-history":[{"count":19,"href":"https:\/\/assetz.meest.com.br\/es\/wp-json\/wp\/v2\/pages\/477\/revisions"}],"predecessor-version":[{"id":1557,"href":"https:\/\/assetz.meest.com.br\/es\/wp-json\/wp\/v2\/pages\/477\/revisions\/1557"}],"up":[{"embeddable":true,"href":"https:\/\/assetz.meest.com.br\/es\/wp-json\/wp\/v2\/pages\/138"}],"wp:featuredmedia":[{"embeddable":true,"href":"https:\/\/assetz.meest.com.br\/es\/wp-json\/wp\/v2\/media\/1101"}],"wp:attachment":[{"href":"https:\/\/assetz.meest.com.br\/es\/wp-json\/wp\/v2\/media?parent=477"}],"curies":[{"name":"wp","href":"https:\/\/api.w.org\/{rel}","templated":true}]}}