{"id":557,"date":"2021-06-01T17:29:29","date_gmt":"2021-06-01T20:29:29","guid":{"rendered":"https:\/\/assetz.meest.com.br\/pt\/?page_id=557"},"modified":"2024-06-13T18:24:41","modified_gmt":"2024-06-13T21:24:41","slug":"areas-de-especializacao","status":"publish","type":"page","link":"https:\/\/assetz.meest.com.br\/es\/servicos\/areas-de-especializacao\/","title":{"rendered":"\u00c1reas de Especializaci\u00f3n"},"content":{"rendered":"\n<p>El \u00e1rea financiera de una organizaci\u00f3n se considera cada vez m\u00e1s fundamental para la definici\u00f3n y seguimiento de la estrategia empresarial y es pieza clave en el desarrollo del negocio, ya que ampl\u00eda su responsabilidad y su relevancia interna.<\/p>\n\n\n\n<p>Assetz, en su labor dedicada a la contrataci\u00f3n exclusiva en Finanzas, logra mantenerse al d\u00eda con las tendencias, tecnicismos, movimientos de Ejecutivos y mejores pr\u00e1cticas del \u00e1rea.&nbsp;<\/p>\n\n\n\n<p>Por lo tanto, somos capaces de comprender de manera profunda la descripci\u00f3n y desaf\u00edos del puesto conducido a lo largo de todas las especialidades financieras y en empresas de los m\u00e1s variados sectores de la econom\u00eda, estructuras accionarias, nacionalidades y tama\u00f1os.<\/p>\n","protected":false},"excerpt":{"rendered":"<p>El \u00e1rea financiera de una organizaci\u00f3n se considera cada vez m\u00e1s fundamental para la definici\u00f3n y seguimiento de la estrategia empresarial y es pieza clave en el desarrollo del negocio, ya que ampl\u00eda su responsabilidad y su relevancia interna. Assetz, en su labor dedicada a la contrataci\u00f3n exclusiva en Finanzas, logra mantenerse al d\u00eda con &hellip; <a href=\"https:\/\/assetz.meest.com.br\/es\/servicos\/areas-de-especializacao\/\">Continued<\/a><\/p>\n","protected":false},"author":1,"featured_media":1013,"parent":144,"menu_order":0,"comment_status":"closed","ping_status":"closed","template":"views\/template-services-especializacao.blade.php","meta":{"footnotes":""},"class_list":["post-557","page","type-page","status-publish","has-post-thumbnail","hentry"],"yoast_head":"<!-- This site is optimized with the Yoast SEO plugin v16.5 - https:\/\/yoast.com\/wordpress\/plugins\/seo\/ -->\n<title>\u00c1reas de Especializaci\u00f3n<\/title>\n<meta name=\"robots\" content=\"noindex, follow, max-snippet:-1, max-image-preview:large, max-video-preview:-1\" \/>\n<meta property=\"og:locale\" content=\"es_ES\" \/>\n<meta property=\"og:locale:alternate\" content=\"pt_BR\" \/>\n<meta property=\"og:locale:alternate\" content=\"en_US\" \/>\n<meta property=\"og:type\" content=\"article\" \/>\n<meta property=\"og:title\" content=\"\u00c1reas de Especializaci\u00f3n\" \/>\n<meta property=\"og:description\" content=\"El \u00e1rea financiera de una organizaci\u00f3n se considera cada vez m\u00e1s fundamental para la definici\u00f3n y seguimiento de la estrategia empresarial y es pieza clave en el desarrollo del negocio, ya que ampl\u00eda su responsabilidad y su relevancia interna. Assetz, en su labor dedicada a la contrataci\u00f3n exclusiva en Finanzas, logra mantenerse al d\u00eda con &hellip; Continued\" \/>\n<meta property=\"og:url\" content=\"https:\/\/assetz.meest.com.br\/es\/servicos\/areas-de-especializacao\/\" \/>\n<meta property=\"og:site_name\" content=\"Assetz\" \/>\n<meta property=\"article:modified_time\" content=\"2024-06-13T21:24:41+00:00\" \/>\n<meta property=\"og:image\" content=\"https:\/\/www.assetz.com.br\/app\/uploads\/2021\/06\/iStock-1133767665.jpg\" \/>\n\t<meta property=\"og:image:width\" content=\"2109\" \/>\n\t<meta property=\"og:image:height\" content=\"517\" \/>\n<meta name=\"twitter:card\" content=\"summary_large_image\" \/>\n<meta name=\"twitter:label1\" content=\"Est. reading time\" \/>\n\t<meta name=\"twitter:data1\" content=\"1 minute\" \/>\n<script type=\"application\/ld+json\" class=\"yoast-schema-graph\">{\"@context\":\"https:\/\/schema.org\",\"@graph\":[{\"@type\":\"WebSite\",\"@id\":\"https:\/\/assetz.meest.com.br\/#website\",\"url\":\"https:\/\/assetz.meest.com.br\/\",\"name\":\"Assetz\",\"description\":\"Excelencia en Reclutamiento y Selecci\\u00f3n de Ejecutivos en Finanzas\",\"potentialAction\":[{\"@type\":\"SearchAction\",\"target\":\"https:\/\/assetz.meest.com.br\/?s={search_term_string}\",\"query-input\":\"required name=search_term_string\"}],\"inLanguage\":\"es-ES\"},{\"@type\":\"ImageObject\",\"@id\":\"https:\/\/assetz.meest.com.br\/es\/servicos\/areas-de-especializacao\/#primaryimage\",\"inLanguage\":\"es-ES\",\"url\":\"https:\/\/assetz.meest.com.br\/app\/uploads\/2021\/06\/iStock-1133767665.jpg\",\"contentUrl\":\"https:\/\/assetz.meest.com.br\/app\/uploads\/2021\/06\/iStock-1133767665.jpg\",\"width\":2109,\"height\":517,\"caption\":\"[:pt]Shot of thinking financial advisor businessman working at office.[:]\"},{\"@type\":\"WebPage\",\"@id\":\"https:\/\/assetz.meest.com.br\/es\/servicos\/areas-de-especializacao\/#webpage\",\"url\":\"https:\/\/assetz.meest.com.br\/es\/servicos\/areas-de-especializacao\/\",\"name\":\"[:pt]\\u00c1reas de Especializa\\u00e7\\u00e3o[:en]Specialization Areas[:es]\\u00c1reas de Especializaci\\u00f3n[:] - Assetz\",\"isPartOf\":{\"@id\":\"https:\/\/assetz.meest.com.br\/#website\"},\"primaryImageOfPage\":{\"@id\":\"https:\/\/assetz.meest.com.br\/es\/servicos\/areas-de-especializacao\/#primaryimage\"},\"datePublished\":\"2021-06-01T20:29:29+00:00\",\"dateModified\":\"2024-06-13T21:24:41+00:00\",\"breadcrumb\":{\"@id\":\"https:\/\/assetz.meest.com.br\/es\/servicos\/areas-de-especializacao\/#breadcrumb\"},\"inLanguage\":\"es-ES\",\"potentialAction\":[{\"@type\":\"ReadAction\",\"target\":[\"https:\/\/assetz.meest.com.br\/es\/servicos\/areas-de-especializacao\/\"]}]},{\"@type\":\"BreadcrumbList\",\"@id\":\"https:\/\/assetz.meest.com.br\/es\/servicos\/areas-de-especializacao\/#breadcrumb\",\"itemListElement\":[{\"@type\":\"ListItem\",\"position\":1,\"name\":\"Home\",\"item\":\"https:\/\/assetz.meest.com.br\/pt\/\"},{\"@type\":\"ListItem\",\"position\":2,\"name\":\"Services\",\"item\":\"https:\/\/assetz.meest.com.br\/es\/servicos\/\"},{\"@type\":\"ListItem\",\"position\":3,\"name\":\"\\u00c1reas de Especializa\\u00e7\\u00e3o\"}]}]}<\/script>\n<!-- \/ Yoast SEO plugin. -->","_links":{"self":[{"href":"https:\/\/assetz.meest.com.br\/es\/wp-json\/wp\/v2\/pages\/557","targetHints":{"allow":["GET"]}}],"collection":[{"href":"https:\/\/assetz.meest.com.br\/es\/wp-json\/wp\/v2\/pages"}],"about":[{"href":"https:\/\/assetz.meest.com.br\/es\/wp-json\/wp\/v2\/types\/page"}],"author":[{"embeddable":true,"href":"https:\/\/assetz.meest.com.br\/es\/wp-json\/wp\/v2\/users\/1"}],"replies":[{"embeddable":true,"href":"https:\/\/assetz.meest.com.br\/es\/wp-json\/wp\/v2\/comments?post=557"}],"version-history":[{"count":38,"href":"https:\/\/assetz.meest.com.br\/es\/wp-json\/wp\/v2\/pages\/557\/revisions"}],"predecessor-version":[{"id":3665,"href":"https:\/\/assetz.meest.com.br\/es\/wp-json\/wp\/v2\/pages\/557\/revisions\/3665"}],"up":[{"embeddable":true,"href":"https:\/\/assetz.meest.com.br\/es\/wp-json\/wp\/v2\/pages\/144"}],"wp:featuredmedia":[{"embeddable":true,"href":"https:\/\/assetz.meest.com.br\/es\/wp-json\/wp\/v2\/media\/1013"}],"wp:attachment":[{"href":"https:\/\/assetz.meest.com.br\/es\/wp-json\/wp\/v2\/media?parent=557"}],"curies":[{"name":"wp","href":"https:\/\/api.w.org\/{rel}","templated":true}]}}