{"id":578,"date":"2021-06-02T09:37:33","date_gmt":"2021-06-02T12:37:33","guid":{"rendered":"https:\/\/assetz.meest.com.br\/pt\/?page_id=578"},"modified":"2021-07-29T16:41:20","modified_gmt":"2021-07-29T19:41:20","slug":"processo","status":"publish","type":"page","link":"https:\/\/assetz.meest.com.br\/es\/servicos\/processo\/","title":{"rendered":"Proceso"},"content":{"rendered":"\n<p>Todas las etapas son realizadas directamente por sus socios fundadores, el proceso de reclutamiento y selecci\u00f3n de Assetz es s\u00f3lido y reconocido, especialmente por su excelencia, personalizaci\u00f3n y transparencia. Mediante la ejecuci\u00f3n de una estrategia definida en base a su vasto conocimiento sobre el mercado laboral en Finanzas y el uso de las m\u00e1s diversas formas y herramientas de b\u00fasqueda, Assetz se compromete a encontrar los candidatos con las habilidades t\u00e9cnicas y conductuales m\u00e1s acordes a las necesidades de la empresa y a hacer un seguimiento tanto de su adaptaci\u00f3n como de su evoluci\u00f3n en la nueva empresa.<\/p>\n","protected":false},"excerpt":{"rendered":"<p>Todas las etapas son realizadas directamente por sus socios fundadores, el proceso de reclutamiento y selecci\u00f3n de Assetz es s\u00f3lido y reconocido, especialmente por su excelencia, personalizaci\u00f3n y transparencia. Mediante la ejecuci\u00f3n de una estrategia definida en base a su vasto conocimiento sobre el mercado laboral en Finanzas y el uso de las m\u00e1s diversas &hellip; <a href=\"https:\/\/assetz.meest.com.br\/es\/servicos\/processo\/\">Continued<\/a><\/p>\n","protected":false},"author":1,"featured_media":1014,"parent":144,"menu_order":0,"comment_status":"closed","ping_status":"closed","template":"views\/template-services-processo.blade.php","meta":{"footnotes":""},"class_list":["post-578","page","type-page","status-publish","has-post-thumbnail","hentry"],"yoast_head":"<!-- This site is optimized with the Yoast SEO plugin v16.5 - https:\/\/yoast.com\/wordpress\/plugins\/seo\/ -->\n<title>Proceso<\/title>\n<meta name=\"robots\" content=\"noindex, follow, max-snippet:-1, max-image-preview:large, max-video-preview:-1\" \/>\n<meta property=\"og:locale\" content=\"es_ES\" \/>\n<meta property=\"og:locale:alternate\" content=\"pt_BR\" \/>\n<meta property=\"og:locale:alternate\" content=\"en_US\" \/>\n<meta property=\"og:type\" content=\"article\" \/>\n<meta property=\"og:title\" content=\"Proceso\" \/>\n<meta property=\"og:description\" content=\"Todas las etapas son realizadas directamente por sus socios fundadores, el proceso de reclutamiento y selecci\u00f3n de Assetz es s\u00f3lido y reconocido, especialmente por su excelencia, personalizaci\u00f3n y transparencia. Mediante la ejecuci\u00f3n de una estrategia definida en base a su vasto conocimiento sobre el mercado laboral en Finanzas y el uso de las m\u00e1s diversas &hellip; Continued\" \/>\n<meta property=\"og:url\" content=\"https:\/\/assetz.meest.com.br\/es\/servicos\/processo\/\" \/>\n<meta property=\"og:site_name\" content=\"Assetz\" \/>\n<meta property=\"article:modified_time\" content=\"2021-07-29T19:41:20+00:00\" \/>\n<meta property=\"og:image\" content=\"https:\/\/www.assetz.com.br\/app\/uploads\/2021\/06\/iStock-132264335.jpg\" \/>\n\t<meta property=\"og:image:width\" content=\"1731\" \/>\n\t<meta property=\"og:image:height\" content=\"627\" \/>\n<meta name=\"twitter:card\" content=\"summary_large_image\" \/>\n<meta name=\"twitter:label1\" content=\"Est. reading time\" \/>\n\t<meta name=\"twitter:data1\" content=\"1 minute\" \/>\n<script type=\"application\/ld+json\" class=\"yoast-schema-graph\">{\"@context\":\"https:\/\/schema.org\",\"@graph\":[{\"@type\":\"WebSite\",\"@id\":\"https:\/\/assetz.meest.com.br\/#website\",\"url\":\"https:\/\/assetz.meest.com.br\/\",\"name\":\"Assetz\",\"description\":\"Excelencia en Reclutamiento y Selecci\\u00f3n de Ejecutivos en Finanzas\",\"potentialAction\":[{\"@type\":\"SearchAction\",\"target\":\"https:\/\/assetz.meest.com.br\/?s={search_term_string}\",\"query-input\":\"required name=search_term_string\"}],\"inLanguage\":\"es-ES\"},{\"@type\":\"ImageObject\",\"@id\":\"https:\/\/assetz.meest.com.br\/es\/servicos\/processo\/#primaryimage\",\"inLanguage\":\"es-ES\",\"url\":\"https:\/\/assetz.meest.com.br\/app\/uploads\/2021\/06\/iStock-132264335.jpg\",\"contentUrl\":\"https:\/\/assetz.meest.com.br\/app\/uploads\/2021\/06\/iStock-132264335.jpg\",\"width\":1731,\"height\":627,\"caption\":\"[:pt]New Jersey[:]\"},{\"@type\":\"WebPage\",\"@id\":\"https:\/\/assetz.meest.com.br\/es\/servicos\/processo\/#webpage\",\"url\":\"https:\/\/assetz.meest.com.br\/es\/servicos\/processo\/\",\"name\":\"[:pt]Processo[:en]Process[:es]Proceso[:] - Assetz\",\"isPartOf\":{\"@id\":\"https:\/\/assetz.meest.com.br\/#website\"},\"primaryImageOfPage\":{\"@id\":\"https:\/\/assetz.meest.com.br\/es\/servicos\/processo\/#primaryimage\"},\"datePublished\":\"2021-06-02T12:37:33+00:00\",\"dateModified\":\"2021-07-29T19:41:20+00:00\",\"breadcrumb\":{\"@id\":\"https:\/\/assetz.meest.com.br\/es\/servicos\/processo\/#breadcrumb\"},\"inLanguage\":\"es-ES\",\"potentialAction\":[{\"@type\":\"ReadAction\",\"target\":[\"https:\/\/assetz.meest.com.br\/es\/servicos\/processo\/\"]}]},{\"@type\":\"BreadcrumbList\",\"@id\":\"https:\/\/assetz.meest.com.br\/es\/servicos\/processo\/#breadcrumb\",\"itemListElement\":[{\"@type\":\"ListItem\",\"position\":1,\"name\":\"Home\",\"item\":\"https:\/\/assetz.meest.com.br\/pt\/\"},{\"@type\":\"ListItem\",\"position\":2,\"name\":\"Services\",\"item\":\"https:\/\/assetz.meest.com.br\/es\/servicos\/\"},{\"@type\":\"ListItem\",\"position\":3,\"name\":\"Process\"}]}]}<\/script>\n<!-- \/ Yoast SEO plugin. -->","_links":{"self":[{"href":"https:\/\/assetz.meest.com.br\/es\/wp-json\/wp\/v2\/pages\/578","targetHints":{"allow":["GET"]}}],"collection":[{"href":"https:\/\/assetz.meest.com.br\/es\/wp-json\/wp\/v2\/pages"}],"about":[{"href":"https:\/\/assetz.meest.com.br\/es\/wp-json\/wp\/v2\/types\/page"}],"author":[{"embeddable":true,"href":"https:\/\/assetz.meest.com.br\/es\/wp-json\/wp\/v2\/users\/1"}],"replies":[{"embeddable":true,"href":"https:\/\/assetz.meest.com.br\/es\/wp-json\/wp\/v2\/comments?post=578"}],"version-history":[{"count":44,"href":"https:\/\/assetz.meest.com.br\/es\/wp-json\/wp\/v2\/pages\/578\/revisions"}],"predecessor-version":[{"id":1750,"href":"https:\/\/assetz.meest.com.br\/es\/wp-json\/wp\/v2\/pages\/578\/revisions\/1750"}],"up":[{"embeddable":true,"href":"https:\/\/assetz.meest.com.br\/es\/wp-json\/wp\/v2\/pages\/144"}],"wp:featuredmedia":[{"embeddable":true,"href":"https:\/\/assetz.meest.com.br\/es\/wp-json\/wp\/v2\/media\/1014"}],"wp:attachment":[{"href":"https:\/\/assetz.meest.com.br\/es\/wp-json\/wp\/v2\/media?parent=578"}],"curies":[{"name":"wp","href":"https:\/\/api.w.org\/{rel}","templated":true}]}}