{"id":601,"date":"2021-06-02T09:50:07","date_gmt":"2021-06-02T12:50:07","guid":{"rendered":"https:\/\/assetz.meest.com.br\/pt\/?page_id=601"},"modified":"2021-07-29T18:05:43","modified_gmt":"2021-07-29T21:05:43","slug":"diferenciais","status":"publish","type":"page","link":"https:\/\/assetz.meest.com.br\/es\/servicos\/diferenciais\/","title":{"rendered":"Lo que nos Distingue"},"content":{"rendered":"\n<p>Al velar por un alto nivel de satisfacci\u00f3n y por la recurrencia en la labor junto a sus clientes, Assetz busca cada vez m\u00e1s ser un referente en el mercado brasile\u00f1o de reclutamiento de Ejecutivos en Finanzas a trav\u00e9s de la consolidaci\u00f3n de sus principales diferenciales:<\/p>\n","protected":false},"excerpt":{"rendered":"<p>Al velar por un alto nivel de satisfacci\u00f3n y por la recurrencia en la labor junto a sus clientes, Assetz busca cada vez m\u00e1s ser un referente en el mercado brasile\u00f1o de reclutamiento de Ejecutivos en Finanzas a trav\u00e9s de la consolidaci\u00f3n de sus principales diferenciales:<\/p>\n","protected":false},"author":1,"featured_media":1040,"parent":144,"menu_order":0,"comment_status":"closed","ping_status":"closed","template":"views\/template-topicos-foto.blade.php","meta":{"footnotes":""},"class_list":["post-601","page","type-page","status-publish","has-post-thumbnail","hentry"],"yoast_head":"<!-- This site is optimized with the Yoast SEO plugin v16.5 - https:\/\/yoast.com\/wordpress\/plugins\/seo\/ -->\n<title>Lo que nos Distingue<\/title>\n<meta name=\"robots\" content=\"noindex, follow, max-snippet:-1, max-image-preview:large, max-video-preview:-1\" \/>\n<meta property=\"og:locale\" content=\"es_ES\" \/>\n<meta property=\"og:locale:alternate\" content=\"pt_BR\" \/>\n<meta property=\"og:locale:alternate\" content=\"en_US\" \/>\n<meta property=\"og:type\" content=\"article\" \/>\n<meta property=\"og:title\" content=\"Lo que nos Distingue\" \/>\n<meta property=\"og:description\" content=\"Al velar por un alto nivel de satisfacci\u00f3n y por la recurrencia en la labor junto a sus clientes, Assetz busca cada vez m\u00e1s ser un referente en el mercado brasile\u00f1o de reclutamiento de Ejecutivos en Finanzas a trav\u00e9s de la consolidaci\u00f3n de sus principales diferenciales:\" \/>\n<meta property=\"og:url\" content=\"https:\/\/assetz.meest.com.br\/es\/servicos\/diferenciais\/\" \/>\n<meta property=\"og:site_name\" content=\"Assetz\" \/>\n<meta property=\"article:modified_time\" content=\"2021-07-29T21:05:43+00:00\" \/>\n<meta property=\"og:image\" content=\"https:\/\/www.assetz.com.br\/app\/uploads\/2021\/06\/iStock-1280128197.jpg\" \/>\n\t<meta property=\"og:image:width\" content=\"3863\" \/>\n\t<meta property=\"og:image:height\" content=\"1200\" \/>\n<meta name=\"twitter:card\" content=\"summary_large_image\" \/>\n<meta name=\"twitter:label1\" content=\"Est. reading time\" \/>\n\t<meta name=\"twitter:data1\" content=\"1 minute\" \/>\n<script type=\"application\/ld+json\" class=\"yoast-schema-graph\">{\"@context\":\"https:\/\/schema.org\",\"@graph\":[{\"@type\":\"WebSite\",\"@id\":\"https:\/\/assetz.meest.com.br\/#website\",\"url\":\"https:\/\/assetz.meest.com.br\/\",\"name\":\"Assetz\",\"description\":\"Excelencia en Reclutamiento y Selecci\\u00f3n de Ejecutivos en Finanzas\",\"potentialAction\":[{\"@type\":\"SearchAction\",\"target\":\"https:\/\/assetz.meest.com.br\/?s={search_term_string}\",\"query-input\":\"required name=search_term_string\"}],\"inLanguage\":\"es-ES\"},{\"@type\":\"ImageObject\",\"@id\":\"https:\/\/assetz.meest.com.br\/es\/servicos\/diferenciais\/#primaryimage\",\"inLanguage\":\"es-ES\",\"url\":\"https:\/\/assetz.meest.com.br\/app\/uploads\/2021\/06\/iStock-1280128197.jpg\",\"contentUrl\":\"https:\/\/assetz.meest.com.br\/app\/uploads\/2021\/06\/iStock-1280128197.jpg\",\"width\":3863,\"height\":1200,\"caption\":\"[:pt]Full length front view of Caucasian corporate professional in full suit walking with bicycle, helmet, and messenger bag while commuting to work.[:]\"},{\"@type\":\"WebPage\",\"@id\":\"https:\/\/assetz.meest.com.br\/es\/servicos\/diferenciais\/#webpage\",\"url\":\"https:\/\/assetz.meest.com.br\/es\/servicos\/diferenciais\/\",\"name\":\"[:pt]Diferenciais[:en]Differentials[:es]Lo que nos Distingue[:] - Assetz\",\"isPartOf\":{\"@id\":\"https:\/\/assetz.meest.com.br\/#website\"},\"primaryImageOfPage\":{\"@id\":\"https:\/\/assetz.meest.com.br\/es\/servicos\/diferenciais\/#primaryimage\"},\"datePublished\":\"2021-06-02T12:50:07+00:00\",\"dateModified\":\"2021-07-29T21:05:43+00:00\",\"breadcrumb\":{\"@id\":\"https:\/\/assetz.meest.com.br\/es\/servicos\/diferenciais\/#breadcrumb\"},\"inLanguage\":\"es-ES\",\"potentialAction\":[{\"@type\":\"ReadAction\",\"target\":[\"https:\/\/assetz.meest.com.br\/es\/servicos\/diferenciais\/\"]}]},{\"@type\":\"BreadcrumbList\",\"@id\":\"https:\/\/assetz.meest.com.br\/es\/servicos\/diferenciais\/#breadcrumb\",\"itemListElement\":[{\"@type\":\"ListItem\",\"position\":1,\"name\":\"Home\",\"item\":\"https:\/\/assetz.meest.com.br\/pt\/\"},{\"@type\":\"ListItem\",\"position\":2,\"name\":\"Services\",\"item\":\"https:\/\/assetz.meest.com.br\/es\/servicos\/\"},{\"@type\":\"ListItem\",\"position\":3,\"name\":\"Lo que nos Distingue\"}]}]}<\/script>\n<!-- \/ Yoast SEO plugin. -->","_links":{"self":[{"href":"https:\/\/assetz.meest.com.br\/es\/wp-json\/wp\/v2\/pages\/601","targetHints":{"allow":["GET"]}}],"collection":[{"href":"https:\/\/assetz.meest.com.br\/es\/wp-json\/wp\/v2\/pages"}],"about":[{"href":"https:\/\/assetz.meest.com.br\/es\/wp-json\/wp\/v2\/types\/page"}],"author":[{"embeddable":true,"href":"https:\/\/assetz.meest.com.br\/es\/wp-json\/wp\/v2\/users\/1"}],"replies":[{"embeddable":true,"href":"https:\/\/assetz.meest.com.br\/es\/wp-json\/wp\/v2\/comments?post=601"}],"version-history":[{"count":18,"href":"https:\/\/assetz.meest.com.br\/es\/wp-json\/wp\/v2\/pages\/601\/revisions"}],"predecessor-version":[{"id":1751,"href":"https:\/\/assetz.meest.com.br\/es\/wp-json\/wp\/v2\/pages\/601\/revisions\/1751"}],"up":[{"embeddable":true,"href":"https:\/\/assetz.meest.com.br\/es\/wp-json\/wp\/v2\/pages\/144"}],"wp:featuredmedia":[{"embeddable":true,"href":"https:\/\/assetz.meest.com.br\/es\/wp-json\/wp\/v2\/media\/1040"}],"wp:attachment":[{"href":"https:\/\/assetz.meest.com.br\/es\/wp-json\/wp\/v2\/media?parent=601"}],"curies":[{"name":"wp","href":"https:\/\/api.w.org\/{rel}","templated":true}]}}