{"id":2305,"date":"2022-05-02T18:01:00","date_gmt":"2022-05-02T21:01:00","guid":{"rendered":"https:\/\/www.assetz.com.br\/pt\/?page_id=2305"},"modified":"2024-12-02T16:12:11","modified_gmt":"2024-12-02T19:12:11","slug":"career-insights","status":"publish","type":"page","link":"https:\/\/assetz.meest.com.br\/pt\/conteudos\/career-insights\/","title":{"rendered":"Career Insights"},"content":{"rendered":"\n<p>Na editoria \u201cCareer Insights\u201d, publicamos artigos produzidos por Executivos de Finan\u00e7as e RH, CEOs e Conselheiros, que se aprofundam em suas \u00e1reas de expertise e compartilham suas trajet\u00f3rias, reflex\u00f5es e pondera\u00e7\u00f5es sobre carreira, al\u00e9m de aprendizados e dicas sobre lideran\u00e7a para o sucesso nas organiza\u00e7\u00f5es.<\/p>\n","protected":false},"excerpt":{"rendered":"<p>Na editoria \u201cCareer Insights\u201d, publicamos artigos produzidos por Executivos de Finan\u00e7as e RH, CEOs e Conselheiros, que se aprofundam em suas \u00e1reas de expertise e compartilham suas trajet\u00f3rias, reflex\u00f5es e pondera\u00e7\u00f5es sobre carreira, al\u00e9m de aprendizados e dicas sobre lideran\u00e7a para o sucesso nas organiza\u00e7\u00f5es.<\/p>\n","protected":false},"author":1,"featured_media":2392,"parent":140,"menu_order":4,"comment_status":"closed","ping_status":"closed","template":"views\/template-lista-simples.blade.php","meta":{"footnotes":""},"class_list":["post-2305","page","type-page","status-publish","has-post-thumbnail","hentry"],"yoast_head":"<!-- This site is optimized with the Yoast SEO plugin v16.5 - https:\/\/yoast.com\/wordpress\/plugins\/seo\/ -->\n<title>Career Insights<\/title>\n<meta name=\"robots\" content=\"noindex, follow, max-snippet:-1, max-image-preview:large, max-video-preview:-1\" \/>\n<meta property=\"og:locale\" content=\"pt_BR\" \/>\n<meta property=\"og:locale:alternate\" content=\"en_US\" \/>\n<meta property=\"og:locale:alternate\" content=\"es_ES\" \/>\n<meta property=\"og:type\" content=\"article\" \/>\n<meta property=\"og:title\" content=\"Career Insights\" \/>\n<meta property=\"og:description\" content=\"Na editoria \u201cCareer Insights\u201d, publicamos artigos produzidos por Executivos de Finan\u00e7as e RH, CEOs e Conselheiros, que se aprofundam em suas \u00e1reas de expertise e compartilham suas trajet\u00f3rias, reflex\u00f5es e pondera\u00e7\u00f5es sobre carreira, al\u00e9m de aprendizados e dicas sobre lideran\u00e7a para o sucesso nas organiza\u00e7\u00f5es.\" \/>\n<meta property=\"og:url\" content=\"https:\/\/assetz.meest.com.br\/pt\/conteudos\/career-insights\/\" \/>\n<meta property=\"og:site_name\" content=\"Assetz\" \/>\n<meta property=\"article:modified_time\" content=\"2024-12-02T19:12:11+00:00\" \/>\n<meta property=\"og:image\" content=\"https:\/\/www.assetz.com.br\/app\/uploads\/2022\/05\/assetz-career-insights-1.png\" \/>\n\t<meta property=\"og:image:width\" content=\"1275\" \/>\n\t<meta property=\"og:image:height\" content=\"913\" \/>\n<meta name=\"twitter:card\" content=\"summary_large_image\" \/>\n<meta name=\"twitter:label1\" content=\"Est. reading time\" \/>\n\t<meta name=\"twitter:data1\" content=\"1 minuto\" \/>\n<script type=\"application\/ld+json\" class=\"yoast-schema-graph\">{\"@context\":\"https:\/\/schema.org\",\"@graph\":[{\"@type\":\"WebSite\",\"@id\":\"https:\/\/assetz.meest.com.br\/#website\",\"url\":\"https:\/\/assetz.meest.com.br\/\",\"name\":\"Assetz\",\"description\":\"Excel\\u00eancia em Recrutamento e Sele\\u00e7\\u00e3o de Executivos de Finan\\u00e7as\",\"potentialAction\":[{\"@type\":\"SearchAction\",\"target\":\"https:\/\/assetz.meest.com.br\/?s={search_term_string}\",\"query-input\":\"required name=search_term_string\"}],\"inLanguage\":\"pt-BR\"},{\"@type\":\"ImageObject\",\"@id\":\"https:\/\/assetz.meest.com.br\/es\/conteudos\/career-insights\/#primaryimage\",\"inLanguage\":\"pt-BR\",\"url\":\"https:\/\/assetz.meest.com.br\/app\/uploads\/2022\/05\/assetz-career-insights-1.png\",\"contentUrl\":\"https:\/\/assetz.meest.com.br\/app\/uploads\/2022\/05\/assetz-career-insights-1.png\",\"width\":1275,\"height\":913},{\"@type\":\"WebPage\",\"@id\":\"https:\/\/assetz.meest.com.br\/es\/conteudos\/career-insights\/#webpage\",\"url\":\"https:\/\/assetz.meest.com.br\/es\/conteudos\/career-insights\/\",\"name\":\"[:pt]Career Insights[:] - Assetz\",\"isPartOf\":{\"@id\":\"https:\/\/assetz.meest.com.br\/#website\"},\"primaryImageOfPage\":{\"@id\":\"https:\/\/assetz.meest.com.br\/es\/conteudos\/career-insights\/#primaryimage\"},\"datePublished\":\"2022-05-02T21:01:00+00:00\",\"dateModified\":\"2024-12-02T19:12:11+00:00\",\"breadcrumb\":{\"@id\":\"https:\/\/assetz.meest.com.br\/es\/conteudos\/career-insights\/#breadcrumb\"},\"inLanguage\":\"pt-BR\",\"potentialAction\":[{\"@type\":\"ReadAction\",\"target\":[\"https:\/\/assetz.meest.com.br\/es\/conteudos\/career-insights\/\"]}]},{\"@type\":\"BreadcrumbList\",\"@id\":\"https:\/\/assetz.meest.com.br\/es\/conteudos\/career-insights\/#breadcrumb\",\"itemListElement\":[{\"@type\":\"ListItem\",\"position\":1,\"name\":\"Home\",\"item\":\"https:\/\/assetz.meest.com.br\/pt\/\"},{\"@type\":\"ListItem\",\"position\":2,\"name\":\"Contenido\",\"item\":\"https:\/\/assetz.meest.com.br\/en\/conteudos\/\"},{\"@type\":\"ListItem\",\"position\":3,\"name\":\"Career Insights\"}]}]}<\/script>\n<!-- \/ Yoast SEO plugin. -->","_links":{"self":[{"href":"https:\/\/assetz.meest.com.br\/pt\/wp-json\/wp\/v2\/pages\/2305","targetHints":{"allow":["GET"]}}],"collection":[{"href":"https:\/\/assetz.meest.com.br\/pt\/wp-json\/wp\/v2\/pages"}],"about":[{"href":"https:\/\/assetz.meest.com.br\/pt\/wp-json\/wp\/v2\/types\/page"}],"author":[{"embeddable":true,"href":"https:\/\/assetz.meest.com.br\/pt\/wp-json\/wp\/v2\/users\/1"}],"replies":[{"embeddable":true,"href":"https:\/\/assetz.meest.com.br\/pt\/wp-json\/wp\/v2\/comments?post=2305"}],"version-history":[{"count":36,"href":"https:\/\/assetz.meest.com.br\/pt\/wp-json\/wp\/v2\/pages\/2305\/revisions"}],"predecessor-version":[{"id":4325,"href":"https:\/\/assetz.meest.com.br\/pt\/wp-json\/wp\/v2\/pages\/2305\/revisions\/4325"}],"up":[{"embeddable":true,"href":"https:\/\/assetz.meest.com.br\/pt\/wp-json\/wp\/v2\/pages\/140"}],"wp:featuredmedia":[{"embeddable":true,"href":"https:\/\/assetz.meest.com.br\/pt\/wp-json\/wp\/v2\/media\/2392"}],"wp:attachment":[{"href":"https:\/\/assetz.meest.com.br\/pt\/wp-json\/wp\/v2\/media?parent=2305"}],"curies":[{"name":"wp","href":"https:\/\/api.w.org\/{rel}","templated":true}]}}