{"id":2538,"date":"2022-08-04T15:59:43","date_gmt":"2022-08-04T18:59:43","guid":{"rendered":"https:\/\/www.assetz.com.br\/pt\/?page_id=2538"},"modified":"2022-10-02T21:37:01","modified_gmt":"2022-10-03T00:37:01","slug":"ptprotecao-de-dadosendata-protectionesproteccion-de-datos","status":"publish","type":"page","link":"https:\/\/assetz.meest.com.br\/pt\/institucional\/ptprotecao-de-dadosendata-protectionesproteccion-de-datos\/","title":{"rendered":"Prote\u00e7\u00e3o de Dados"},"content":{"rendered":"\n<h3 class=\"wp-block-heading\"><strong>Como a Assetz protege seus dados?&nbsp;<\/strong><\/h3>\n\n\n\n<p>A Assetz est\u00e1 100% em conformidade com a Lei Geral de Prote\u00e7\u00e3o de Dados (LGPD) e segue v\u00e1rias boas pr\u00e1ticas de seguran\u00e7a da informa\u00e7\u00e3o para proteger seus dados.&nbsp;<\/p>\n\n\n\n<h3 class=\"wp-block-heading\"><strong>Quem \u00e9 a Assetz no tratamento de dados?<\/strong><\/h3>\n\n\n\n<p>Somos controladores dos dados pessoais que detemos, ou seja, informa\u00e7\u00f5es sobre a carreira dos Executivos de Finan\u00e7as que nos procuram. Somos controladores porque, em geral, coletamos dados diretamente dos candidatos, gerenciamos a comunica\u00e7\u00e3o com eles, al\u00e9m de determinarmos quais informa\u00e7\u00f5es s\u00e3o coletadas e como \u00e9 feito o seu processamento.<\/p>\n\n\n\n<p>Com a Assetz na posi\u00e7\u00e3o de controladora, os candidatos encontram ainda maior seguran\u00e7a, uma vez que podem contar com altos padr\u00f5es de seguran\u00e7a da informa\u00e7\u00e3o e com a nossa responsabilidade pelo processamento. Ademais, nossos clientes corporativos ficam em posi\u00e7\u00e3o ainda mais segura tamb\u00e9m, haja vista que as responsabilidades pelo processamento dos dados pessoais s\u00e3o divididas entre n\u00f3s. A posi\u00e7\u00e3o de controlador de dados da Assetz n\u00e3o afasta nossos clientes de sua posi\u00e7\u00e3o tamb\u00e9m de controladores e dos poderes que, com isso, det\u00eam sobre os dados que compartilharem conosco, caso esta posi\u00e7\u00e3o lhe seja atribu\u00edda por lei.<\/p>\n\n\n\n<h3 class=\"wp-block-heading\"><strong>Coleta e fundamentos do processamento<\/strong><\/h3>\n\n\n\n<p>Para processar dados pessoais, exceto em situa\u00e7\u00f5es espec\u00edficas que apontamos em nossa Pol\u00edtica de Privacidade, nos valemos da base legal do cumprimento do contrato que temos com os candidatos ou com nossos clientes corporativos. Ou seja, utilizamos os dados \u00fanica e exclusivamente para ajudar os candidatos a encontrarem uma vaga adequada a seu perfil. Os dados pessoais que coletamos nunca s\u00e3o utilizados para outras finalidades, nem compartilhados com terceiros em desrespeito a essa base legal, como detalhamos em nossa pol\u00edtica.<\/p>\n\n\n\n<p>Em compromisso com a sua privacidade, a Assetz n\u00e3o recebe bases de dados de terceiros, nem compartilha dados pessoais com quaisquer parceiros comerciais \u2013 exceto se estritamente necess\u00e1rio para que voc\u00ea possa participar de um processo seletivo ou situa\u00e7\u00e3o equivalente, e sempre em estrita concord\u00e2ncia com o que est\u00e1 em nossa Pol\u00edtica de Privacidade.&nbsp;<\/p>\n\n\n\n<p>\u00c9 poss\u00edvel que coletemos informa\u00e7\u00f5es publicamente dispon\u00edveis na rede social LinkedIn, mas, nesse caso, as utilizaremos t\u00e3o somente para a raz\u00e3o de sua disponibiliza\u00e7\u00e3o, ou seja, sua visibilidade para potenciais empregadores. Tamb\u00e9m, nunca buscaremos coletar ou armazenar dados sens\u00edveis sobre voc\u00ea.<\/p>\n\n\n\n<p>A Assetz nunca processar\u00e1 uma informa\u00e7\u00e3o pessoal sua que n\u00e3o respeite as regras apontadas acima. Por isso, por exemplo, n\u00e3o aceitamos curr\u00edculos enviados por terceiros sem que existam mecanismos legais para garantir que voc\u00ea est\u00e1 ciente e deseja que a Assetz o ajude a encontrar uma vaga.<\/p>\n\n\n\n<h3 class=\"wp-block-heading\"><strong>Sua seguran\u00e7a e direitos<\/strong><\/h3>\n\n\n\n<p>Dentro da Assetz, todos os dados pessoais s\u00e3o protegidos com camadas de seguran\u00e7a como a criptografia no armazenamento e transmiss\u00e3o dos dados, acesso por autentica\u00e7\u00e3o dupla, controle de acesso utilizando-se do princ\u00edpio do \u201cprivil\u00e9gio m\u00ednimo\u201d, reten\u00e7\u00e3o de <em>logs <\/em>de acesso, entre outros.<\/p>\n\n\n\n<p>Voc\u00ea pode, a qualquer momento, exercer perante a Assetz os direitos que det\u00e9m sob a LGPD. Ent\u00e3o, ao nos enviar um e-mail para o endere\u00e7o que apontamos abaixo, voc\u00ea pode pedir que seus dados sejam exclu\u00eddos, corrigidos, ou que n\u00f3s lhe mostremos uma c\u00f3pia deles. A ideia \u00e9 tranquiliz\u00e1-lo para confiar suas informa\u00e7\u00f5es conosco e lhe dar sempre total controle sobre o que \u00e9 feito com seus dados pessoais.<\/p>\n\n\n\n<h3 class=\"wp-block-heading\"><strong>A Assetz contrata operadores?<\/strong><\/h3>\n\n\n\n<p>Em casos muito limitados, como detalhados em nossa Pol\u00edtica de Privacidade, sim. Em resumo, e lembrando que a Assetz assume a responsabilidade pelos seus operadores, contratamos empresas ligadas ao armazenamento dos dados (Microsoft), comunica\u00e7\u00e3o com os candidatos (WhatsApp), e gerenciamento dos dados de candidatura (ClockWork).&nbsp;<\/p>\n\n\n\n<p>Caso queira se aprofundar em como suas informa\u00e7\u00f5es s\u00e3o protegidas, convidamos voc\u00ea a ler nossa Pol\u00edtica de Privacidade fazendo o <a href=\"https:\/\/www.assetz.com.br\/app\/uploads\/2022\/08\/Politica-de-Privacidade_Assetz.pdf\" target=\"_blank\" rel=\"noreferrer noopener\">download do material<\/a> ou a nos enviar um e-mail para <a href=\"mailto:contato@assetz.com.br\">contato@assetz.com.br<\/a>.<\/p>\n","protected":false},"excerpt":{"rendered":"<p>Como a Assetz protege seus dados?&nbsp; A Assetz est\u00e1 100% em conformidade com a Lei Geral de Prote\u00e7\u00e3o de Dados (LGPD) e segue v\u00e1rias boas pr\u00e1ticas de seguran\u00e7a da informa\u00e7\u00e3o para proteger seus dados.&nbsp; Quem \u00e9 a Assetz no tratamento de dados? Somos controladores dos dados pessoais que detemos, ou seja, informa\u00e7\u00f5es sobre a carreira &hellip; <a href=\"https:\/\/assetz.meest.com.br\/pt\/institucional\/ptprotecao-de-dadosendata-protectionesproteccion-de-datos\/\">Continued<\/a><\/p>\n","protected":false},"author":1,"featured_media":1092,"parent":6,"menu_order":0,"comment_status":"closed","ping_status":"closed","template":"","meta":{"footnotes":""},"class_list":["post-2538","page","type-page","status-publish","has-post-thumbnail","hentry"],"yoast_head":"<!-- This site is optimized with the Yoast SEO plugin v16.5 - https:\/\/yoast.com\/wordpress\/plugins\/seo\/ -->\n<title>Prote\u00e7\u00e3o de Dados<\/title>\n<meta name=\"robots\" content=\"noindex, follow, max-snippet:-1, max-image-preview:large, max-video-preview:-1\" \/>\n<meta property=\"og:locale\" content=\"pt_BR\" \/>\n<meta property=\"og:locale:alternate\" content=\"en_US\" \/>\n<meta property=\"og:locale:alternate\" content=\"es_ES\" \/>\n<meta property=\"og:type\" content=\"article\" \/>\n<meta property=\"og:title\" content=\"Prote\u00e7\u00e3o de Dados\" \/>\n<meta property=\"og:description\" content=\"Como a Assetz protege seus dados?&nbsp; A Assetz est\u00e1 100% em conformidade com a Lei Geral de Prote\u00e7\u00e3o de Dados (LGPD) e segue v\u00e1rias boas pr\u00e1ticas de seguran\u00e7a da informa\u00e7\u00e3o para proteger seus dados.&nbsp; Quem \u00e9 a Assetz no tratamento de dados? Somos controladores dos dados pessoais que detemos, ou seja, informa\u00e7\u00f5es sobre a carreira &hellip; Continued\" \/>\n<meta property=\"og:url\" content=\"https:\/\/assetz.meest.com.br\/pt\/institucional\/ptprotecao-de-dadosendata-protectionesproteccion-de-datos\/\" \/>\n<meta property=\"og:site_name\" content=\"Assetz\" \/>\n<meta property=\"article:modified_time\" content=\"2022-10-03T00:37:01+00:00\" \/>\n<meta property=\"og:image\" content=\"https:\/\/www.assetz.com.br\/app\/uploads\/2021\/06\/iStock-1296539032.jpg\" \/>\n\t<meta property=\"og:image:width\" content=\"1454\" \/>\n\t<meta property=\"og:image:height\" content=\"818\" \/>\n<meta name=\"twitter:card\" content=\"summary_large_image\" \/>\n<meta name=\"twitter:label1\" content=\"Est. reading time\" \/>\n\t<meta name=\"twitter:data1\" content=\"3 minutos\" \/>\n<script type=\"application\/ld+json\" class=\"yoast-schema-graph\">{\"@context\":\"https:\/\/schema.org\",\"@graph\":[{\"@type\":\"WebSite\",\"@id\":\"https:\/\/assetz.meest.com.br\/#website\",\"url\":\"https:\/\/assetz.meest.com.br\/\",\"name\":\"Assetz\",\"description\":\"Excel\\u00eancia em Recrutamento e Sele\\u00e7\\u00e3o de Executivos de Finan\\u00e7as\",\"potentialAction\":[{\"@type\":\"SearchAction\",\"target\":\"https:\/\/assetz.meest.com.br\/?s={search_term_string}\",\"query-input\":\"required name=search_term_string\"}],\"inLanguage\":\"pt-BR\"},{\"@type\":\"ImageObject\",\"@id\":\"https:\/\/assetz.meest.com.br\/es\/institucional\/ptprotecao-de-dadosendata-protectionesproteccion-de-datos\/#primaryimage\",\"inLanguage\":\"pt-BR\",\"url\":\"https:\/\/assetz.meest.com.br\/app\/uploads\/2021\/06\/iStock-1296539032.jpg\",\"contentUrl\":\"https:\/\/assetz.meest.com.br\/app\/uploads\/2021\/06\/iStock-1296539032.jpg\",\"width\":1454,\"height\":818,\"caption\":\"[:pt]Shot of a two confident business persons sitting on a desk in the office using laptop and digital tablet. African-american businesswoman using mobile phone during meeting in board room. Businessman and businesswoman in meeting discussing business strategy. Business coworkers working together in the office.[:]\"},{\"@type\":\"WebPage\",\"@id\":\"https:\/\/assetz.meest.com.br\/es\/institucional\/ptprotecao-de-dadosendata-protectionesproteccion-de-datos\/#webpage\",\"url\":\"https:\/\/assetz.meest.com.br\/es\/institucional\/ptprotecao-de-dadosendata-protectionesproteccion-de-datos\/\",\"name\":\"[:pt]Prote\\u00e7\\u00e3o de Dados[:en]Data Protection[:es]Protecci\\u00f3n de Datos[:] - Assetz\",\"isPartOf\":{\"@id\":\"https:\/\/assetz.meest.com.br\/#website\"},\"primaryImageOfPage\":{\"@id\":\"https:\/\/assetz.meest.com.br\/es\/institucional\/ptprotecao-de-dadosendata-protectionesproteccion-de-datos\/#primaryimage\"},\"datePublished\":\"2022-08-04T18:59:43+00:00\",\"dateModified\":\"2022-10-03T00:37:01+00:00\",\"breadcrumb\":{\"@id\":\"https:\/\/assetz.meest.com.br\/es\/institucional\/ptprotecao-de-dadosendata-protectionesproteccion-de-datos\/#breadcrumb\"},\"inLanguage\":\"pt-BR\",\"potentialAction\":[{\"@type\":\"ReadAction\",\"target\":[\"https:\/\/assetz.meest.com.br\/es\/institucional\/ptprotecao-de-dadosendata-protectionesproteccion-de-datos\/\"]}]},{\"@type\":\"BreadcrumbList\",\"@id\":\"https:\/\/assetz.meest.com.br\/es\/institucional\/ptprotecao-de-dadosendata-protectionesproteccion-de-datos\/#breadcrumb\",\"itemListElement\":[{\"@type\":\"ListItem\",\"position\":1,\"name\":\"Home\",\"item\":\"https:\/\/assetz.meest.com.br\/pt\/\"},{\"@type\":\"ListItem\",\"position\":2,\"name\":\"Institucional\",\"item\":\"https:\/\/assetz.meest.com.br\/es\/institucional\/\"},{\"@type\":\"ListItem\",\"position\":3,\"name\":\"Prote\\u00e7\\u00e3o de Dados\"}]}]}<\/script>\n<!-- \/ Yoast SEO plugin. -->","_links":{"self":[{"href":"https:\/\/assetz.meest.com.br\/pt\/wp-json\/wp\/v2\/pages\/2538","targetHints":{"allow":["GET"]}}],"collection":[{"href":"https:\/\/assetz.meest.com.br\/pt\/wp-json\/wp\/v2\/pages"}],"about":[{"href":"https:\/\/assetz.meest.com.br\/pt\/wp-json\/wp\/v2\/types\/page"}],"author":[{"embeddable":true,"href":"https:\/\/assetz.meest.com.br\/pt\/wp-json\/wp\/v2\/users\/1"}],"replies":[{"embeddable":true,"href":"https:\/\/assetz.meest.com.br\/pt\/wp-json\/wp\/v2\/comments?post=2538"}],"version-history":[{"count":36,"href":"https:\/\/assetz.meest.com.br\/pt\/wp-json\/wp\/v2\/pages\/2538\/revisions"}],"predecessor-version":[{"id":2726,"href":"https:\/\/assetz.meest.com.br\/pt\/wp-json\/wp\/v2\/pages\/2538\/revisions\/2726"}],"up":[{"embeddable":true,"href":"https:\/\/assetz.meest.com.br\/pt\/wp-json\/wp\/v2\/pages\/6"}],"wp:featuredmedia":[{"embeddable":true,"href":"https:\/\/assetz.meest.com.br\/pt\/wp-json\/wp\/v2\/media\/1092"}],"wp:attachment":[{"href":"https:\/\/assetz.meest.com.br\/pt\/wp-json\/wp\/v2\/media?parent=2538"}],"curies":[{"name":"wp","href":"https:\/\/api.w.org\/{rel}","templated":true}]}}