{"id":3709,"date":"2024-06-24T14:21:42","date_gmt":"2024-06-24T17:21:42","guid":{"rendered":"https:\/\/www.assetz.com.br\/pt\/?page_id=3709"},"modified":"2024-12-02T16:13:12","modified_gmt":"2024-12-02T19:13:12","slug":"entrevistas-especiais","status":"publish","type":"page","link":"https:\/\/assetz.meest.com.br\/pt\/conteudos\/entrevistas-especiais\/","title":{"rendered":"Entrevistas Especiais"},"content":{"rendered":"\n<p>Nos epis\u00f3dios da s\u00e9rie \u201cEntrevistas Especiais\u201d, nossos s\u00f3cios-fundadores conversam com Executivos de renomada trajet\u00f3ria profissional que trazem insights sobre temas espec\u00edficos nos quais possuem grande expertise, proporcionando uma an\u00e1lise aprofundada e pr\u00e1tica das quest\u00f5es abordadas.<\/p>\n","protected":false},"excerpt":{"rendered":"<p>Nos epis\u00f3dios da s\u00e9rie \u201cEntrevistas Especiais\u201d, nossos s\u00f3cios-fundadores conversam com Executivos de renomada trajet\u00f3ria profissional que trazem insights sobre temas espec\u00edficos nos quais possuem grande expertise, proporcionando uma an\u00e1lise aprofundada e pr\u00e1tica das quest\u00f5es abordadas.<\/p>\n","protected":false},"author":1,"featured_media":3734,"parent":140,"menu_order":6,"comment_status":"closed","ping_status":"closed","template":"views\/template-lista-video.blade.php","meta":{"footnotes":""},"class_list":["post-3709","page","type-page","status-publish","has-post-thumbnail","hentry"],"yoast_head":"<!-- This site is optimized with the Yoast SEO plugin v16.5 - https:\/\/yoast.com\/wordpress\/plugins\/seo\/ -->\n<title>Entrevistas Especiais<\/title>\n<meta name=\"robots\" content=\"noindex, follow, max-snippet:-1, max-image-preview:large, max-video-preview:-1\" \/>\n<meta property=\"og:locale\" content=\"pt_BR\" \/>\n<meta property=\"og:locale:alternate\" content=\"en_US\" \/>\n<meta property=\"og:locale:alternate\" content=\"es_ES\" \/>\n<meta property=\"og:type\" content=\"article\" \/>\n<meta property=\"og:title\" content=\"Entrevistas Especiais\" \/>\n<meta property=\"og:description\" content=\"Nos epis\u00f3dios da s\u00e9rie \u201cEntrevistas Especiais\u201d, nossos s\u00f3cios-fundadores conversam com Executivos de renomada trajet\u00f3ria profissional que trazem insights sobre temas espec\u00edficos nos quais possuem grande expertise, proporcionando uma an\u00e1lise aprofundada e pr\u00e1tica das quest\u00f5es abordadas.\" \/>\n<meta property=\"og:url\" content=\"https:\/\/assetz.meest.com.br\/pt\/conteudos\/entrevistas-especiais\/\" \/>\n<meta property=\"og:site_name\" content=\"Assetz\" \/>\n<meta property=\"article:modified_time\" content=\"2024-12-02T19:13:12+00:00\" \/>\n<meta property=\"og:image\" content=\"https:\/\/www.assetz.com.br\/app\/uploads\/2024\/06\/ASSETZ-MOVIMENTA-1.png\" \/>\n\t<meta property=\"og:image:width\" content=\"1920\" \/>\n\t<meta property=\"og:image:height\" content=\"1280\" \/>\n<meta name=\"twitter:card\" content=\"summary_large_image\" \/>\n<meta name=\"twitter:label1\" content=\"Est. reading time\" \/>\n\t<meta name=\"twitter:data1\" content=\"1 minuto\" \/>\n<script type=\"application\/ld+json\" class=\"yoast-schema-graph\">{\"@context\":\"https:\/\/schema.org\",\"@graph\":[{\"@type\":\"WebSite\",\"@id\":\"https:\/\/assetz.meest.com.br\/#website\",\"url\":\"https:\/\/assetz.meest.com.br\/\",\"name\":\"Assetz\",\"description\":\"Excel\\u00eancia em Recrutamento e Sele\\u00e7\\u00e3o de Executivos de Finan\\u00e7as\",\"potentialAction\":[{\"@type\":\"SearchAction\",\"target\":\"https:\/\/assetz.meest.com.br\/?s={search_term_string}\",\"query-input\":\"required name=search_term_string\"}],\"inLanguage\":\"pt-BR\"},{\"@type\":\"ImageObject\",\"@id\":\"https:\/\/assetz.meest.com.br\/es\/conteudos\/entrevistas-especiais\/#primaryimage\",\"inLanguage\":\"pt-BR\",\"url\":\"https:\/\/assetz.meest.com.br\/app\/uploads\/2024\/06\/ASSETZ-MOVIMENTA-1.png\",\"contentUrl\":\"https:\/\/assetz.meest.com.br\/app\/uploads\/2024\/06\/ASSETZ-MOVIMENTA-1.png\",\"width\":1920,\"height\":1280,\"caption\":\"[:pt]Assetz Movimenta[:]\"},{\"@type\":\"WebPage\",\"@id\":\"https:\/\/assetz.meest.com.br\/es\/conteudos\/entrevistas-especiais\/#webpage\",\"url\":\"https:\/\/assetz.meest.com.br\/es\/conteudos\/entrevistas-especiais\/\",\"name\":\"[:pt]Entrevistas Especiais[:en]Special Interviews[:es]Entrevistas Especiales[:] - Assetz\",\"isPartOf\":{\"@id\":\"https:\/\/assetz.meest.com.br\/#website\"},\"primaryImageOfPage\":{\"@id\":\"https:\/\/assetz.meest.com.br\/es\/conteudos\/entrevistas-especiais\/#primaryimage\"},\"datePublished\":\"2024-06-24T17:21:42+00:00\",\"dateModified\":\"2024-12-02T19:13:12+00:00\",\"breadcrumb\":{\"@id\":\"https:\/\/assetz.meest.com.br\/es\/conteudos\/entrevistas-especiais\/#breadcrumb\"},\"inLanguage\":\"pt-BR\",\"potentialAction\":[{\"@type\":\"ReadAction\",\"target\":[\"https:\/\/assetz.meest.com.br\/es\/conteudos\/entrevistas-especiais\/\"]}]},{\"@type\":\"BreadcrumbList\",\"@id\":\"https:\/\/assetz.meest.com.br\/es\/conteudos\/entrevistas-especiais\/#breadcrumb\",\"itemListElement\":[{\"@type\":\"ListItem\",\"position\":1,\"name\":\"Home\",\"item\":\"https:\/\/assetz.meest.com.br\/pt\/\"},{\"@type\":\"ListItem\",\"position\":2,\"name\":\"Contenido\",\"item\":\"https:\/\/assetz.meest.com.br\/en\/conteudos\/\"},{\"@type\":\"ListItem\",\"position\":3,\"name\":\"Entrevistas Especiales\"}]}]}<\/script>\n<!-- \/ Yoast SEO plugin. -->","_links":{"self":[{"href":"https:\/\/assetz.meest.com.br\/pt\/wp-json\/wp\/v2\/pages\/3709","targetHints":{"allow":["GET"]}}],"collection":[{"href":"https:\/\/assetz.meest.com.br\/pt\/wp-json\/wp\/v2\/pages"}],"about":[{"href":"https:\/\/assetz.meest.com.br\/pt\/wp-json\/wp\/v2\/types\/page"}],"author":[{"embeddable":true,"href":"https:\/\/assetz.meest.com.br\/pt\/wp-json\/wp\/v2\/users\/1"}],"replies":[{"embeddable":true,"href":"https:\/\/assetz.meest.com.br\/pt\/wp-json\/wp\/v2\/comments?post=3709"}],"version-history":[{"count":23,"href":"https:\/\/assetz.meest.com.br\/pt\/wp-json\/wp\/v2\/pages\/3709\/revisions"}],"predecessor-version":[{"id":4327,"href":"https:\/\/assetz.meest.com.br\/pt\/wp-json\/wp\/v2\/pages\/3709\/revisions\/4327"}],"up":[{"embeddable":true,"href":"https:\/\/assetz.meest.com.br\/pt\/wp-json\/wp\/v2\/pages\/140"}],"wp:featuredmedia":[{"embeddable":true,"href":"https:\/\/assetz.meest.com.br\/pt\/wp-json\/wp\/v2\/media\/3734"}],"wp:attachment":[{"href":"https:\/\/assetz.meest.com.br\/pt\/wp-json\/wp\/v2\/media?parent=3709"}],"curies":[{"name":"wp","href":"https:\/\/api.w.org\/{rel}","templated":true}]}}