{"id":3715,"date":"2024-06-24T14:38:20","date_gmt":"2024-06-24T17:38:20","guid":{"rendered":"https:\/\/www.assetz.com.br\/pt\/?page_id=3715"},"modified":"2024-07-01T14:53:33","modified_gmt":"2024-07-01T17:53:33","slug":"assetz-movimenta","status":"publish","type":"page","link":"https:\/\/assetz.meest.com.br\/pt\/servicos\/assetz-movimenta\/","title":{"rendered":"Principais Movimenta\u00e7\u00f5es"},"content":{"rendered":"\n<p>Neste espa\u00e7o, damos visibilidade \u00e0s principais movimenta\u00e7\u00f5es do mercado cujos processos seletivos foram conduzidos por n\u00f3s.<\/p>\n\n\n\n<p>Por meio da s\u00e9rie de entrevistas \u201cAssetz Movimenta\u201d, protagonizadas pelos profissionais que recrutamos, temos a oportunidade de apresentar ao mercado os pontos de vista de quem est\u00e1 se destacando na comunidade financeira e galgando novos passos em posi\u00e7\u00f5es de diretoria, diretoria executiva e vice-presid\u00eancia.<\/p>\n","protected":false},"excerpt":{"rendered":"<p>Neste espa\u00e7o, damos visibilidade \u00e0s principais movimenta\u00e7\u00f5es do mercado cujos processos seletivos foram conduzidos por n\u00f3s. Por meio da s\u00e9rie de entrevistas \u201cAssetz Movimenta\u201d, protagonizadas pelos profissionais que recrutamos, temos a oportunidade de apresentar ao mercado os pontos de vista de quem est\u00e1 se destacando na comunidade financeira e galgando novos passos em posi\u00e7\u00f5es de &hellip; <a href=\"https:\/\/assetz.meest.com.br\/pt\/servicos\/assetz-movimenta\/\">Continued<\/a><\/p>\n","protected":false},"author":1,"featured_media":3739,"parent":144,"menu_order":0,"comment_status":"closed","ping_status":"closed","template":"views\/template-lista-foto.blade.php","meta":{"footnotes":""},"class_list":["post-3715","page","type-page","status-publish","has-post-thumbnail","hentry"],"yoast_head":"<!-- This site is optimized with the Yoast SEO plugin v16.5 - https:\/\/yoast.com\/wordpress\/plugins\/seo\/ -->\n<title>Principais Movimenta\u00e7\u00f5es<\/title>\n<meta name=\"robots\" content=\"noindex, follow, max-snippet:-1, max-image-preview:large, max-video-preview:-1\" \/>\n<meta property=\"og:locale\" content=\"pt_BR\" \/>\n<meta property=\"og:locale:alternate\" content=\"en_US\" \/>\n<meta property=\"og:locale:alternate\" content=\"es_ES\" \/>\n<meta property=\"og:type\" content=\"article\" \/>\n<meta property=\"og:title\" content=\"Principais Movimenta\u00e7\u00f5es\" \/>\n<meta property=\"og:description\" content=\"Neste espa\u00e7o, damos visibilidade \u00e0s principais movimenta\u00e7\u00f5es do mercado cujos processos seletivos foram conduzidos por n\u00f3s. Por meio da s\u00e9rie de entrevistas \u201cAssetz Movimenta\u201d, protagonizadas pelos profissionais que recrutamos, temos a oportunidade de apresentar ao mercado os pontos de vista de quem est\u00e1 se destacando na comunidade financeira e galgando novos passos em posi\u00e7\u00f5es de &hellip; Continued\" \/>\n<meta property=\"og:url\" content=\"https:\/\/assetz.meest.com.br\/pt\/servicos\/assetz-movimenta\/\" \/>\n<meta property=\"og:site_name\" content=\"Assetz\" \/>\n<meta property=\"article:modified_time\" content=\"2024-07-01T17:53:33+00:00\" \/>\n<meta property=\"og:image\" content=\"https:\/\/www.assetz.com.br\/app\/uploads\/2024\/06\/ASSETZ-MOVIMENTA_c_2-1.png\" \/>\n\t<meta property=\"og:image:width\" content=\"1920\" \/>\n\t<meta property=\"og:image:height\" content=\"721\" \/>\n<meta name=\"twitter:card\" content=\"summary_large_image\" \/>\n<meta name=\"twitter:label1\" content=\"Est. reading time\" \/>\n\t<meta name=\"twitter:data1\" content=\"1 minuto\" \/>\n<script type=\"application\/ld+json\" class=\"yoast-schema-graph\">{\"@context\":\"https:\/\/schema.org\",\"@graph\":[{\"@type\":\"WebSite\",\"@id\":\"https:\/\/assetz.meest.com.br\/#website\",\"url\":\"https:\/\/assetz.meest.com.br\/\",\"name\":\"Assetz\",\"description\":\"Excel\\u00eancia em Recrutamento e Sele\\u00e7\\u00e3o de Executivos de Finan\\u00e7as\",\"potentialAction\":[{\"@type\":\"SearchAction\",\"target\":\"https:\/\/assetz.meest.com.br\/?s={search_term_string}\",\"query-input\":\"required name=search_term_string\"}],\"inLanguage\":\"pt-BR\"},{\"@type\":\"ImageObject\",\"@id\":\"https:\/\/assetz.meest.com.br\/es\/servicos\/assetz-movimenta\/#primaryimage\",\"inLanguage\":\"pt-BR\",\"url\":\"https:\/\/assetz.meest.com.br\/app\/uploads\/2024\/06\/ASSETZ-MOVIMENTA_c_2-1.png\",\"contentUrl\":\"https:\/\/assetz.meest.com.br\/app\/uploads\/2024\/06\/ASSETZ-MOVIMENTA_c_2-1.png\",\"width\":1920,\"height\":721},{\"@type\":\"WebPage\",\"@id\":\"https:\/\/assetz.meest.com.br\/es\/servicos\/assetz-movimenta\/#webpage\",\"url\":\"https:\/\/assetz.meest.com.br\/es\/servicos\/assetz-movimenta\/\",\"name\":\"[:pt]Principais Movimenta\\u00e7\\u00f5es[:en]Main Placements[:es]Principales Recolocaciones[:] - Assetz\",\"isPartOf\":{\"@id\":\"https:\/\/assetz.meest.com.br\/#website\"},\"primaryImageOfPage\":{\"@id\":\"https:\/\/assetz.meest.com.br\/es\/servicos\/assetz-movimenta\/#primaryimage\"},\"datePublished\":\"2024-06-24T17:38:20+00:00\",\"dateModified\":\"2024-07-01T17:53:33+00:00\",\"breadcrumb\":{\"@id\":\"https:\/\/assetz.meest.com.br\/es\/servicos\/assetz-movimenta\/#breadcrumb\"},\"inLanguage\":\"pt-BR\",\"potentialAction\":[{\"@type\":\"ReadAction\",\"target\":[\"https:\/\/assetz.meest.com.br\/es\/servicos\/assetz-movimenta\/\"]}]},{\"@type\":\"BreadcrumbList\",\"@id\":\"https:\/\/assetz.meest.com.br\/es\/servicos\/assetz-movimenta\/#breadcrumb\",\"itemListElement\":[{\"@type\":\"ListItem\",\"position\":1,\"name\":\"Home\",\"item\":\"https:\/\/assetz.meest.com.br\/pt\/\"},{\"@type\":\"ListItem\",\"position\":2,\"name\":\"Services\",\"item\":\"https:\/\/assetz.meest.com.br\/es\/servicos\/\"},{\"@type\":\"ListItem\",\"position\":3,\"name\":\"Principales Recolocaciones\"}]}]}<\/script>\n<!-- \/ Yoast SEO plugin. -->","_links":{"self":[{"href":"https:\/\/assetz.meest.com.br\/pt\/wp-json\/wp\/v2\/pages\/3715","targetHints":{"allow":["GET"]}}],"collection":[{"href":"https:\/\/assetz.meest.com.br\/pt\/wp-json\/wp\/v2\/pages"}],"about":[{"href":"https:\/\/assetz.meest.com.br\/pt\/wp-json\/wp\/v2\/types\/page"}],"author":[{"embeddable":true,"href":"https:\/\/assetz.meest.com.br\/pt\/wp-json\/wp\/v2\/users\/1"}],"replies":[{"embeddable":true,"href":"https:\/\/assetz.meest.com.br\/pt\/wp-json\/wp\/v2\/comments?post=3715"}],"version-history":[{"count":28,"href":"https:\/\/assetz.meest.com.br\/pt\/wp-json\/wp\/v2\/pages\/3715\/revisions"}],"predecessor-version":[{"id":3783,"href":"https:\/\/assetz.meest.com.br\/pt\/wp-json\/wp\/v2\/pages\/3715\/revisions\/3783"}],"up":[{"embeddable":true,"href":"https:\/\/assetz.meest.com.br\/pt\/wp-json\/wp\/v2\/pages\/144"}],"wp:featuredmedia":[{"embeddable":true,"href":"https:\/\/assetz.meest.com.br\/pt\/wp-json\/wp\/v2\/media\/3739"}],"wp:attachment":[{"href":"https:\/\/assetz.meest.com.br\/pt\/wp-json\/wp\/v2\/media?parent=3715"}],"curies":[{"name":"wp","href":"https:\/\/api.w.org\/{rel}","templated":true}]}}