{"id":376,"date":"2021-05-25T18:32:56","date_gmt":"2021-05-25T21:32:56","guid":{"rendered":"https:\/\/assetz.meest.com.br\/pt\/?page_id=376"},"modified":"2024-12-02T16:17:22","modified_gmt":"2024-12-02T19:17:22","slug":"5-perguntas-para-o-cfo","status":"publish","type":"page","link":"https:\/\/assetz.meest.com.br\/pt\/conteudos\/5-perguntas-para-o-cfo\/","title":{"rendered":"5 Perguntas para o CFO"},"content":{"rendered":"\n<p>Nos v\u00eddeos da s\u00e9rie \u201c5 Perguntas para o CFO\u201d, nossos s\u00f3cios-fundadores entrevistam um Diretor Financeiro de reconhecida experi\u00eancia no mercado, dirigindo-lhe 5 perguntas sobre os principais desafios e aprendizados de sua trajet\u00f3ria profissional e sobre a sua experi\u00eancia na posi\u00e7\u00e3o que ocupa, al\u00e9m de pedir para que revele a frase que mais o inspira.<\/p>\n","protected":false},"excerpt":{"rendered":"<p>Nos v\u00eddeos da s\u00e9rie \u201c5 Perguntas para o CFO\u201d, nossos s\u00f3cios-fundadores entrevistam um Diretor Financeiro de reconhecida experi\u00eancia no mercado, dirigindo-lhe 5 perguntas sobre os principais desafios e aprendizados de sua trajet\u00f3ria profissional e sobre a sua experi\u00eancia na posi\u00e7\u00e3o que ocupa, al\u00e9m de pedir para que revele a frase que mais o inspira.<\/p>\n","protected":false},"author":1,"featured_media":983,"parent":140,"menu_order":10,"comment_status":"closed","ping_status":"closed","template":"views\/template-lista-video.blade.php","meta":{"footnotes":""},"class_list":["post-376","page","type-page","status-publish","has-post-thumbnail","hentry"],"yoast_head":"<!-- This site is optimized with the Yoast SEO plugin v16.5 - https:\/\/yoast.com\/wordpress\/plugins\/seo\/ -->\n<title>5 Perguntas para o CFO<\/title>\n<meta name=\"robots\" content=\"noindex, follow, max-snippet:-1, max-image-preview:large, max-video-preview:-1\" \/>\n<meta property=\"og:locale\" content=\"pt_BR\" \/>\n<meta property=\"og:locale:alternate\" content=\"en_US\" \/>\n<meta property=\"og:locale:alternate\" content=\"es_ES\" \/>\n<meta property=\"og:type\" content=\"article\" \/>\n<meta property=\"og:title\" content=\"5 Perguntas para o CFO\" \/>\n<meta property=\"og:description\" content=\"Nos v\u00eddeos da s\u00e9rie \u201c5 Perguntas para o CFO\u201d, nossos s\u00f3cios-fundadores entrevistam um Diretor Financeiro de reconhecida experi\u00eancia no mercado, dirigindo-lhe 5 perguntas sobre os principais desafios e aprendizados de sua trajet\u00f3ria profissional e sobre a sua experi\u00eancia na posi\u00e7\u00e3o que ocupa, al\u00e9m de pedir para que revele a frase que mais o inspira.\" \/>\n<meta property=\"og:url\" content=\"https:\/\/assetz.meest.com.br\/pt\/conteudos\/5-perguntas-para-o-cfo\/\" \/>\n<meta property=\"og:site_name\" content=\"Assetz\" \/>\n<meta property=\"article:modified_time\" content=\"2024-12-02T19:17:22+00:00\" \/>\n<meta property=\"og:image\" content=\"https:\/\/www.assetz.com.br\/app\/uploads\/2021\/06\/iStock-1168469154.jpg\" \/>\n\t<meta property=\"og:image:width\" content=\"2121\" \/>\n\t<meta property=\"og:image:height\" content=\"1414\" \/>\n<meta name=\"twitter:card\" content=\"summary_large_image\" \/>\n<meta name=\"twitter:label1\" content=\"Est. reading time\" \/>\n\t<meta name=\"twitter:data1\" content=\"1 minuto\" \/>\n<script type=\"application\/ld+json\" class=\"yoast-schema-graph\">{\"@context\":\"https:\/\/schema.org\",\"@graph\":[{\"@type\":\"WebSite\",\"@id\":\"https:\/\/assetz.meest.com.br\/#website\",\"url\":\"https:\/\/assetz.meest.com.br\/\",\"name\":\"Assetz\",\"description\":\"Excel\\u00eancia em Recrutamento e Sele\\u00e7\\u00e3o de Executivos de Finan\\u00e7as\",\"potentialAction\":[{\"@type\":\"SearchAction\",\"target\":\"https:\/\/assetz.meest.com.br\/?s={search_term_string}\",\"query-input\":\"required name=search_term_string\"}],\"inLanguage\":\"pt-BR\"},{\"@type\":\"ImageObject\",\"@id\":\"https:\/\/assetz.meest.com.br\/es\/conteudos\/5-perguntas-para-o-cfo\/#primaryimage\",\"inLanguage\":\"pt-BR\",\"url\":\"https:\/\/assetz.meest.com.br\/app\/uploads\/2021\/06\/iStock-1168469154.jpg\",\"contentUrl\":\"https:\/\/assetz.meest.com.br\/app\/uploads\/2021\/06\/iStock-1168469154.jpg\",\"width\":2121,\"height\":1414,\"caption\":\"[:pt]Professional TV Journalist Reporting News at TV Studio[:]\"},{\"@type\":\"WebPage\",\"@id\":\"https:\/\/assetz.meest.com.br\/es\/conteudos\/5-perguntas-para-o-cfo\/#webpage\",\"url\":\"https:\/\/assetz.meest.com.br\/es\/conteudos\/5-perguntas-para-o-cfo\/\",\"name\":\"[:pt]5 Perguntas para o CFO[:en]5 Questions to the CFO[:es]5 Preguntas al CFO[:] - Assetz\",\"isPartOf\":{\"@id\":\"https:\/\/assetz.meest.com.br\/#website\"},\"primaryImageOfPage\":{\"@id\":\"https:\/\/assetz.meest.com.br\/es\/conteudos\/5-perguntas-para-o-cfo\/#primaryimage\"},\"datePublished\":\"2021-05-25T21:32:56+00:00\",\"dateModified\":\"2024-12-02T19:17:22+00:00\",\"breadcrumb\":{\"@id\":\"https:\/\/assetz.meest.com.br\/es\/conteudos\/5-perguntas-para-o-cfo\/#breadcrumb\"},\"inLanguage\":\"pt-BR\",\"potentialAction\":[{\"@type\":\"ReadAction\",\"target\":[\"https:\/\/assetz.meest.com.br\/es\/conteudos\/5-perguntas-para-o-cfo\/\"]}]},{\"@type\":\"BreadcrumbList\",\"@id\":\"https:\/\/assetz.meest.com.br\/es\/conteudos\/5-perguntas-para-o-cfo\/#breadcrumb\",\"itemListElement\":[{\"@type\":\"ListItem\",\"position\":1,\"name\":\"Home\",\"item\":\"https:\/\/assetz.meest.com.br\/pt\/\"},{\"@type\":\"ListItem\",\"position\":2,\"name\":\"Contenido\",\"item\":\"https:\/\/assetz.meest.com.br\/en\/conteudos\/\"},{\"@type\":\"ListItem\",\"position\":3,\"name\":\"5 Preguntas al CFO\"}]}]}<\/script>\n<!-- \/ Yoast SEO plugin. -->","_links":{"self":[{"href":"https:\/\/assetz.meest.com.br\/pt\/wp-json\/wp\/v2\/pages\/376","targetHints":{"allow":["GET"]}}],"collection":[{"href":"https:\/\/assetz.meest.com.br\/pt\/wp-json\/wp\/v2\/pages"}],"about":[{"href":"https:\/\/assetz.meest.com.br\/pt\/wp-json\/wp\/v2\/types\/page"}],"author":[{"embeddable":true,"href":"https:\/\/assetz.meest.com.br\/pt\/wp-json\/wp\/v2\/users\/1"}],"replies":[{"embeddable":true,"href":"https:\/\/assetz.meest.com.br\/pt\/wp-json\/wp\/v2\/comments?post=376"}],"version-history":[{"count":20,"href":"https:\/\/assetz.meest.com.br\/pt\/wp-json\/wp\/v2\/pages\/376\/revisions"}],"predecessor-version":[{"id":4331,"href":"https:\/\/assetz.meest.com.br\/pt\/wp-json\/wp\/v2\/pages\/376\/revisions\/4331"}],"up":[{"embeddable":true,"href":"https:\/\/assetz.meest.com.br\/pt\/wp-json\/wp\/v2\/pages\/140"}],"wp:featuredmedia":[{"embeddable":true,"href":"https:\/\/assetz.meest.com.br\/pt\/wp-json\/wp\/v2\/media\/983"}],"wp:attachment":[{"href":"https:\/\/assetz.meest.com.br\/pt\/wp-json\/wp\/v2\/media?parent=376"}],"curies":[{"name":"wp","href":"https:\/\/api.w.org\/{rel}","templated":true}]}}