{"id":3968,"date":"2024-09-25T13:07:47","date_gmt":"2024-09-25T16:07:47","guid":{"rendered":"https:\/\/www.assetz.com.br\/pt\/?page_id=3968"},"modified":"2024-11-28T13:42:28","modified_gmt":"2024-11-28T16:42:28","slug":"20-finance-leaders-to-watch","status":"publish","type":"page","link":"https:\/\/assetz.meest.com.br\/pt\/conteudos\/20-finance-leaders-to-watch\/","title":{"rendered":"20 Finance Leaders to Watch"},"content":{"rendered":"\n<p>Com o objetivo de aproximar as companhias aos profissionais mais promissores, a Assetz criou a premia\u00e7\u00e3o \u201c20 Finance Leaders to Watch\u201d, que reconhece executivos de Finan\u00e7as de destaque no mercado brasileiro, com potencial para se tornarem os futuros CFOs do pa\u00eds.<\/p>\n\n\n\n<p>A premia\u00e7\u00e3o abrange profissionais em cargos de superintend\u00eancia, diretoria executiva, diretoria e ger\u00eancia s\u00eanior, selecionados a partir de uma metodologia rigorosa que envolve uma an\u00e1lise minuciosa do perfil dos candidatos, contemplando suas experi\u00eancias profissionais, seus conhecimentos t\u00e9cnicos, suas habilidades comportamentais e suas motiva\u00e7\u00f5es de carreira.<\/p>\n\n\n\n<p>**Os cargos e as empresas dos reconhecidos est\u00e3o descritos conforme \u00e0 realidade da \u00e9poca.<\/p>\n","protected":false},"excerpt":{"rendered":"<p>Com o objetivo de aproximar as companhias aos profissionais mais promissores, a Assetz criou a premia\u00e7\u00e3o \u201c20 Finance Leaders to Watch\u201d, que reconhece executivos de Finan\u00e7as de destaque no mercado brasileiro, com potencial para se tornarem os futuros CFOs do pa\u00eds. A premia\u00e7\u00e3o abrange profissionais em cargos de superintend\u00eancia, diretoria executiva, diretoria e ger\u00eancia s\u00eanior, &hellip; <a href=\"https:\/\/assetz.meest.com.br\/pt\/conteudos\/20-finance-leaders-to-watch\/\">Continued<\/a><\/p>\n","protected":false},"author":1,"featured_media":4138,"parent":140,"menu_order":13,"comment_status":"closed","ping_status":"closed","template":"views\/template-institucional-leaders.blade.php","meta":{"footnotes":""},"class_list":["post-3968","page","type-page","status-publish","has-post-thumbnail","hentry"],"yoast_head":"<!-- This site is optimized with the Yoast SEO plugin v16.5 - https:\/\/yoast.com\/wordpress\/plugins\/seo\/ -->\n<title>20 Finance Leaders to Watch<\/title>\n<meta name=\"robots\" content=\"noindex, follow, max-snippet:-1, max-image-preview:large, max-video-preview:-1\" \/>\n<meta property=\"og:locale\" content=\"pt_BR\" \/>\n<meta property=\"og:locale:alternate\" content=\"en_US\" \/>\n<meta property=\"og:locale:alternate\" content=\"es_ES\" \/>\n<meta property=\"og:type\" content=\"article\" \/>\n<meta property=\"og:title\" content=\"20 Finance Leaders to Watch\" \/>\n<meta property=\"og:description\" content=\"Com o objetivo de aproximar as companhias aos profissionais mais promissores, a Assetz criou a premia\u00e7\u00e3o \u201c20 Finance Leaders to Watch\u201d, que reconhece executivos de Finan\u00e7as de destaque no mercado brasileiro, com potencial para se tornarem os futuros CFOs do pa\u00eds. A premia\u00e7\u00e3o abrange profissionais em cargos de superintend\u00eancia, diretoria executiva, diretoria e ger\u00eancia s\u00eanior, &hellip; Continued\" \/>\n<meta property=\"og:url\" content=\"https:\/\/assetz.meest.com.br\/pt\/conteudos\/20-finance-leaders-to-watch\/\" \/>\n<meta property=\"og:site_name\" content=\"Assetz\" \/>\n<meta property=\"article:modified_time\" content=\"2024-11-28T16:42:28+00:00\" \/>\n<meta property=\"og:image\" content=\"https:\/\/www.assetz.com.br\/app\/uploads\/2024\/10\/20-finance-leaders-capa.jpg\" \/>\n\t<meta property=\"og:image:width\" content=\"1920\" \/>\n\t<meta property=\"og:image:height\" content=\"1536\" \/>\n<meta name=\"twitter:card\" content=\"summary_large_image\" \/>\n<meta name=\"twitter:label1\" content=\"Est. reading time\" \/>\n\t<meta name=\"twitter:data1\" content=\"1 minuto\" \/>\n<script type=\"application\/ld+json\" class=\"yoast-schema-graph\">{\"@context\":\"https:\/\/schema.org\",\"@graph\":[{\"@type\":\"WebSite\",\"@id\":\"https:\/\/assetz.meest.com.br\/#website\",\"url\":\"https:\/\/assetz.meest.com.br\/\",\"name\":\"Assetz\",\"description\":\"Excel\\u00eancia em Recrutamento e Sele\\u00e7\\u00e3o de Executivos de Finan\\u00e7as\",\"potentialAction\":[{\"@type\":\"SearchAction\",\"target\":\"https:\/\/assetz.meest.com.br\/?s={search_term_string}\",\"query-input\":\"required name=search_term_string\"}],\"inLanguage\":\"pt-BR\"},{\"@type\":\"ImageObject\",\"@id\":\"https:\/\/assetz.meest.com.br\/es\/conteudos\/20-finance-leaders-to-watch\/#primaryimage\",\"inLanguage\":\"pt-BR\",\"url\":\"https:\/\/assetz.meest.com.br\/app\/uploads\/2024\/10\/20-finance-leaders-capa.jpg\",\"contentUrl\":\"https:\/\/assetz.meest.com.br\/app\/uploads\/2024\/10\/20-finance-leaders-capa.jpg\",\"width\":1920,\"height\":1536},{\"@type\":\"WebPage\",\"@id\":\"https:\/\/assetz.meest.com.br\/es\/conteudos\/20-finance-leaders-to-watch\/#webpage\",\"url\":\"https:\/\/assetz.meest.com.br\/es\/conteudos\/20-finance-leaders-to-watch\/\",\"name\":\"[:pt]20 Finance Leaders to Watch[:en]20 Finance leaders to watch[:] - Assetz\",\"isPartOf\":{\"@id\":\"https:\/\/assetz.meest.com.br\/#website\"},\"primaryImageOfPage\":{\"@id\":\"https:\/\/assetz.meest.com.br\/es\/conteudos\/20-finance-leaders-to-watch\/#primaryimage\"},\"datePublished\":\"2024-09-25T16:07:47+00:00\",\"dateModified\":\"2024-11-28T16:42:28+00:00\",\"breadcrumb\":{\"@id\":\"https:\/\/assetz.meest.com.br\/es\/conteudos\/20-finance-leaders-to-watch\/#breadcrumb\"},\"inLanguage\":\"pt-BR\",\"potentialAction\":[{\"@type\":\"ReadAction\",\"target\":[\"https:\/\/assetz.meest.com.br\/es\/conteudos\/20-finance-leaders-to-watch\/\"]}]},{\"@type\":\"BreadcrumbList\",\"@id\":\"https:\/\/assetz.meest.com.br\/es\/conteudos\/20-finance-leaders-to-watch\/#breadcrumb\",\"itemListElement\":[{\"@type\":\"ListItem\",\"position\":1,\"name\":\"Home\",\"item\":\"https:\/\/assetz.meest.com.br\/pt\/\"},{\"@type\":\"ListItem\",\"position\":2,\"name\":\"Contenido\",\"item\":\"https:\/\/assetz.meest.com.br\/en\/conteudos\/\"},{\"@type\":\"ListItem\",\"position\":3,\"name\":\"20 Finance Leaders to Watch\"}]}]}<\/script>\n<!-- \/ Yoast SEO plugin. -->","_links":{"self":[{"href":"https:\/\/assetz.meest.com.br\/pt\/wp-json\/wp\/v2\/pages\/3968","targetHints":{"allow":["GET"]}}],"collection":[{"href":"https:\/\/assetz.meest.com.br\/pt\/wp-json\/wp\/v2\/pages"}],"about":[{"href":"https:\/\/assetz.meest.com.br\/pt\/wp-json\/wp\/v2\/types\/page"}],"author":[{"embeddable":true,"href":"https:\/\/assetz.meest.com.br\/pt\/wp-json\/wp\/v2\/users\/1"}],"replies":[{"embeddable":true,"href":"https:\/\/assetz.meest.com.br\/pt\/wp-json\/wp\/v2\/comments?post=3968"}],"version-history":[{"count":56,"href":"https:\/\/assetz.meest.com.br\/pt\/wp-json\/wp\/v2\/pages\/3968\/revisions"}],"predecessor-version":[{"id":4277,"href":"https:\/\/assetz.meest.com.br\/pt\/wp-json\/wp\/v2\/pages\/3968\/revisions\/4277"}],"up":[{"embeddable":true,"href":"https:\/\/assetz.meest.com.br\/pt\/wp-json\/wp\/v2\/pages\/140"}],"wp:featuredmedia":[{"embeddable":true,"href":"https:\/\/assetz.meest.com.br\/pt\/wp-json\/wp\/v2\/media\/4138"}],"wp:attachment":[{"href":"https:\/\/assetz.meest.com.br\/pt\/wp-json\/wp\/v2\/media?parent=3968"}],"curies":[{"name":"wp","href":"https:\/\/api.w.org\/{rel}","templated":true}]}}