{"id":460,"date":"2021-05-28T16:56:07","date_gmt":"2021-05-28T19:56:07","guid":{"rendered":"https:\/\/assetz.meest.com.br\/pt\/?page_id=460"},"modified":"2024-10-10T11:36:35","modified_gmt":"2024-10-10T14:36:35","slug":"mentoria-de-carreira","status":"publish","type":"page","link":"https:\/\/assetz.meest.com.br\/pt\/eventos\/mentoria-de-carreira\/","title":{"rendered":"Mentoria de Carreira"},"content":{"rendered":"\n<p>O Programa de Mentoria de Carreira \u00e9 uma iniciativa da Assetz que tem como foco o suporte ao profissional de Finan\u00e7as no desenvolvimento de sua carreira atrav\u00e9s da democratiza\u00e7\u00e3o de conhecimento e do compartilhamento de experi\u00eancias. Em encontros presenciais, o mentor \u2013 um Executivo Financeiro com reconhecida trajet\u00f3ria de sucesso \u2013 comenta como obteve sucesso nos principais desafios que enfrentou, conta cases de insucesso, fala das habilidades t\u00e9cnicas e comportamentais que necessitam ser mais desenvolvidas e d\u00e1 dicas para a constru\u00e7\u00e3o de um plano de a\u00e7\u00e3o de curto, m\u00e9dio e longo prazos, al\u00e9m de tirar d\u00favidas dos participantes.<\/p>\n\n\n\n<p>Esse Programa \u00e9 destinado a um p\u00fablico reduzido de profissionais de Finan\u00e7as para que se mantenham as premissas de um di\u00e1logo aberto, um ambiente intimista e n\u00edveis de senioridade semelhantes entre os Executivos presentes no evento.<\/p>\n","protected":false},"excerpt":{"rendered":"<p>O Programa de Mentoria de Carreira \u00e9 uma iniciativa da Assetz que tem como foco o suporte ao profissional de Finan\u00e7as no desenvolvimento de sua carreira atrav\u00e9s da democratiza\u00e7\u00e3o de conhecimento e do compartilhamento de experi\u00eancias. Em encontros presenciais, o mentor \u2013 um Executivo Financeiro com reconhecida trajet\u00f3ria de sucesso \u2013 comenta como obteve sucesso &hellip; <a href=\"https:\/\/assetz.meest.com.br\/pt\/eventos\/mentoria-de-carreira\/\">Continued<\/a><\/p>\n","protected":false},"author":1,"featured_media":1098,"parent":138,"menu_order":2,"comment_status":"closed","ping_status":"closed","template":"views\/template-lista-eventos.blade.php","meta":{"footnotes":""},"class_list":["post-460","page","type-page","status-publish","has-post-thumbnail","hentry"],"yoast_head":"<!-- This site is optimized with the Yoast SEO plugin v16.5 - https:\/\/yoast.com\/wordpress\/plugins\/seo\/ -->\n<title>Mentoria de Carreira<\/title>\n<meta name=\"robots\" content=\"noindex, follow, max-snippet:-1, max-image-preview:large, max-video-preview:-1\" \/>\n<meta property=\"og:locale\" content=\"pt_BR\" \/>\n<meta property=\"og:locale:alternate\" content=\"en_US\" \/>\n<meta property=\"og:locale:alternate\" content=\"es_ES\" \/>\n<meta property=\"og:type\" content=\"article\" \/>\n<meta property=\"og:title\" content=\"Mentoria de Carreira\" \/>\n<meta property=\"og:description\" content=\"O Programa de Mentoria de Carreira \u00e9 uma iniciativa da Assetz que tem como foco o suporte ao profissional de Finan\u00e7as no desenvolvimento de sua carreira atrav\u00e9s da democratiza\u00e7\u00e3o de conhecimento e do compartilhamento de experi\u00eancias. Em encontros presenciais, o mentor \u2013 um Executivo Financeiro com reconhecida trajet\u00f3ria de sucesso \u2013 comenta como obteve sucesso &hellip; Continued\" \/>\n<meta property=\"og:url\" content=\"https:\/\/assetz.meest.com.br\/pt\/eventos\/mentoria-de-carreira\/\" \/>\n<meta property=\"og:site_name\" content=\"Assetz\" \/>\n<meta property=\"article:modified_time\" content=\"2024-10-10T14:36:35+00:00\" \/>\n<meta property=\"og:image\" content=\"https:\/\/www.assetz.com.br\/app\/uploads\/2021\/06\/iStock-1162524696.jpg\" \/>\n\t<meta property=\"og:image:width\" content=\"1623\" \/>\n\t<meta property=\"og:image:height\" content=\"913\" \/>\n<meta name=\"twitter:card\" content=\"summary_large_image\" \/>\n<meta name=\"twitter:label1\" content=\"Est. reading time\" \/>\n\t<meta name=\"twitter:data1\" content=\"1 minuto\" \/>\n<script type=\"application\/ld+json\" class=\"yoast-schema-graph\">{\"@context\":\"https:\/\/schema.org\",\"@graph\":[{\"@type\":\"WebSite\",\"@id\":\"https:\/\/assetz.meest.com.br\/#website\",\"url\":\"https:\/\/assetz.meest.com.br\/\",\"name\":\"Assetz\",\"description\":\"Excel\\u00eancia em Recrutamento e Sele\\u00e7\\u00e3o de Executivos de Finan\\u00e7as\",\"potentialAction\":[{\"@type\":\"SearchAction\",\"target\":\"https:\/\/assetz.meest.com.br\/?s={search_term_string}\",\"query-input\":\"required name=search_term_string\"}],\"inLanguage\":\"pt-BR\"},{\"@type\":\"ImageObject\",\"@id\":\"https:\/\/assetz.meest.com.br\/pt\/eventos\/mentoria-de-carreira\/#primaryimage\",\"inLanguage\":\"pt-BR\",\"url\":\"https:\/\/assetz.meest.com.br\/app\/uploads\/2021\/06\/iStock-1162524696.jpg\",\"contentUrl\":\"https:\/\/assetz.meest.com.br\/app\/uploads\/2021\/06\/iStock-1162524696.jpg\",\"width\":1623,\"height\":913,\"caption\":\"[:pt]Back view of large group of business people attending a training class in a board room.[:]\"},{\"@type\":\"WebPage\",\"@id\":\"https:\/\/assetz.meest.com.br\/pt\/eventos\/mentoria-de-carreira\/#webpage\",\"url\":\"https:\/\/assetz.meest.com.br\/pt\/eventos\/mentoria-de-carreira\/\",\"name\":\"[:pt]Mentoria de Carreira[:en]Career Mentoring[:es]Mentor\\u00eda de Carrera[:] - Assetz\",\"isPartOf\":{\"@id\":\"https:\/\/assetz.meest.com.br\/#website\"},\"primaryImageOfPage\":{\"@id\":\"https:\/\/assetz.meest.com.br\/pt\/eventos\/mentoria-de-carreira\/#primaryimage\"},\"datePublished\":\"2021-05-28T19:56:07+00:00\",\"dateModified\":\"2024-10-10T14:36:35+00:00\",\"breadcrumb\":{\"@id\":\"https:\/\/assetz.meest.com.br\/pt\/eventos\/mentoria-de-carreira\/#breadcrumb\"},\"inLanguage\":\"pt-BR\",\"potentialAction\":[{\"@type\":\"ReadAction\",\"target\":[\"https:\/\/assetz.meest.com.br\/pt\/eventos\/mentoria-de-carreira\/\"]}]},{\"@type\":\"BreadcrumbList\",\"@id\":\"https:\/\/assetz.meest.com.br\/pt\/eventos\/mentoria-de-carreira\/#breadcrumb\",\"itemListElement\":[{\"@type\":\"ListItem\",\"position\":1,\"name\":\"Home\",\"item\":\"https:\/\/assetz.meest.com.br\/pt\/\"},{\"@type\":\"ListItem\",\"position\":2,\"name\":\"Eventos\",\"item\":\"https:\/\/assetz.meest.com.br\/pt\/eventos\/\"},{\"@type\":\"ListItem\",\"position\":3,\"name\":\"Mentoria de Carreira\"}]}]}<\/script>\n<!-- \/ Yoast SEO plugin. -->","_links":{"self":[{"href":"https:\/\/assetz.meest.com.br\/pt\/wp-json\/wp\/v2\/pages\/460","targetHints":{"allow":["GET"]}}],"collection":[{"href":"https:\/\/assetz.meest.com.br\/pt\/wp-json\/wp\/v2\/pages"}],"about":[{"href":"https:\/\/assetz.meest.com.br\/pt\/wp-json\/wp\/v2\/types\/page"}],"author":[{"embeddable":true,"href":"https:\/\/assetz.meest.com.br\/pt\/wp-json\/wp\/v2\/users\/1"}],"replies":[{"embeddable":true,"href":"https:\/\/assetz.meest.com.br\/pt\/wp-json\/wp\/v2\/comments?post=460"}],"version-history":[{"count":20,"href":"https:\/\/assetz.meest.com.br\/pt\/wp-json\/wp\/v2\/pages\/460\/revisions"}],"predecessor-version":[{"id":1692,"href":"https:\/\/assetz.meest.com.br\/pt\/wp-json\/wp\/v2\/pages\/460\/revisions\/1692"}],"up":[{"embeddable":true,"href":"https:\/\/assetz.meest.com.br\/pt\/wp-json\/wp\/v2\/pages\/138"}],"wp:featuredmedia":[{"embeddable":true,"href":"https:\/\/assetz.meest.com.br\/pt\/wp-json\/wp\/v2\/media\/1098"}],"wp:attachment":[{"href":"https:\/\/assetz.meest.com.br\/pt\/wp-json\/wp\/v2\/media?parent=460"}],"curies":[{"name":"wp","href":"https:\/\/api.w.org\/{rel}","templated":true}]}}