{"id":473,"date":"2021-05-28T17:03:58","date_gmt":"2021-05-28T20:03:58","guid":{"rendered":"https:\/\/assetz.meest.com.br\/pt\/?page_id=473"},"modified":"2024-10-10T11:36:19","modified_gmt":"2024-10-10T14:36:19","slug":"cfo-transition-meeting","status":"publish","type":"page","link":"https:\/\/assetz.meest.com.br\/pt\/eventos\/cfo-transition-meeting\/","title":{"rendered":"Finance Executive Meeting"},"content":{"rendered":"\n<p>O Finance Executive Meeting \u00e9 um evento oferecido pelo CFO Program Brasil da Deloitte e pela Assetz Expert Recruitment,<strong>&nbsp;<\/strong>que busca apoiar Executivos financeiros em seu desenvolvimento e em sua atualiza\u00e7\u00e3o a partir da abordagem de temas t\u00e9cnicos e comportamentais extremamente relevantes para o mercado de trabalho.&nbsp;<\/p>\n\n\n\n<p>Esse evento \u00e9 presencial, gratuito e destinado a Diretores de Finan\u00e7as selecionados pela Deloitte e pela Assetz.<\/p>\n","protected":false},"excerpt":{"rendered":"<p>O Finance Executive Meeting \u00e9 um evento oferecido pelo CFO Program Brasil da Deloitte e pela Assetz Expert Recruitment,&nbsp;que busca apoiar Executivos financeiros em seu desenvolvimento e em sua atualiza\u00e7\u00e3o a partir da abordagem de temas t\u00e9cnicos e comportamentais extremamente relevantes para o mercado de trabalho.&nbsp; Esse evento \u00e9 presencial, gratuito e destinado a Diretores &hellip; <a href=\"https:\/\/assetz.meest.com.br\/pt\/eventos\/cfo-transition-meeting\/\">Continued<\/a><\/p>\n","protected":false},"author":1,"featured_media":1100,"parent":138,"menu_order":1,"comment_status":"closed","ping_status":"closed","template":"views\/template-lista-eventos.blade.php","meta":{"footnotes":""},"class_list":["post-473","page","type-page","status-publish","has-post-thumbnail","hentry"],"yoast_head":"<!-- This site is optimized with the Yoast SEO plugin v16.5 - https:\/\/yoast.com\/wordpress\/plugins\/seo\/ -->\n<title>Finance Executive Meeting<\/title>\n<meta name=\"robots\" content=\"noindex, follow, max-snippet:-1, max-image-preview:large, max-video-preview:-1\" \/>\n<meta property=\"og:locale\" content=\"pt_BR\" \/>\n<meta property=\"og:locale:alternate\" content=\"en_US\" \/>\n<meta property=\"og:locale:alternate\" content=\"es_ES\" \/>\n<meta property=\"og:type\" content=\"article\" \/>\n<meta property=\"og:title\" content=\"Finance Executive Meeting\" \/>\n<meta property=\"og:description\" content=\"O Finance Executive Meeting \u00e9 um evento oferecido pelo CFO Program Brasil da Deloitte e pela Assetz Expert Recruitment,&nbsp;que busca apoiar Executivos financeiros em seu desenvolvimento e em sua atualiza\u00e7\u00e3o a partir da abordagem de temas t\u00e9cnicos e comportamentais extremamente relevantes para o mercado de trabalho.&nbsp; Esse evento \u00e9 presencial, gratuito e destinado a Diretores &hellip; Continued\" \/>\n<meta property=\"og:url\" content=\"https:\/\/assetz.meest.com.br\/pt\/eventos\/cfo-transition-meeting\/\" \/>\n<meta property=\"og:site_name\" content=\"Assetz\" \/>\n<meta property=\"article:modified_time\" content=\"2024-10-10T14:36:19+00:00\" \/>\n<meta property=\"og:image\" content=\"https:\/\/www.assetz.com.br\/app\/uploads\/2021\/06\/iStock-1154789957.jpg\" \/>\n\t<meta property=\"og:image:width\" content=\"2120\" \/>\n\t<meta property=\"og:image:height\" content=\"1193\" \/>\n<meta name=\"twitter:card\" content=\"summary_large_image\" \/>\n<meta name=\"twitter:label1\" content=\"Est. reading time\" \/>\n\t<meta name=\"twitter:data1\" content=\"1 minuto\" \/>\n<script type=\"application\/ld+json\" class=\"yoast-schema-graph\">{\"@context\":\"https:\/\/schema.org\",\"@graph\":[{\"@type\":\"WebSite\",\"@id\":\"https:\/\/assetz.meest.com.br\/#website\",\"url\":\"https:\/\/assetz.meest.com.br\/\",\"name\":\"Assetz\",\"description\":\"Excel\\u00eancia em Recrutamento e Sele\\u00e7\\u00e3o de Executivos de Finan\\u00e7as\",\"potentialAction\":[{\"@type\":\"SearchAction\",\"target\":\"https:\/\/assetz.meest.com.br\/?s={search_term_string}\",\"query-input\":\"required name=search_term_string\"}],\"inLanguage\":\"pt-BR\"},{\"@type\":\"ImageObject\",\"@id\":\"https:\/\/assetz.meest.com.br\/es\/eventos\/cfo-transition-meeting\/#primaryimage\",\"inLanguage\":\"pt-BR\",\"url\":\"https:\/\/assetz.meest.com.br\/app\/uploads\/2021\/06\/iStock-1154789957.jpg\",\"contentUrl\":\"https:\/\/assetz.meest.com.br\/app\/uploads\/2021\/06\/iStock-1154789957.jpg\",\"width\":2120,\"height\":1193,\"caption\":\"[:pt]Rear view of businessman with luggage looking through window. Male executive is waiting in airport. He is going on business travel for work.[:]\"},{\"@type\":\"WebPage\",\"@id\":\"https:\/\/assetz.meest.com.br\/es\/eventos\/cfo-transition-meeting\/#webpage\",\"url\":\"https:\/\/assetz.meest.com.br\/es\/eventos\/cfo-transition-meeting\/\",\"name\":\"[:pt]Finance Executive Meeting[:en]Finance Executive Meeting[:] - Assetz\",\"isPartOf\":{\"@id\":\"https:\/\/assetz.meest.com.br\/#website\"},\"primaryImageOfPage\":{\"@id\":\"https:\/\/assetz.meest.com.br\/es\/eventos\/cfo-transition-meeting\/#primaryimage\"},\"datePublished\":\"2021-05-28T20:03:58+00:00\",\"dateModified\":\"2024-10-10T14:36:19+00:00\",\"breadcrumb\":{\"@id\":\"https:\/\/assetz.meest.com.br\/es\/eventos\/cfo-transition-meeting\/#breadcrumb\"},\"inLanguage\":\"pt-BR\",\"potentialAction\":[{\"@type\":\"ReadAction\",\"target\":[\"https:\/\/assetz.meest.com.br\/es\/eventos\/cfo-transition-meeting\/\"]}]},{\"@type\":\"BreadcrumbList\",\"@id\":\"https:\/\/assetz.meest.com.br\/es\/eventos\/cfo-transition-meeting\/#breadcrumb\",\"itemListElement\":[{\"@type\":\"ListItem\",\"position\":1,\"name\":\"Home\",\"item\":\"https:\/\/assetz.meest.com.br\/pt\/\"},{\"@type\":\"ListItem\",\"position\":2,\"name\":\"Eventos\",\"item\":\"https:\/\/assetz.meest.com.br\/pt\/eventos\/\"},{\"@type\":\"ListItem\",\"position\":3,\"name\":\"Finance Executive Meeting\"}]}]}<\/script>\n<!-- \/ Yoast SEO plugin. -->","_links":{"self":[{"href":"https:\/\/assetz.meest.com.br\/pt\/wp-json\/wp\/v2\/pages\/473","targetHints":{"allow":["GET"]}}],"collection":[{"href":"https:\/\/assetz.meest.com.br\/pt\/wp-json\/wp\/v2\/pages"}],"about":[{"href":"https:\/\/assetz.meest.com.br\/pt\/wp-json\/wp\/v2\/types\/page"}],"author":[{"embeddable":true,"href":"https:\/\/assetz.meest.com.br\/pt\/wp-json\/wp\/v2\/users\/1"}],"replies":[{"embeddable":true,"href":"https:\/\/assetz.meest.com.br\/pt\/wp-json\/wp\/v2\/comments?post=473"}],"version-history":[{"count":34,"href":"https:\/\/assetz.meest.com.br\/pt\/wp-json\/wp\/v2\/pages\/473\/revisions"}],"predecessor-version":[{"id":2856,"href":"https:\/\/assetz.meest.com.br\/pt\/wp-json\/wp\/v2\/pages\/473\/revisions\/2856"}],"up":[{"embeddable":true,"href":"https:\/\/assetz.meest.com.br\/pt\/wp-json\/wp\/v2\/pages\/138"}],"wp:featuredmedia":[{"embeddable":true,"href":"https:\/\/assetz.meest.com.br\/pt\/wp-json\/wp\/v2\/media\/1100"}],"wp:attachment":[{"href":"https:\/\/assetz.meest.com.br\/pt\/wp-json\/wp\/v2\/media?parent=473"}],"curies":[{"name":"wp","href":"https:\/\/api.w.org\/{rel}","templated":true}]}}