{"id":557,"date":"2021-06-01T17:29:29","date_gmt":"2021-06-01T20:29:29","guid":{"rendered":"https:\/\/assetz.meest.com.br\/pt\/?page_id=557"},"modified":"2024-06-13T18:24:41","modified_gmt":"2024-06-13T21:24:41","slug":"areas-de-especializacao","status":"publish","type":"page","link":"https:\/\/assetz.meest.com.br\/pt\/servicos\/areas-de-especializacao\/","title":{"rendered":"\u00c1reas de Especializa\u00e7\u00e3o"},"content":{"rendered":"\n<p>A \u00e1rea financeira \u00e9 cada vez mais vista como fundamental na defini\u00e7\u00e3o e no monitoramento da estrat\u00e9gia da companhia e tem atuado como pe\u00e7a-chave no desenvolvimento do neg\u00f3cio, ampliando sua responsabilidade e sua relev\u00e2ncia internamente.<\/p>\n\n\n\n<p>A Assetz, por ser dedicada a recrutar exclusivamente para Finan\u00e7as, consegue se manter sempre atualizada em rela\u00e7\u00e3o \u00e0s tend\u00eancias, \u00e0s tecnicidades, \u00e0s movimenta\u00e7\u00f5es dos Executivos e \u00e0s melhores pr\u00e1ticas da \u00e1rea.<\/p>\n\n\n\n<p>Assim, somos capazes de entender, de forma profunda, a descri\u00e7\u00e3o e os desafios da posi\u00e7\u00e3o que conduzimos em todas as disciplinas financeiras e em empresas dos mais variados setores da economia, estruturas acion\u00e1rias, nacionalidades e portes.<\/p>\n","protected":false},"excerpt":{"rendered":"<p>A \u00e1rea financeira \u00e9 cada vez mais vista como fundamental na defini\u00e7\u00e3o e no monitoramento da estrat\u00e9gia da companhia e tem atuado como pe\u00e7a-chave no desenvolvimento do neg\u00f3cio, ampliando sua responsabilidade e sua relev\u00e2ncia internamente. A Assetz, por ser dedicada a recrutar exclusivamente para Finan\u00e7as, consegue se manter sempre atualizada em rela\u00e7\u00e3o \u00e0s tend\u00eancias, \u00e0s &hellip; <a href=\"https:\/\/assetz.meest.com.br\/pt\/servicos\/areas-de-especializacao\/\">Continued<\/a><\/p>\n","protected":false},"author":1,"featured_media":1013,"parent":144,"menu_order":0,"comment_status":"closed","ping_status":"closed","template":"views\/template-services-especializacao.blade.php","meta":{"footnotes":""},"class_list":["post-557","page","type-page","status-publish","has-post-thumbnail","hentry"],"yoast_head":"<!-- This site is optimized with the Yoast SEO plugin v16.5 - https:\/\/yoast.com\/wordpress\/plugins\/seo\/ -->\n<title>\u00c1reas de Especializa\u00e7\u00e3o<\/title>\n<meta name=\"robots\" content=\"noindex, follow, max-snippet:-1, max-image-preview:large, max-video-preview:-1\" \/>\n<meta property=\"og:locale\" content=\"pt_BR\" \/>\n<meta property=\"og:locale:alternate\" content=\"en_US\" \/>\n<meta property=\"og:locale:alternate\" content=\"es_ES\" \/>\n<meta property=\"og:type\" content=\"article\" \/>\n<meta property=\"og:title\" content=\"\u00c1reas de Especializa\u00e7\u00e3o\" \/>\n<meta property=\"og:description\" content=\"A \u00e1rea financeira \u00e9 cada vez mais vista como fundamental na defini\u00e7\u00e3o e no monitoramento da estrat\u00e9gia da companhia e tem atuado como pe\u00e7a-chave no desenvolvimento do neg\u00f3cio, ampliando sua responsabilidade e sua relev\u00e2ncia internamente. A Assetz, por ser dedicada a recrutar exclusivamente para Finan\u00e7as, consegue se manter sempre atualizada em rela\u00e7\u00e3o \u00e0s tend\u00eancias, \u00e0s &hellip; Continued\" \/>\n<meta property=\"og:url\" content=\"https:\/\/assetz.meest.com.br\/pt\/servicos\/areas-de-especializacao\/\" \/>\n<meta property=\"og:site_name\" content=\"Assetz\" \/>\n<meta property=\"article:modified_time\" content=\"2024-06-13T21:24:41+00:00\" \/>\n<meta property=\"og:image\" content=\"https:\/\/www.assetz.com.br\/app\/uploads\/2021\/06\/iStock-1133767665.jpg\" \/>\n\t<meta property=\"og:image:width\" content=\"2109\" \/>\n\t<meta property=\"og:image:height\" content=\"517\" \/>\n<meta name=\"twitter:card\" content=\"summary_large_image\" \/>\n<meta name=\"twitter:label1\" content=\"Est. reading time\" \/>\n\t<meta name=\"twitter:data1\" content=\"1 minuto\" \/>\n<script type=\"application\/ld+json\" class=\"yoast-schema-graph\">{\"@context\":\"https:\/\/schema.org\",\"@graph\":[{\"@type\":\"WebSite\",\"@id\":\"https:\/\/assetz.meest.com.br\/#website\",\"url\":\"https:\/\/assetz.meest.com.br\/\",\"name\":\"Assetz\",\"description\":\"Excel\\u00eancia em Recrutamento e Sele\\u00e7\\u00e3o de Executivos de Finan\\u00e7as\",\"potentialAction\":[{\"@type\":\"SearchAction\",\"target\":\"https:\/\/assetz.meest.com.br\/?s={search_term_string}\",\"query-input\":\"required name=search_term_string\"}],\"inLanguage\":\"pt-BR\"},{\"@type\":\"ImageObject\",\"@id\":\"https:\/\/assetz.meest.com.br\/es\/servicos\/areas-de-especializacao\/#primaryimage\",\"inLanguage\":\"pt-BR\",\"url\":\"https:\/\/assetz.meest.com.br\/app\/uploads\/2021\/06\/iStock-1133767665.jpg\",\"contentUrl\":\"https:\/\/assetz.meest.com.br\/app\/uploads\/2021\/06\/iStock-1133767665.jpg\",\"width\":2109,\"height\":517,\"caption\":\"[:pt]Shot of thinking financial advisor businessman working at office.[:]\"},{\"@type\":\"WebPage\",\"@id\":\"https:\/\/assetz.meest.com.br\/es\/servicos\/areas-de-especializacao\/#webpage\",\"url\":\"https:\/\/assetz.meest.com.br\/es\/servicos\/areas-de-especializacao\/\",\"name\":\"[:pt]\\u00c1reas de Especializa\\u00e7\\u00e3o[:en]Specialization Areas[:es]\\u00c1reas de Especializaci\\u00f3n[:] - Assetz\",\"isPartOf\":{\"@id\":\"https:\/\/assetz.meest.com.br\/#website\"},\"primaryImageOfPage\":{\"@id\":\"https:\/\/assetz.meest.com.br\/es\/servicos\/areas-de-especializacao\/#primaryimage\"},\"datePublished\":\"2021-06-01T20:29:29+00:00\",\"dateModified\":\"2024-06-13T21:24:41+00:00\",\"breadcrumb\":{\"@id\":\"https:\/\/assetz.meest.com.br\/es\/servicos\/areas-de-especializacao\/#breadcrumb\"},\"inLanguage\":\"pt-BR\",\"potentialAction\":[{\"@type\":\"ReadAction\",\"target\":[\"https:\/\/assetz.meest.com.br\/es\/servicos\/areas-de-especializacao\/\"]}]},{\"@type\":\"BreadcrumbList\",\"@id\":\"https:\/\/assetz.meest.com.br\/es\/servicos\/areas-de-especializacao\/#breadcrumb\",\"itemListElement\":[{\"@type\":\"ListItem\",\"position\":1,\"name\":\"Home\",\"item\":\"https:\/\/assetz.meest.com.br\/pt\/\"},{\"@type\":\"ListItem\",\"position\":2,\"name\":\"Services\",\"item\":\"https:\/\/assetz.meest.com.br\/es\/servicos\/\"},{\"@type\":\"ListItem\",\"position\":3,\"name\":\"\\u00c1reas de Especializa\\u00e7\\u00e3o\"}]}]}<\/script>\n<!-- \/ Yoast SEO plugin. -->","_links":{"self":[{"href":"https:\/\/assetz.meest.com.br\/pt\/wp-json\/wp\/v2\/pages\/557","targetHints":{"allow":["GET"]}}],"collection":[{"href":"https:\/\/assetz.meest.com.br\/pt\/wp-json\/wp\/v2\/pages"}],"about":[{"href":"https:\/\/assetz.meest.com.br\/pt\/wp-json\/wp\/v2\/types\/page"}],"author":[{"embeddable":true,"href":"https:\/\/assetz.meest.com.br\/pt\/wp-json\/wp\/v2\/users\/1"}],"replies":[{"embeddable":true,"href":"https:\/\/assetz.meest.com.br\/pt\/wp-json\/wp\/v2\/comments?post=557"}],"version-history":[{"count":38,"href":"https:\/\/assetz.meest.com.br\/pt\/wp-json\/wp\/v2\/pages\/557\/revisions"}],"predecessor-version":[{"id":3665,"href":"https:\/\/assetz.meest.com.br\/pt\/wp-json\/wp\/v2\/pages\/557\/revisions\/3665"}],"up":[{"embeddable":true,"href":"https:\/\/assetz.meest.com.br\/pt\/wp-json\/wp\/v2\/pages\/144"}],"wp:featuredmedia":[{"embeddable":true,"href":"https:\/\/assetz.meest.com.br\/pt\/wp-json\/wp\/v2\/media\/1013"}],"wp:attachment":[{"href":"https:\/\/assetz.meest.com.br\/pt\/wp-json\/wp\/v2\/media?parent=557"}],"curies":[{"name":"wp","href":"https:\/\/api.w.org\/{rel}","templated":true}]}}