{"id":584,"date":"2021-06-02T09:41:25","date_gmt":"2021-06-02T12:41:25","guid":{"rendered":"https:\/\/assetz.meest.com.br\/pt\/?page_id=584"},"modified":"2024-04-09T10:23:17","modified_gmt":"2024-04-09T13:23:17","slug":"metodologia","status":"publish","type":"page","link":"https:\/\/assetz.meest.com.br\/pt\/servicos\/metodologia\/","title":{"rendered":"Metodologia"},"content":{"rendered":"\n<p>Durante a fase de \u201cExecu\u00e7\u00e3o\u201d do processo seletivo conduzido pela Assetz, realiza-se uma profunda avalia\u00e7\u00e3o do perfil do candidato.<\/p>\n\n\n\n<p>A Metodologia Assetz de avalia\u00e7\u00e3o do perfil profissional \u00e9 baseada em 3 pilares fundamentais e considera, tamb\u00e9m, a ader\u00eancia \u00e0 estrat\u00e9gia da organiza\u00e7\u00e3o.<\/p>\n\n\n\n<div style=\"height:29px\" aria-hidden=\"true\" class=\"wp-block-spacer\"><\/div>\n\n\n\n<h3 class=\"has-text-align-left wp-block-heading\">NOSSO MODELO DE AVALIA\u00c7\u00c3O DE PERFIL PROFISSIONAL<\/h3>\n\n\n\n<div style=\"height:29px\" aria-hidden=\"true\" class=\"wp-block-spacer\"><\/div>\n\n\n\n<div style=\"height:20px\" aria-hidden=\"true\" class=\"wp-block-spacer\"><\/div>\n\n\n\n<div class=\"wp-block-image is-style-default\"><figure class=\"aligncenter size-large\"><img loading=\"lazy\" decoding=\"async\" width=\"538\" height=\"583\" src=\"https:\/\/www.assetz.com.br\/app\/uploads\/2024\/04\/DFINAL-2.png\" alt=\"\" class=\"wp-image-3580\"\/><\/figure><\/div>\n\n\n\n<div class=\"wp-block-image\"><figure class=\"aligncenter size-large\"><img loading=\"lazy\" decoding=\"async\" width=\"549\" height=\"547\" src=\"https:\/\/www.assetz.com.br\/app\/uploads\/2024\/04\/Group-211.png\" alt=\"\" class=\"wp-image-3575\"\/><\/figure><\/div>\n\n\n\n<div class=\"wp-block-image\"><figure class=\"aligncenter size-large\"><img loading=\"lazy\" decoding=\"async\" width=\"549\" height=\"547\" src=\"https:\/\/www.assetz.com.br\/app\/uploads\/2024\/04\/Group-209.png\" alt=\"\" class=\"wp-image-3576\"\/><\/figure><\/div>\n\n\n\n<div class=\"wp-block-image\"><figure class=\"aligncenter size-large\"><img loading=\"lazy\" decoding=\"async\" width=\"549\" height=\"547\" src=\"https:\/\/www.assetz.com.br\/app\/uploads\/2024\/04\/Group-210.png\" alt=\"\" class=\"wp-image-3577\"\/><\/figure><\/div>\n\n\n\n<div style=\"height:37px\" aria-hidden=\"true\" class=\"wp-block-spacer\"><\/div>\n\n\n\n<p class=\"has-text-align-left\">Assim, busca-se, atrav\u00e9s desta Metodologia, analisar a ader\u00eancia do conhecimento t\u00e9cnico, das habilidades comportamentais e dos motivadores de carreira do candidato com a estrat\u00e9gia organizacional e as necessidades da companhia.<\/p>\n\n\n\n<div style=\"height:50px\" aria-hidden=\"true\" class=\"wp-block-spacer\"><\/div>\n","protected":false},"excerpt":{"rendered":"<p>Durante a fase de \u201cExecu\u00e7\u00e3o\u201d do processo seletivo conduzido pela Assetz, realiza-se uma profunda avalia\u00e7\u00e3o do perfil do candidato. A Metodologia Assetz de avalia\u00e7\u00e3o do perfil profissional \u00e9 baseada em 3 pilares fundamentais e considera, tamb\u00e9m, a ader\u00eancia \u00e0 estrat\u00e9gia da organiza\u00e7\u00e3o. NOSSO MODELO DE AVALIA\u00c7\u00c3O DE PERFIL PROFISSIONAL Assim, busca-se, atrav\u00e9s desta Metodologia, analisar &hellip; <a href=\"https:\/\/assetz.meest.com.br\/pt\/servicos\/metodologia\/\">Continued<\/a><\/p>\n","protected":false},"author":1,"featured_media":1015,"parent":144,"menu_order":0,"comment_status":"closed","ping_status":"closed","template":"","meta":{"footnotes":""},"class_list":["post-584","page","type-page","status-publish","has-post-thumbnail","hentry"],"yoast_head":"<!-- This site is optimized with the Yoast SEO plugin v16.5 - https:\/\/yoast.com\/wordpress\/plugins\/seo\/ -->\n<title>Metodologia<\/title>\n<meta name=\"robots\" content=\"noindex, follow, max-snippet:-1, max-image-preview:large, max-video-preview:-1\" \/>\n<meta property=\"og:locale\" content=\"pt_BR\" \/>\n<meta property=\"og:locale:alternate\" content=\"en_US\" \/>\n<meta property=\"og:locale:alternate\" content=\"es_ES\" \/>\n<meta property=\"og:type\" content=\"article\" \/>\n<meta property=\"og:title\" content=\"Metodologia\" \/>\n<meta property=\"og:description\" content=\"Durante a fase de \u201cExecu\u00e7\u00e3o\u201d do processo seletivo conduzido pela Assetz, realiza-se uma profunda avalia\u00e7\u00e3o do perfil do candidato. A Metodologia Assetz de avalia\u00e7\u00e3o do perfil profissional \u00e9 baseada em 3 pilares fundamentais e considera, tamb\u00e9m, a ader\u00eancia \u00e0 estrat\u00e9gia da organiza\u00e7\u00e3o. NOSSO MODELO DE AVALIA\u00c7\u00c3O DE PERFIL PROFISSIONAL Assim, busca-se, atrav\u00e9s desta Metodologia, analisar &hellip; Continued\" \/>\n<meta property=\"og:url\" content=\"https:\/\/assetz.meest.com.br\/pt\/servicos\/metodologia\/\" \/>\n<meta property=\"og:site_name\" content=\"Assetz\" \/>\n<meta property=\"article:modified_time\" content=\"2024-04-09T13:23:17+00:00\" \/>\n<meta property=\"og:image\" content=\"https:\/\/www.assetz.com.br\/app\/uploads\/2021\/06\/iStock-1320495197.jpg\" \/>\n\t<meta property=\"og:image:width\" content=\"3863\" \/>\n\t<meta property=\"og:image:height\" content=\"957\" \/>\n<meta name=\"twitter:card\" content=\"summary_large_image\" \/>\n<meta name=\"twitter:label1\" content=\"Est. reading time\" \/>\n\t<meta name=\"twitter:data1\" content=\"2 minutos\" \/>\n<script type=\"application\/ld+json\" class=\"yoast-schema-graph\">{\"@context\":\"https:\/\/schema.org\",\"@graph\":[{\"@type\":\"WebSite\",\"@id\":\"https:\/\/assetz.meest.com.br\/#website\",\"url\":\"https:\/\/assetz.meest.com.br\/\",\"name\":\"Assetz\",\"description\":\"Excel\\u00eancia em Recrutamento e Sele\\u00e7\\u00e3o de Executivos de Finan\\u00e7as\",\"potentialAction\":[{\"@type\":\"SearchAction\",\"target\":\"https:\/\/assetz.meest.com.br\/?s={search_term_string}\",\"query-input\":\"required name=search_term_string\"}],\"inLanguage\":\"pt-BR\"},{\"@type\":\"ImageObject\",\"@id\":\"https:\/\/assetz.meest.com.br\/es\/servicos\/metodologia\/#primaryimage\",\"inLanguage\":\"pt-BR\",\"url\":\"https:\/\/assetz.meest.com.br\/app\/uploads\/2021\/06\/iStock-1320495197.jpg\",\"contentUrl\":\"https:\/\/assetz.meest.com.br\/app\/uploads\/2021\/06\/iStock-1320495197.jpg\",\"width\":3863,\"height\":957,\"caption\":\"[:pt]Business team discussing over business ideas.[:]\"},{\"@type\":\"WebPage\",\"@id\":\"https:\/\/assetz.meest.com.br\/es\/servicos\/metodologia\/#webpage\",\"url\":\"https:\/\/assetz.meest.com.br\/es\/servicos\/metodologia\/\",\"name\":\"[:pt]Metodologia[:en]Methodology[:es]Metodolog\\u00eda[:] - Assetz\",\"isPartOf\":{\"@id\":\"https:\/\/assetz.meest.com.br\/#website\"},\"primaryImageOfPage\":{\"@id\":\"https:\/\/assetz.meest.com.br\/es\/servicos\/metodologia\/#primaryimage\"},\"datePublished\":\"2021-06-02T12:41:25+00:00\",\"dateModified\":\"2024-04-09T13:23:17+00:00\",\"breadcrumb\":{\"@id\":\"https:\/\/assetz.meest.com.br\/es\/servicos\/metodologia\/#breadcrumb\"},\"inLanguage\":\"pt-BR\",\"potentialAction\":[{\"@type\":\"ReadAction\",\"target\":[\"https:\/\/assetz.meest.com.br\/es\/servicos\/metodologia\/\"]}]},{\"@type\":\"BreadcrumbList\",\"@id\":\"https:\/\/assetz.meest.com.br\/es\/servicos\/metodologia\/#breadcrumb\",\"itemListElement\":[{\"@type\":\"ListItem\",\"position\":1,\"name\":\"Home\",\"item\":\"https:\/\/assetz.meest.com.br\/pt\/\"},{\"@type\":\"ListItem\",\"position\":2,\"name\":\"Services\",\"item\":\"https:\/\/assetz.meest.com.br\/es\/servicos\/\"},{\"@type\":\"ListItem\",\"position\":3,\"name\":\"Metodologia\"}]}]}<\/script>\n<!-- \/ Yoast SEO plugin. -->","_links":{"self":[{"href":"https:\/\/assetz.meest.com.br\/pt\/wp-json\/wp\/v2\/pages\/584","targetHints":{"allow":["GET"]}}],"collection":[{"href":"https:\/\/assetz.meest.com.br\/pt\/wp-json\/wp\/v2\/pages"}],"about":[{"href":"https:\/\/assetz.meest.com.br\/pt\/wp-json\/wp\/v2\/types\/page"}],"author":[{"embeddable":true,"href":"https:\/\/assetz.meest.com.br\/pt\/wp-json\/wp\/v2\/users\/1"}],"replies":[{"embeddable":true,"href":"https:\/\/assetz.meest.com.br\/pt\/wp-json\/wp\/v2\/comments?post=584"}],"version-history":[{"count":42,"href":"https:\/\/assetz.meest.com.br\/pt\/wp-json\/wp\/v2\/pages\/584\/revisions"}],"predecessor-version":[{"id":3581,"href":"https:\/\/assetz.meest.com.br\/pt\/wp-json\/wp\/v2\/pages\/584\/revisions\/3581"}],"up":[{"embeddable":true,"href":"https:\/\/assetz.meest.com.br\/pt\/wp-json\/wp\/v2\/pages\/144"}],"wp:featuredmedia":[{"embeddable":true,"href":"https:\/\/assetz.meest.com.br\/pt\/wp-json\/wp\/v2\/media\/1015"}],"wp:attachment":[{"href":"https:\/\/assetz.meest.com.br\/pt\/wp-json\/wp\/v2\/media?parent=584"}],"curies":[{"name":"wp","href":"https:\/\/api.w.org\/{rel}","templated":true}]}}